{"id":65,"date":"2020-08-24T09:49:39","date_gmt":"2020-08-24T09:49:39","guid":{"rendered":"https:\/\/rmt-nita.es\/?post_type=product&#038;p=65"},"modified":"2024-07-15T05:44:25","modified_gmt":"2024-07-15T05:44:25","slug":"nita-cotton-100","status":"publish","type":"product","link":"https:\/\/rmtinsulation.com\/es\/producto\/nita-cotton-100\/","title":{"rendered":"NITA COTTON \u00ae Placa de 100 mm espesor"},"content":{"rendered":"","protected":false},"excerpt":{"rendered":"<p>NITA COTTON\u00ae es un aislamiento t\u00e9rmico y ac\u00fastico a granel a base de fibras de algod\u00f3n procedentes del reciclado y regenerado de los retales de confecci\u00f3n.<br \/>\nCaracter\u00edsticas generales<br \/>\n\u2022Gran capacidad como aislamiento t\u00e9rmico y ac\u00fastico.<br \/>\n\u2022Composici\u00f3n a base de fibras de algod\u00f3n (aprox. 85%) y otras fibras textiles.<br \/>\n\u2022Material muy transpirable e higrosc\u00f3pico.<br \/>\n\u2022Material org\u00e1nico, renovable, reciclado y reciclable.<br \/>\n\u2022Evita la condensaci\u00f3n en c\u00e1maras de aislamiento.<br \/>\n\u2022Producto tratado contra los hongos y con retardante al fuego.<br \/>\n\u2022Libre de agentes t\u00f3xicos y\/o al\u00e9rgenos.<br \/>\n\u2022Material muy durable y resistente en el tiempo.<br \/>\n\u2022Material no abrasivo y de muy f\u00e1cil instalaci\u00f3n.<br \/>\n<iframe loading=\"lazy\" width=\"560\" height=\"315\" src=\"https:\/\/www.youtube.com\/embed\/HzMlz1AEgrw?si=tVQGkz4Lu02gGp0w\" title=\"YouTube video player\" frameborder=\"0\" allow=\"accelerometer; autoplay; clipboard-write; encrypted-media; gyroscope; picture-in-picture; web-share\" referrerpolicy=\"strict-origin-when-cross-origin\" allowfullscreen><\/iframe><\/p>\n","protected":false},"featured_media":86,"template":"","meta":[],"product_brand":[],"product_cat":[17],"product_tag":[],"class_list":{"0":"post-65","1":"product","2":"type-product","3":"status-publish","4":"has-post-thumbnail","6":"product_cat-rmt-nita-es","8":"first","9":"instock","10":"sold-individually","11":"taxable","12":"shipping-taxable","13":"purchasable","14":"product-type-simple"},"_links":{"self":[{"href":"https:\/\/rmtinsulation.com\/es\/wp-json\/wp\/v2\/product\/65","targetHints":{"allow":["GET"]}}],"collection":[{"href":"https:\/\/rmtinsulation.com\/es\/wp-json\/wp\/v2\/product"}],"about":[{"href":"https:\/\/rmtinsulation.com\/es\/wp-json\/wp\/v2\/types\/product"}],"wp:featuredmedia":[{"embeddable":true,"href":"https:\/\/rmtinsulation.com\/es\/wp-json\/wp\/v2\/media\/86"}],"wp:attachment":[{"href":"https:\/\/rmtinsulation.com\/es\/wp-json\/wp\/v2\/media?parent=65"}],"wp:term":[{"taxonomy":"product_brand","embeddable":true,"href":"https:\/\/rmtinsulation.com\/es\/wp-json\/wp\/v2\/product_brand?post=65"},{"taxonomy":"product_cat","embeddable":true,"href":"https:\/\/rmtinsulation.com\/es\/wp-json\/wp\/v2\/product_cat?post=65"},{"taxonomy":"product_tag","embeddable":true,"href":"https:\/\/rmtinsulation.com\/es\/wp-json\/wp\/v2\/product_tag?post=65"}],"curies":[{"name":"wp","href":"https:\/\/api.w.org\/{rel}","templated":true}]}}