{"id":63,"date":"2020-08-21T09:48:36","date_gmt":"2020-08-21T09:48:36","guid":{"rendered":"https:\/\/rmt-nita.es\/?post_type=product&#038;p=63"},"modified":"2022-05-14T22:26:57","modified_gmt":"2022-05-14T22:26:57","slug":"nita-hemp-aislamiento-termico-y-acustico-en-mantos","status":"publish","type":"product","link":"https:\/\/rmtinsulation.com\/es\/producto\/nita-hemp-aislamiento-termico-y-acustico-en-mantos\/","title":{"rendered":"NITA HEMP\u00ae Aislamiento t\u00e9rmico y ac\u00fastico en mantos"},"content":{"rendered":"","protected":false},"excerpt":{"rendered":"<p>NITA-HEMP\u00ae es un aislamiento t\u00e9rmico y ac\u00fastico en mantos, a base de fibras largas procedentes de la parte central de la planta de c\u00e1\u00f1amo (cannabis sativa). Se trata de un material natural y renovable.<br \/>\nCaracter\u00edsticas generales<br \/>\n\u2022Gran capacidad como aislamiento t\u00e9rmico y ac\u00fastico.<br \/>\n\u2022Composici\u00f3n a base de fibras de c\u00e1\u00f1amo (aprox. 85%) y ligantede poli\u00e9ster.<br \/>\n\u2022Material muy transpirable e higrosc\u00f3pico.<br \/>\n\u2022Material org\u00e1nico, reciclable y procedente de una fuente renovable.<br \/>\n\u2022Libre de agentes t\u00f3xicos y\/o al\u00e9rgenos.<br \/>\n\u2022No atrae a los roedores, las termitas o las polillas (no tiene prote\u00ednas).<br \/>\n\u2022Material muy durable y resistente en el tiempo.<br \/>\n\u2022Material no abrasivo y de muy f\u00e1cil instalaci\u00f3n.<\/p>\n","protected":false},"featured_media":84,"template":"","meta":[],"product_brand":[],"product_cat":[17],"product_tag":[],"class_list":{"0":"post-63","1":"product","2":"type-product","3":"status-publish","4":"has-post-thumbnail","6":"product_cat-rmt-nita-es","8":"first","9":"instock","10":"sold-individually","11":"taxable","12":"shipping-taxable","13":"purchasable","14":"product-type-simple"},"_links":{"self":[{"href":"https:\/\/rmtinsulation.com\/es\/wp-json\/wp\/v2\/product\/63","targetHints":{"allow":["GET"]}}],"collection":[{"href":"https:\/\/rmtinsulation.com\/es\/wp-json\/wp\/v2\/product"}],"about":[{"href":"https:\/\/rmtinsulation.com\/es\/wp-json\/wp\/v2\/types\/product"}],"wp:featuredmedia":[{"embeddable":true,"href":"https:\/\/rmtinsulation.com\/es\/wp-json\/wp\/v2\/media\/84"}],"wp:attachment":[{"href":"https:\/\/rmtinsulation.com\/es\/wp-json\/wp\/v2\/media?parent=63"}],"wp:term":[{"taxonomy":"product_brand","embeddable":true,"href":"https:\/\/rmtinsulation.com\/es\/wp-json\/wp\/v2\/product_brand?post=63"},{"taxonomy":"product_cat","embeddable":true,"href":"https:\/\/rmtinsulation.com\/es\/wp-json\/wp\/v2\/product_cat?post=63"},{"taxonomy":"product_tag","embeddable":true,"href":"https:\/\/rmtinsulation.com\/es\/wp-json\/wp\/v2\/product_tag?post=63"}],"curies":[{"name":"wp","href":"https:\/\/api.w.org\/{rel}","templated":true}]}}