{"id":59,"date":"2020-08-21T11:51:08","date_gmt":"2020-08-21T11:51:08","guid":{"rendered":"https:\/\/rmt-nita.es\/?post_type=product&#038;p=59"},"modified":"2024-07-15T05:39:06","modified_gmt":"2024-07-15T05:39:06","slug":"fieltro-punzonado","status":"publish","type":"product","link":"https:\/\/rmtinsulation.com\/es\/producto\/fieltro-punzonado\/","title":{"rendered":"NITA WOOL\u00ae Fieltro punzonado"},"content":{"rendered":"","protected":false},"excerpt":{"rendered":"<p>NITA<br \/>\nWOOL\u00ae es un aislamiento t\u00e9rmico y ac\u00fastico en fieltros termofijados , a base del recurso natural de la lana, que se genera en el proceso de la esquila de las ovejas, y poli\u00e9ster. Los fieltros de lana pueden tener muchas aplicaciones: Como aislamientos t\u00e9rmicos se pueden aplicar tanto en superficies de acabado (paredes y cortinas) como en el interior de trasdosados y falsos techos; y como aislamientos ac\u00fasticos son pr\u00e1cticos absorvedores de impacto bajo parquet , tambi\u00e9n evitan la reverberaci\u00f3n si se instalan como revestido de paredes y techos<br \/>\nCaracter\u00edsticas generales<br \/>\n\u2022Gran capacidad como aislamiento t\u00e9rmico y ac\u00fastico.<br \/>\n\u2022Composici\u00f3n a base de lana de oveja 100% natural y ligante de poli\u00e9ster.<br \/>\n\u2022Material muy transpirable e higrosc\u00f3pico (hasta un 33% de su peso).<br \/>\n\u2022Material reciclable, procedente de una fuente org\u00e1nica y renovable.<br \/>\n\u2022Evita la condensaci\u00f3n en c\u00e1maras de aislamiento.<br \/>\n\u2022Producto tratado contra los hongos, los insectos y con retardante al fuego.<br \/>\n\u2022Libre de agentes t\u00f3xicos y\/o al\u00e9rgenos.<br \/>\n\u2022Material muy durable y resistente en el tiempo.<br \/>\n\u2022Material no abrasivo y de muy f\u00e1cil instalaci\u00f3n.<\/p>\n<p><iframe loading=\"lazy\" title=\"YouTube video player\" src=\"https:\/\/www.youtube.com\/embed\/V9Kq8VDYqz0?si=LReP8FuRJ9v_PMFB\" width=\"560\" height=\"315\" frameborder=\"0\" allowfullscreen=\"allowfullscreen\"><\/iframe><\/p>\n","protected":false},"featured_media":80,"template":"","meta":[],"product_brand":[],"product_cat":[17],"product_tag":[],"class_list":{"0":"post-59","1":"product","2":"type-product","3":"status-publish","4":"has-post-thumbnail","6":"product_cat-rmt-nita-es","8":"first","9":"instock","10":"sold-individually","11":"taxable","12":"shipping-taxable","13":"purchasable","14":"product-type-simple"},"_links":{"self":[{"href":"https:\/\/rmtinsulation.com\/es\/wp-json\/wp\/v2\/product\/59","targetHints":{"allow":["GET"]}}],"collection":[{"href":"https:\/\/rmtinsulation.com\/es\/wp-json\/wp\/v2\/product"}],"about":[{"href":"https:\/\/rmtinsulation.com\/es\/wp-json\/wp\/v2\/types\/product"}],"wp:featuredmedia":[{"embeddable":true,"href":"https:\/\/rmtinsulation.com\/es\/wp-json\/wp\/v2\/media\/80"}],"wp:attachment":[{"href":"https:\/\/rmtinsulation.com\/es\/wp-json\/wp\/v2\/media?parent=59"}],"wp:term":[{"taxonomy":"product_brand","embeddable":true,"href":"https:\/\/rmtinsulation.com\/es\/wp-json\/wp\/v2\/product_brand?post=59"},{"taxonomy":"product_cat","embeddable":true,"href":"https:\/\/rmtinsulation.com\/es\/wp-json\/wp\/v2\/product_cat?post=59"},{"taxonomy":"product_tag","embeddable":true,"href":"https:\/\/rmtinsulation.com\/es\/wp-json\/wp\/v2\/product_tag?post=59"}],"curies":[{"name":"wp","href":"https:\/\/api.w.org\/{rel}","templated":true}]}}