{"id":48,"date":"2020-08-21T11:32:53","date_gmt":"2020-08-21T11:32:53","guid":{"rendered":"https:\/\/rmt-nita.es\/?post_type=product&#038;p=48"},"modified":"2022-05-14T22:26:41","modified_gmt":"2022-05-14T22:26:41","slug":"vegetal-cover-fieltro-de-fibras-vegetales","status":"publish","type":"product","link":"https:\/\/rmtinsulation.com\/es\/producto\/vegetal-cover-fieltro-de-fibras-vegetales\/","title":{"rendered":"VEGETAL COVER &#8211; Fieltro de fibras vegetales"},"content":{"rendered":"","protected":false},"excerpt":{"rendered":"<p>Vegetal Cover Es un compuesto de fibras procedentes mayoritariamente de recursos org\u00e1nicos y bio , la lana de oveja y el c\u00e1\u00f1amo (cannabis sativa). Del c\u00e1\u00f1amo se utilizan las fibras largas que se extraen de la parte central de la planta, y la lana<br \/>\nde oveja proviene de la esquila regular del animal, con fibras de 20 a 30 mm de largo y di\u00e1metro de 25 a 40 micras, previamente lavadas y tratadas con retardante al fuego, con propiedades fungicidas y protecci\u00f3n a los insectos.<\/p>\n<p>Caracter\u00edsticas generales<br \/>\n\u2022Gran capacidad como aislamiento t\u00e9rmico y ac\u00fastico.<br \/>\n\u2022Composici\u00f3n a base de fibras de c\u00e1\u00f1amo y lana de oveja (aprox . 42,5% c \u00e1\u00f1amo y 42,5% lana de<br \/>\noveja ), y ligante de poli\u00e9ster.<br \/>\n\u2022Material muy transpirable e higrosc\u00f3pico (hasta un 24% de su peso).<br \/>\n\u2022Material reciclable, procedente de una fuente org \u00e1nica y renovable<br \/>\n\u2022Evita la condensaci \u00f3n en c\u00e1maras de aislamiento.<br \/>\n\u2022Producto tratado contra los hongos, los insectos y con retardante al fuego.<br \/>\n\u2022Libre de agentes t\u00f3xicos y\/o al\u00e9rgenos.<br \/>\n\u2022Material muy durable y resistente en el tiempo.<br \/>\n\u2022Material no abrasivo y de muy f\u00e1cil instalaci\u00f3n.<\/p>\n","protected":false},"featured_media":78,"template":"","meta":[],"product_brand":[],"product_cat":[17],"product_tag":[],"class_list":{"0":"post-48","1":"product","2":"type-product","3":"status-publish","4":"has-post-thumbnail","6":"product_cat-rmt-nita-es","8":"first","9":"instock","10":"sold-individually","11":"taxable","12":"shipping-taxable","13":"purchasable","14":"product-type-simple"},"_links":{"self":[{"href":"https:\/\/rmtinsulation.com\/es\/wp-json\/wp\/v2\/product\/48","targetHints":{"allow":["GET"]}}],"collection":[{"href":"https:\/\/rmtinsulation.com\/es\/wp-json\/wp\/v2\/product"}],"about":[{"href":"https:\/\/rmtinsulation.com\/es\/wp-json\/wp\/v2\/types\/product"}],"wp:featuredmedia":[{"embeddable":true,"href":"https:\/\/rmtinsulation.com\/es\/wp-json\/wp\/v2\/media\/78"}],"wp:attachment":[{"href":"https:\/\/rmtinsulation.com\/es\/wp-json\/wp\/v2\/media?parent=48"}],"wp:term":[{"taxonomy":"product_brand","embeddable":true,"href":"https:\/\/rmtinsulation.com\/es\/wp-json\/wp\/v2\/product_brand?post=48"},{"taxonomy":"product_cat","embeddable":true,"href":"https:\/\/rmtinsulation.com\/es\/wp-json\/wp\/v2\/product_cat?post=48"},{"taxonomy":"product_tag","embeddable":true,"href":"https:\/\/rmtinsulation.com\/es\/wp-json\/wp\/v2\/product_tag?post=48"}],"curies":[{"name":"wp","href":"https:\/\/api.w.org\/{rel}","templated":true}]}}