{"id":315,"date":"2020-08-10T10:42:11","date_gmt":"2020-08-10T10:42:11","guid":{"rendered":"https:\/\/rmt-nita.es\/?post_type=product&#038;p=315"},"modified":"2022-05-14T22:26:32","modified_gmt":"2022-05-14T22:26:32","slug":"nita-car-103","status":"publish","type":"product","link":"https:\/\/rmtinsulation.com\/es\/producto\/nita-car-103\/","title":{"rendered":"NITA CAR\u00ae 103"},"content":{"rendered":"","protected":false},"excerpt":{"rendered":"<p>Es una m\u00e1quina dise\u00f1ada para el dosi\ufb01cado, insu\ufb02ado e inyectado de \ufb01bras NITA-WOOL\u00ae . Est\u00e1 equipada con alimentaci\u00f3n autom\u00e1tica y con gran variedad de regulaciones que permiten caudales de \ufb01bra regulares y de mucha esponjosidad.<\/p>\n","protected":false},"featured_media":314,"template":"","meta":[],"product_brand":[],"product_cat":[17],"product_tag":[],"class_list":{"0":"post-315","1":"product","2":"type-product","3":"status-publish","4":"has-post-thumbnail","6":"product_cat-rmt-nita-es","8":"first","9":"instock","10":"sold-individually","11":"taxable","12":"shipping-taxable","13":"purchasable","14":"product-type-simple"},"_links":{"self":[{"href":"https:\/\/rmtinsulation.com\/es\/wp-json\/wp\/v2\/product\/315","targetHints":{"allow":["GET"]}}],"collection":[{"href":"https:\/\/rmtinsulation.com\/es\/wp-json\/wp\/v2\/product"}],"about":[{"href":"https:\/\/rmtinsulation.com\/es\/wp-json\/wp\/v2\/types\/product"}],"wp:featuredmedia":[{"embeddable":true,"href":"https:\/\/rmtinsulation.com\/es\/wp-json\/wp\/v2\/media\/314"}],"wp:attachment":[{"href":"https:\/\/rmtinsulation.com\/es\/wp-json\/wp\/v2\/media?parent=315"}],"wp:term":[{"taxonomy":"product_brand","embeddable":true,"href":"https:\/\/rmtinsulation.com\/es\/wp-json\/wp\/v2\/product_brand?post=315"},{"taxonomy":"product_cat","embeddable":true,"href":"https:\/\/rmtinsulation.com\/es\/wp-json\/wp\/v2\/product_cat?post=315"},{"taxonomy":"product_tag","embeddable":true,"href":"https:\/\/rmtinsulation.com\/es\/wp-json\/wp\/v2\/product_tag?post=315"}],"curies":[{"name":"wp","href":"https:\/\/api.w.org\/{rel}","templated":true}]}}