{"id":312,"date":"2020-08-10T10:39:21","date_gmt":"2020-08-10T10:39:21","guid":{"rendered":"https:\/\/rmt-nita.es\/?post_type=product&#038;p=312"},"modified":"2022-05-14T22:26:42","modified_gmt":"2022-05-14T22:26:42","slug":"nita-car-101","status":"publish","type":"product","link":"https:\/\/rmtinsulation.com\/es\/producto\/nita-car-101\/","title":{"rendered":"NITA CAR\u00ae 101X"},"content":{"rendered":"","protected":false},"excerpt":{"rendered":"<p>Es una m\u00e1quina de alimentaci\u00f3n manual utilizada en trabajos de insu\ufb02ado e inyectado de \ufb01bras NITA-WOOL\u00ae, tanto en obra nueva como en rehabilitaci\u00f3n. Sus caracter\u00edsticas principales son la maniobrabilidad y la ergonom\u00eda.<\/p>\n","protected":false},"featured_media":313,"template":"","meta":[],"product_brand":[],"product_cat":[17],"product_tag":[],"class_list":{"0":"post-312","1":"product","2":"type-product","3":"status-publish","4":"has-post-thumbnail","6":"product_cat-rmt-nita-es","8":"first","9":"instock","10":"sold-individually","11":"taxable","12":"shipping-taxable","13":"purchasable","14":"product-type-simple"},"_links":{"self":[{"href":"https:\/\/rmtinsulation.com\/es\/wp-json\/wp\/v2\/product\/312","targetHints":{"allow":["GET"]}}],"collection":[{"href":"https:\/\/rmtinsulation.com\/es\/wp-json\/wp\/v2\/product"}],"about":[{"href":"https:\/\/rmtinsulation.com\/es\/wp-json\/wp\/v2\/types\/product"}],"wp:featuredmedia":[{"embeddable":true,"href":"https:\/\/rmtinsulation.com\/es\/wp-json\/wp\/v2\/media\/313"}],"wp:attachment":[{"href":"https:\/\/rmtinsulation.com\/es\/wp-json\/wp\/v2\/media?parent=312"}],"wp:term":[{"taxonomy":"product_brand","embeddable":true,"href":"https:\/\/rmtinsulation.com\/es\/wp-json\/wp\/v2\/product_brand?post=312"},{"taxonomy":"product_cat","embeddable":true,"href":"https:\/\/rmtinsulation.com\/es\/wp-json\/wp\/v2\/product_cat?post=312"},{"taxonomy":"product_tag","embeddable":true,"href":"https:\/\/rmtinsulation.com\/es\/wp-json\/wp\/v2\/product_tag?post=312"}],"curies":[{"name":"wp","href":"https:\/\/api.w.org\/{rel}","templated":true}]}}