{"id":504,"date":"2020-09-15T12:21:53","date_gmt":"2020-09-15T12:21:53","guid":{"rendered":"https:\/\/rmt-nita.es\/?page_id=504"},"modified":"2024-11-06T07:36:57","modified_gmt":"2024-11-06T07:36:57","slug":"proyectos","status":"publish","type":"page","link":"https:\/\/rmtinsulation.com\/es\/proyectos\/","title":{"rendered":"PROYECTOS"},"content":{"rendered":"<p>[vc_row css_animation=\u00bb\u00bb row_type=\u00bbrow\u00bb use_row_as_full_screen_section=\u00bbno\u00bb type=\u00bbfull_width\u00bb angled_section=\u00bbno\u00bb text_align=\u00bbleft\u00bb background_image_as_pattern=\u00bbwithout_pattern\u00bb][vc_column width=\u00bb1\/2&#8243;][vc_column_text]<strong>Escuela Santa Mar\u00eda de Avi\u00e0<\/strong><\/p>\n<p>El a\u00f1o 2016, RMT\u00a0 INSULATION particip\u00f3 en las obras del Ayuntamiento de Avi\u00e0 (Bergued\u00e0, Barcelona) para el aislamiento de la Escuela Santa Mar\u00eda de la misma localidad.<\/p>\n<p>En total se aislaron alrededor de 1000m2 utilizando algod\u00f3n ignifugo y la empresa Biomarc fue la encargada de realizar la instalaci\u00f3n.[\/vc_column_text][\/vc_column][vc_column width=\u00bb1\/2&#8243;][vc_gallery type=\u00bbimage_grid\u00bb images=\u00bb1367,1364,1363&#8243; img_size=\u00bbfull\u00bb column_number=\u00bb3&#8243; grayscale=\u00bbno\u00bb images_space=\u00bbgallery_without_space\u00bb][\/vc_column][\/vc_row][vc_row css_animation=\u00bb\u00bb row_type=\u00bbrow\u00bb use_row_as_full_screen_section=\u00bbno\u00bb type=\u00bbfull_width\u00bb angled_section=\u00bbno\u00bb text_align=\u00bbleft\u00bb background_image_as_pattern=\u00bbwithout_pattern\u00bb css=\u00bb.vc_custom_1590518234549{margin-top: 50px !important;margin-bottom: 100px !important;}\u00bb z_index=\u00bb\u00bb][vc_column width=\u00bb1\/2&#8243; css=\u00bb.vc_custom_1590518208396{margin-bottom: 20px !important;}\u00bb][vc_column_text]<\/p>\n<p class=\"p1\"><b>TO Solar Decathlon Europe &#8217;19<\/b><\/p>\n<p class=\"p1\"><b>Solar Decathlon<\/b> es un concurso, que desaf\u00eda a los equipos de estudiantes a dise\u00f1ar y construir edificios innovadores y de alta eficiencia alimentados por energ\u00eda renovable.<\/p>\n<p class=\"p1\">RMT ISOLATION ha participado como patrocinador al largo de diferentes a\u00f1os aportando sus aislantes de distintos formatos a modo de barrera t\u00e9rmica y ac\u00fastica en los edificios creados por los estudiantes de distintos centros educativos de Barcelona.<\/p>\n<p>[\/vc_column_text][vc_gallery type=\u00bbimage_grid\u00bb images=\u00bb512,513&#8243; img_size=\u00bbfull\u00bb column_number=\u00bb2&#8243; grayscale=\u00bbno\u00bb images_space=\u00bbgallery_without_space\u00bb css=\u00bb.vc_custom_1721021339820{padding-top: 20px !important;padding-bottom: 20px !important;}\u00bb][\/vc_column][vc_column width=\u00bb1\/2&#8243; css=\u00bb.vc_custom_1590518214616{margin-bottom: 20px !important;}\u00bb][vc_column_text]<\/p>\n<p class=\"p1\"><b>L\u2019AULA DE FUSTA GUILLEM CAT\u00c0 <\/b><\/p>\n<p class=\"p1\">Fabricaci\u00f3n de un aula de madera autosostenible. Dise\u00f1ada y fabricada en el mismo centro educativo en \u201cL\u2019Aula de Fusta Guillem Cat\u00e0\u201d 2018\/19.<\/p>\n<p class=\"p1\">RMT ISOLATION ha participado con el aislamiento de cotton a granel como colaborador, en la construcci\u00f3n de L\u2019Aula de Fusta.<\/p>\n<p class=\"p1\">Los alumnos de \u201cl\u2019aula de fusta Guillem Cat\u00e0\u201d de Manresa, han utilizado nuestro aislante como primera barrera t\u00e9rmica y ac\u00fastica de tierra como aislante de la fachada este y oeste del M\u00f3dulo.<\/p>\n<p>[\/vc_column_text][vc_gallery type=\u00bbimage_grid\u00bb images=\u00bb508,510&#8243; img_size=\u00bbfull\u00bb column_number=\u00bb2&#8243; grayscale=\u00bbno\u00bb images_space=\u00bbgallery_without_space\u00bb css=\u00bb.vc_custom_1721021343712{padding-top: 20px !important;padding-bottom: 20px !important;}\u00bb][\/vc_column][\/vc_row][vc_row css_animation=\u00bb\u00bb row_type=\u00bbrow\u00bb use_row_as_full_screen_section=\u00bbno\u00bb type=\u00bbfull_width\u00bb angled_section=\u00bbno\u00bb text_align=\u00bbleft\u00bb background_image_as_pattern=\u00bbwithout_pattern\u00bb css=\u00bb.vc_custom_1590518234549{margin-top: 50px !important;margin-bottom: 100px !important;}\u00bb z_index=\u00bb\u00bb][vc_column width=\u00bb1\/2&#8243; css=\u00bb.vc_custom_1590518208396{margin-bottom: 20px !important;}\u00bb][vc_column_text]<\/p>\n<div class=\"traductor-textarea form-group\">\n<div class=\"textarea-desti col-xs-12 col-sm-6\">\n<div class=\"form-control second-textarea\">\n<p>RMT\u00a0ISOLATION\u00a0ha recibido la concesi\u00f3n de\u00a0 la ayuda por parte de la Agencia\u00a0de Residuos de Catalu\u00f1a (ARCO), para llevar a cabo el\u00a0PROYECTO De IMPLEMENTACI\u00d3N De UN NUEVO EMBALAJE AISLADO Y SOSTENIBLE POR LA CONTENCI\u00d3N Y TRANSPORTE DE PRODUCTOS\u00a0\u201cECOPACK\u201d, dentro de la l\u00ednea de Ayudas para proyectos de\u00a0Fomento del\u00a0econom\u00eda\u00a0circular,\u00a0\u00a0TUS\/3340\/2020, con n\u00famero de expediente\u00a0ARCO 027\/20\/000057, a\u00f1o 2020.<\/p>\n<p>\u00abCon el apoyo de la Agencia de Residuos de Catalu\u00f1a\u00bb<\/p>\n<\/div>\n<\/div>\n<\/div>\n<p>[\/vc_column_text][vc_single_image image=\u00bb1102&#8243; img_size=\u00bbfull\u00bb qode_css_animation=\u00bb\u00bb][\/vc_column][vc_column width=\u00bb1\/2&#8243; css=\u00bb.vc_custom_1590518214616{margin-bottom: 20px !important;}\u00bb][vc_column_text]RMT\u00a0ISOLATION\u00a0 ha recibido la concesi\u00f3n de\u00a0 la ayuda\u00a0por parte de la Agencia\u00a0de Residuos de Catalu\u00f1a (ARCO)\u00a0, para llevar a cabo el PROYECTO De IMPLANTACI\u00d3N De UN NUEVO PRODUCTO AISLANTE ELABORADO A partir de FRACCI\u00d3N RESIDUAL DE LA LANA\u00a0\u201cMETXAWOOL\u201d, dentro de la l\u00ednea de Ayudas para proyectos de Fomento del\u00a0econom\u00eda\u00a0circular\u00a0TUS\/3340\/2020, con n\u00famero de expediente\u00a0ARC027\/20\/000051,\u00a0a\u00f1o 2020.<\/p>\n<p>\u00abCon el apoyo de\u00a0la Agencia de Residuos de Catalu\u00f1a\u00bb[\/vc_column_text][vc_single_image image=\u00bb1102&#8243; img_size=\u00bbfull\u00bb qode_css_animation=\u00bb\u00bb][\/vc_column][\/vc_row][vc_row css_animation=\u00bb\u00bb row_type=\u00bbrow\u00bb use_row_as_full_screen_section=\u00bbno\u00bb type=\u00bbfull_width\u00bb angled_section=\u00bbno\u00bb text_align=\u00bbleft\u00bb background_image_as_pattern=\u00bbwithout_pattern\u00bb][vc_column width=\u00bb1\/2&#8243;][vc_column_text]<\/p>\n<p style=\"text-align: justify;\"><strong>Aula de Natura del Parque del Falgar<\/strong><\/p>\n<p style=\"text-align: justify;\">Situada en la localidad de Les Franqueses del Vall\u00e8s, se trata de un centro de interpretaci\u00f3n del entorno, con actividades educativas y did\u00e1cticas, donde se explica el ciclo del agua y la flora y la fauna del parque del Falgar, as\u00ed como la recuperaci\u00f3n del Congost y la cuenca del Bes\u00f2s, las construcciones sostenibles, el municipio y el campesinado.<\/p>\n<p style=\"text-align: justify;\">RMT Isolation ha colaborado con Barnasfalt en el desarrollo de este espacio, aportando su producto de algod\u00f3n a granel, para aislar la cubierta, as\u00ed como los medios necesarios para su instalaci\u00f3n.<\/p>\n<p>[\/vc_column_text][vc_gallery type=\u00bbimage_grid\u00bb images=\u00bb1274,1275&#8243; img_size=\u00bbfull\u00bb column_number=\u00bb2&#8243; grayscale=\u00bbno\u00bb images_space=\u00bbgallery_without_space\u00bb css=\u00bb.vc_custom_1721021350203{padding-top: 20px !important;padding-bottom: 20px !important;}\u00bb][\/vc_column][vc_column width=\u00bb1\/2&#8243;][vc_column_text]<strong>IES La Vall del Tenes<\/strong><\/p>\n<p>RMT ISOLATION ha participado de nuevo junto con Barnasfalt, en este caso en un proyecto de construcci\u00f3n de cuatro nuevas aulas en el instituto IES la Vall del Tenes, de Santa Eul\u00e0lia de Ron\u00e7ana, aportando su producto a granel para aislar las paredes y la cubierta, as\u00ed como los medios para su instalaci\u00f3n usando su maquinaria propia (NITA CAR).[\/vc_column_text][vc_gallery type=\u00bbimage_grid\u00bb images=\u00bb1310,1309&#8243; img_size=\u00bbfull\u00bb column_number=\u00bb2&#8243; grayscale=\u00bbno\u00bb images_space=\u00bbgallery_without_space\u00bb][\/vc_column][\/vc_row][vc_row css_animation=\u00bb\u00bb row_type=\u00bbrow\u00bb use_row_as_full_screen_section=\u00bbno\u00bb type=\u00bbfull_width\u00bb angled_section=\u00bbno\u00bb text_align=\u00bbleft\u00bb background_image_as_pattern=\u00bbwithout_pattern\u00bb][vc_column width=\u00bb1\/2&#8243;][vc_column_text]<strong>100&#215;100 Biopasiva &#8211; CASA SOPHIA<\/strong><\/p>\n<p>100&#215;100 Biopasiva es una empresa ubicada en Madrid dedicada a la construcci\u00f3n y comercializaci\u00f3n de edificaciones pasivas de madera.<\/p>\n<p>RMT Isolation ha participado en el proyecto CASA SOPHIA, aportando su mecha de lana como aislante para los cercos de puertas y ventanas, en sustituci\u00f3n de materiales menos ecol\u00f3gicos.[\/vc_column_text][vc_single_image source=\u00bbexternal_link\u00bb external_img_size=\u00bb306&#215;330&#8243; onclick=\u00bblink_image\u00bb qode_css_animation=\u00bb\u00bb custom_src=\u00bbhttps:\/\/rmtinsulation.com\/wp-content\/uploads\/2022\/12\/WoolBand-3.jpeg\u00bb css=\u00bb.vc_custom_1721021360075{padding-top: 20px !important;padding-bottom: 20px !important;}\u00bb][\/vc_column][vc_column width=\u00bb1\/2&#8243;][vc_column_text]<strong>Solar Decathlon Europe 21\/22<\/strong><\/p>\n<p>En esta edici\u00f3n del certamen celebrado en Wuppertal (Alemania), el grupo Azalea de la Universidad Polit\u00e9cnica de Valencia ha participado con su proyecto Escal\u00e0, una vivienda inspirada en el barrio valenciano de El Cabanyal.<\/p>\n<p>RMT ISOLATION ha colaborado en el proyecto aportando diferentes productos como el algod\u00f3n a granel, los paneles de algod\u00f3n, a modo de aislamiento t\u00e9rmico y ac\u00fastico, utilizados en el relleno de m\u00f3dulos de madera, que forman parte de la estructura del edificio.[\/vc_column_text][vc_gallery type=\u00bbimage_grid\u00bb images=\u00bb1220,1219&#8243; img_size=\u00bbfull\u00bb column_number=\u00bb2&#8243; grayscale=\u00bbno\u00bb images_space=\u00bbgallery_without_space\u00bb css=\u00bb.vc_custom_1721021365264{padding-top: 20px !important;padding-bottom: 20px !important;}\u00bb][\/vc_column][\/vc_row][vc_row css_animation=\u00bb\u00bb row_type=\u00bbrow\u00bb use_row_as_full_screen_section=\u00bbno\u00bb type=\u00bbfull_width\u00bb angled_section=\u00bbno\u00bb text_align=\u00bbleft\u00bb background_image_as_pattern=\u00bbwithout_pattern\u00bb][vc_column width=\u00bb1\/2&#8243;][vc_column_text]<strong>ENERGIEHAUS ARQUITECTOS<\/strong><\/p>\n<p>Energie Haus es una entidad dedicada al dise\u00f1o y certiicaci\u00f3n de edificios de bajo consumo energ\u00e9tico, siguiendo los est\u00e1ndares de Passivhaus.<\/p>\n<p>A mediados de 2021, RMT ISOLATION colabor\u00f3 con ENERGIEHAUS en un proyecto de desarrollo de casas pasivas, aportando algunos de productos aislantes, como la mecha de lana o los paneles de algod\u00f3n en la rehabilitaci\u00f3n de un edificio del Passeig General Bassols de Barcelona.[\/vc_column_text][vc_gallery type=\u00bbimage_grid\u00bb images=\u00bb1245,1244&#8243; img_size=\u00bbfull\u00bb column_number=\u00bb2&#8243; grayscale=\u00bbno\u00bb images_space=\u00bbgallery_without_space\u00bb css=\u00bb.vc_custom_1721021369176{padding-top: 20px !important;padding-bottom: 20px !important;}\u00bb][\/vc_column][vc_column width=\u00bb1\/2&#8243;][vc_column_text]<\/p>\n<p class=\"p1\"><strong>PROYECTO DAP NAPA:<\/strong><\/p>\n<p class=\"p1\">RMT, SA ha recibido la ayuda concedida por parte de ACCI\u00d3, para recibir asesoramiento t\u00e9cnico en el PROYECTO ACV Y ELABORACI\u00d3N DECLARACI\u00d3N AMBIENTAL (DAP) DE UNA NAPA DE ALGOD\u00d3N RECICLADO AISLANTE dentro de la l\u00ednea de Ayudas de los Cupones GREEN , 2023.<\/p>\n<p class=\"p1\">Con el apoyo de ACCI\u00d3:<\/p>\n<p class=\"p2\"><i><span class=\"Apple-converted-space\">\u00a0<\/span><\/i><img loading=\"lazy\" decoding=\"async\" class=\"alignnone size-medium\" src=\"https:\/\/rmtinsulation.com\/wp-content\/uploads\/2022\/09\/Accio-300x50.png\" width=\"300\" height=\"50\" \/><\/p>\n<p>[\/vc_column_text][\/vc_column][\/vc_row]<\/p>\n","protected":false},"excerpt":{"rendered":"<p>[vc_row css_animation=\u00bb\u00bb row_type=\u00bbrow\u00bb use_row_as_full_screen_section=\u00bbno\u00bb type=\u00bbfull_width\u00bb angled_section=\u00bbno\u00bb text_align=\u00bbleft\u00bb background_image_as_pattern=\u00bbwithout_pattern\u00bb][vc_column width=\u00bb1\/2&#8243;][vc_column_text]Escuela Santa Mar\u00eda de Avi\u00e0 El a\u00f1o 2016, RMT\u00a0 INSULATION particip\u00f3 en&#8230;<\/p>\n","protected":false},"author":1,"featured_media":0,"parent":0,"menu_order":0,"comment_status":"closed","ping_status":"closed","template":"","meta":{"footnotes":""},"class_list":["post-504","page","type-page","status-publish","hentry"],"_links":{"self":[{"href":"https:\/\/rmtinsulation.com\/es\/wp-json\/wp\/v2\/pages\/504","targetHints":{"allow":["GET"]}}],"collection":[{"href":"https:\/\/rmtinsulation.com\/es\/wp-json\/wp\/v2\/pages"}],"about":[{"href":"https:\/\/rmtinsulation.com\/es\/wp-json\/wp\/v2\/types\/page"}],"author":[{"embeddable":true,"href":"https:\/\/rmtinsulation.com\/es\/wp-json\/wp\/v2\/users\/1"}],"replies":[{"embeddable":true,"href":"https:\/\/rmtinsulation.com\/es\/wp-json\/wp\/v2\/comments?post=504"}],"version-history":[{"count":47,"href":"https:\/\/rmtinsulation.com\/es\/wp-json\/wp\/v2\/pages\/504\/revisions"}],"predecessor-version":[{"id":1445,"href":"https:\/\/rmtinsulation.com\/es\/wp-json\/wp\/v2\/pages\/504\/revisions\/1445"}],"wp:attachment":[{"href":"https:\/\/rmtinsulation.com\/es\/wp-json\/wp\/v2\/media?parent=504"}],"curies":[{"name":"wp","href":"https:\/\/api.w.org\/{rel}","templated":true}]}}