{"id":494,"date":"2020-09-15T08:46:51","date_gmt":"2020-09-15T08:46:51","guid":{"rendered":"https:\/\/rmt-nita.es\/?page_id=494"},"modified":"2020-10-01T11:41:51","modified_gmt":"2020-10-01T11:41:51","slug":"faq","status":"publish","type":"page","link":"https:\/\/rmtinsulation.com\/es\/faq\/","title":{"rendered":"faq"},"content":{"rendered":"<p>[vc_row css_animation=\u00bb\u00bb row_type=\u00bbrow\u00bb use_row_as_full_screen_section=\u00bbno\u00bb type=\u00bbfull_width\u00bb angled_section=\u00bbno\u00bb text_align=\u00bbleft\u00bb background_image_as_pattern=\u00bbwithout_pattern\u00bb][vc_column]<div class=\"qode-accordion-holder clearfix qode-toggle qode-initial \">\n\t<h2 class=\"clearfix qode-title-holder\">\n<span class=\"qode-tab-title\">\n\t    <span class=\"qode-tab-title-inner\">\n        \u00bfEs necesario instalar una barrera de vapor antes de soplar?    <\/span>\n<\/span>\n<span class=\"qode-accordion-mark\">\n    <span class=\"qode-accordion-mark-icon\">\n        <span class=\"icon_plus\"><\/span>\n        <span class=\"icon_minus-06\"><\/span>\n    <\/span>\n<\/span>\n<\/h2>\n<div  class=\"qode-accordion-content \" >\n    <div class=\"qode-accordion-content-inner\">\n        [vc_column_text] En edificios nuevos, la pregunta no surge ya que la DTU requiere la implementaci\u00f3n de la estanqueidad con Sd \u2265 18m. Durante la renovaci\u00f3n, la instalaci\u00f3n de una membrana solo es obligatoria en el caso de un piso de soporte hecho de elementos peque\u00f1os con juntas ajustadas (por ejemplo, listones de madera). De lo contrario, esta pregunta se refiere al p\u00e1rrafo \u00a74.3.1 del CPT 3647 relativo a \u00abImplementaci\u00f3n de procesos de aislamiento t\u00e9rmico agregados a pisos de \u00e1ticos y \u00e1ticos perdidos &#8230;\u00bb. Los requisitos son un poco complejos, pero hay que conservar el caso m\u00e1s general que consiste en un techo de tejas ventiladas, un clima llano occidental fuera de la zona muy fr\u00eda y sin una superficie de distribuci\u00f3n por encima del aislamiento. En este caso la suma de las resistencias a la difusi\u00f3n de vapor del suelo de apoyo (ZDP) y del aislamiento (ZDI) debe ser> 3 m\u00b2.h.mmHg \/ g. Solo sepa que a partir de un R \u2265 6 m\u00b2K \/ W en Nita-Cotton, el ZDI por s\u00ed solo supera el requisito. Por tanto, la barrera de vapor no es necesaria.[\/vc_column_text]    <\/div>\n<\/div><h2 class=\"clearfix qode-title-holder\">\n<span class=\"qode-tab-title\">\n\t    <span class=\"qode-tab-title-inner\">\n        \u00bfDesde cu\u00e1ndo existe NITA-COTON?    <\/span>\n<\/span>\n<span class=\"qode-accordion-mark\">\n    <span class=\"qode-accordion-mark-icon\">\n        <span class=\"icon_plus\"><\/span>\n        <span class=\"icon_minus-06\"><\/span>\n    <\/span>\n<\/span>\n<\/h2>\n<div  class=\"qode-accordion-content \" >\n    <div class=\"qode-accordion-content-inner\">\n        [vc_column_text]En 1992, RMT cre\u00f3 su proceso de blanqueo de lana seca. Esto abre las puertas a otras aplicaciones y tratamientos espec\u00edficos (incluidos los retardadores de llama y de hongos). De ah\u00ed nacen los primeros algodones tratados. NITA-COTON como lo conocemos hoy apareci\u00f3 oficialmente el d\u00eda de su primera aprobaci\u00f3n t\u00e9cnica europea (ETA 10\/0311) en 2010.[\/vc_column_text]    <\/div>\n<\/div><h2 class=\"clearfix qode-title-holder\">\n<span class=\"qode-tab-title\">\n\t    <span class=\"qode-tab-title-inner\">\n        \u00bfSe puede utilizar NITA-COTON en edificios p\u00fablicos?    <\/span>\n<\/span>\n<span class=\"qode-accordion-mark\">\n    <span class=\"qode-accordion-mark-icon\">\n        <span class=\"icon_plus\"><\/span>\n        <span class=\"icon_minus-06\"><\/span>\n    <\/span>\n<\/span>\n<\/h2>\n<div  class=\"qode-accordion-content \" >\n    <div class=\"qode-accordion-content-inner\">\n        [vc_column_text]De acuerdo con el p\u00e1rrafo \u00a71 b) del art\u00edculo AM 8 del reglamento de seguridad contra incendios para establecimientos abiertos al p\u00fablico, todos los aislamientos de base biol\u00f3gica y los llamados \u201ccombustibles\u201d son perfectamente utilizables siempre que no est\u00e9n en contacto directo con los espacios. de vida y se coloca detr\u00e1s de las pantallas de fuego \u00bc hora en el piso y la pared y \u00bd hora en el techo. El uso y caracter\u00edsticas de estas pantallas (ej .: BA13) se detallan en la gu\u00eda de uso de aislamientos combustibles en edificios p\u00fablicos, que acompa\u00f1a al documento en el anexo II. (fuente: www.sitesecurite.com)[\/vc_column_text]    <\/div>\n<\/div><h2 class=\"clearfix qode-title-holder\">\n<span class=\"qode-tab-title\">\n\t    <span class=\"qode-tab-title-inner\">\n        \u00bfCu\u00e1l es la reacci\u00f3n al fuego de NITA-COTON?    <\/span>\n<\/span>\n<span class=\"qode-accordion-mark\">\n    <span class=\"qode-accordion-mark-icon\">\n        <span class=\"icon_plus\"><\/span>\n        <span class=\"icon_minus-06\"><\/span>\n    <\/span>\n<\/span>\n<\/h2>\n<div  class=\"qode-accordion-content \" >\n    <div class=\"qode-accordion-content-inner\">\n        [vc_column_text]<br \/>\nComo ocurre con todos los materiales sujetos al marcado CE, la reacci\u00f3n al fuego est\u00e1 definida por la Euroclase. NITA-COTON se beneficia de una clasificaci\u00f3n B-S2, d0 continuamente certificada por un tercero seg\u00fan el sistema 1 del marcado CE, que representa la mejor clasificaci\u00f3n posible para un material de base biol\u00f3gica. La clase B se define como \u00abcombustible no inflamable\u00bb y \u00abautoextinguible\u00bb.[\/vc_column_text]    <\/div>\n<\/div><h2 class=\"clearfix qode-title-holder\">\n<span class=\"qode-tab-title\">\n\t    <span class=\"qode-tab-title-inner\">\n        \u00bfPodemos utilizar NITA-COTON en las paredes?    <\/span>\n<\/span>\n<span class=\"qode-accordion-mark\">\n    <span class=\"qode-accordion-mark-icon\">\n        <span class=\"icon_plus\"><\/span>\n        <span class=\"icon_minus-06\"><\/span>\n    <\/span>\n<\/span>\n<\/h2>\n<div  class=\"qode-accordion-content \" >\n    <div class=\"qode-accordion-content-inner\">\n        [vc_column_text]El proceso de insuflaci\u00f3n a\u00fan no es relevante porque requiere caracter\u00edsticas de m\u00e1quina exigentes. Los paneles y rollos t\u00e9rmicamente unidos est\u00e1n en proceso de adaptaci\u00f3n y se ofrecer\u00e1n muy pronto.[\/vc_column_text]    <\/div>\n<\/div><h2 class=\"clearfix qode-title-holder\">\n<span class=\"qode-tab-title\">\n\t    <span class=\"qode-tab-title-inner\">\n        Durante la renovaci\u00f3n, \u00bfdeber\u00edamos quitar el antiguo aislamiento?    <\/span>\n<\/span>\n<span class=\"qode-accordion-mark\">\n    <span class=\"qode-accordion-mark-icon\">\n        <span class=\"icon_plus\"><\/span>\n        <span class=\"icon_minus-06\"><\/span>\n    <\/span>\n<\/span>\n<\/h2>\n<div  class=\"qode-accordion-content \" >\n    <div class=\"qode-accordion-content-inner\">\n        [vc_column_text]Dado que el coeficiente de permeabilidad a la difusi\u00f3n de vapor es muy bajo, no hay ning\u00fan problema importante en soplar NITA-COTON sobre el aislamiento antiguo. La verdadera pregunta es, \u00bfqu\u00e9 hay debajo? Una fuente de calor permanente como un foco o cualquier otro elemento el\u00e9ctrico podr\u00eda, por ejemplo, no presentar ning\u00fan problema hasta ahora debido a un aislamiento muy bajo. El aislamiento adicional provoca entonces un efecto de contenci\u00f3n de esta fuente de calor y, por tanto, una fuente de riesgo importante. \u00bfRealmente desea cubrir los excrementos de roedores o el crecimiento de hongos para siempre? Por varias razones como estas, recomendamos quitar el aislamiento antiguo.[\/vc_column_text]    <\/div>\n<\/div><\/div>[\/vc_column][\/vc_row]<\/p>\n","protected":false},"excerpt":{"rendered":"<p>[vc_row css_animation=\u00bb\u00bb row_type=\u00bbrow\u00bb use_row_as_full_screen_section=\u00bbno\u00bb type=\u00bbfull_width\u00bb angled_section=\u00bbno\u00bb text_align=\u00bbleft\u00bb background_image_as_pattern=\u00bbwithout_pattern\u00bb][vc_column][\/vc_column][\/vc_row]<\/p>\n","protected":false},"author":1,"featured_media":0,"parent":0,"menu_order":0,"comment_status":"closed","ping_status":"closed","template":"","meta":{"footnotes":""},"class_list":["post-494","page","type-page","status-publish","hentry"],"_links":{"self":[{"href":"https:\/\/rmtinsulation.com\/es\/wp-json\/wp\/v2\/pages\/494","targetHints":{"allow":["GET"]}}],"collection":[{"href":"https:\/\/rmtinsulation.com\/es\/wp-json\/wp\/v2\/pages"}],"about":[{"href":"https:\/\/rmtinsulation.com\/es\/wp-json\/wp\/v2\/types\/page"}],"author":[{"embeddable":true,"href":"https:\/\/rmtinsulation.com\/es\/wp-json\/wp\/v2\/users\/1"}],"replies":[{"embeddable":true,"href":"https:\/\/rmtinsulation.com\/es\/wp-json\/wp\/v2\/comments?post=494"}],"version-history":[{"count":5,"href":"https:\/\/rmtinsulation.com\/es\/wp-json\/wp\/v2\/pages\/494\/revisions"}],"predecessor-version":[{"id":751,"href":"https:\/\/rmtinsulation.com\/es\/wp-json\/wp\/v2\/pages\/494\/revisions\/751"}],"wp:attachment":[{"href":"https:\/\/rmtinsulation.com\/es\/wp-json\/wp\/v2\/media?parent=494"}],"curies":[{"name":"wp","href":"https:\/\/api.w.org\/{rel}","templated":true}]}}