{"id":469,"date":"2020-09-12T16:51:33","date_gmt":"2020-09-12T16:51:33","guid":{"rendered":"https:\/\/rmt-nita.es\/?page_id=469"},"modified":"2020-09-23T08:45:04","modified_gmt":"2020-09-23T08:45:04","slug":"politica-de-cookies","status":"publish","type":"page","link":"https:\/\/rmtinsulation.com\/es\/politica-de-cookies\/","title":{"rendered":"POL\u00cdTICA DE COOKIES"},"content":{"rendered":"<p>[vc_row css_animation=\u00bb\u00bb row_type=\u00bbrow\u00bb use_row_as_full_screen_section=\u00bbno\u00bb type=\u00bbfull_width\u00bb angled_section=\u00bbno\u00bb text_align=\u00bbleft\u00bb background_image_as_pattern=\u00bbwithout_pattern\u00bb css=\u00bb.vc_custom_1590544880248{margin-top: 20px !important;margin-bottom: 120px !important;}\u00bb z_index=\u00bb\u00bb][vc_column][vc_column_text]<\/p>\r\n<div id=\"object_3021\" class=\"website_module\">\r\n<div class=\"mod_title f_title\">\r\n<p class=\"p1\"><b> Pol\u00edtica de cookies<\/b><\/p>\r\n<p class=\"p2\">En cumplimiento del Real Decreto Ley 13\/2012, del 30 de marzo por el que se modifica la Ley de Servicios de Sociedad de la Informaci\u00f3n; y de la propia Ley 34\/2002, de 11 de julio, de servicios de la sociedad de la informaci\u00f3n y de comercio electr\u00f3nico, relativo a la utilizaci\u00f3n de cookies en p\u00e1ginas Webs;\u00a0RMT ISOLATION, S.L. \u00a0le informa que, este sitio Web, utiliza cookies para poder medir y analizar el tr\u00e1fico de la Web, para facilitarle su experiencia como usuario y ofrecerle un mejor servicio. Si lo desea puede configurar su navegador para ser avisado en pantalla de la recepci\u00f3n de cookies o bien para impedir la instalaci\u00f3n de las mismas, teniendo en cuenta que de esta forma dejar\u00eda de tener acceso a ciertas funciones en Internet.<\/p>\r\n<p class=\"p1\"><b>Definici\u00f3n y funci\u00f3n de las Cookies<\/b><\/p>\r\n<p class=\"p2\">Una cookie es un peque\u00f1o archivo creado por un sitio de Internet para almacenar informaci\u00f3n en su equipo, como, por ejemplo, las preferencias cuando se visita una web. Cuando se accede a una p\u00e1gina Web que utiliza cookies, \u00e9sta solicita al navegador que guarde una o m\u00e1s cookies en el disco duro. Las cookies a menudo guardan la configuraci\u00f3n de los sitios web, como el idioma preferido o la ubicaci\u00f3n, as\u00ed, cuando el usuario vuelve a esa p\u00e1gina Web, el navegador env\u00eda de nuevo las cookies que le pertenecen, lo que le permite prestar servicio e informaci\u00f3n personalizada en funci\u00f3n de las necesidades. Las cookies tambi\u00e9n pueden llegar a guardar informaci\u00f3n que identifique personalmente a los usuarios, sin embargo, este sitio web no utiliza este tipo de cookies, y s\u00f3lo tendr\u00e1 acceso a la informaci\u00f3n personal que usted proporcione a trav\u00e9s de los formularios de contacto o v\u00eda correo electr\u00f3nico. Se puede cambiar la configuraci\u00f3n de cookies del navegador que usted utiliza, para que le permita aprobar o rechazar autom\u00e1ticamente peticiones de almacenamiento de cookies cuando se cierra el navegador y otras opciones adicionales.<\/p>\r\n<p class=\"p1\"><b>Tipos de cookies que utiliza esta p\u00e1gina Web<\/b><\/p>\r\n<p class=\"p3\"><span class=\"s1\">T\u00e9cnicas<\/span>. Este tipo de cookies facilita informaci\u00f3n sobre el uso que el usuario realiza de la Web, como, por ejemplo, qu\u00e9 paginas ha visitado o si ha tenido problemas t\u00e9cnicos en los accesos. Estas cookies no permiten identificarle, puesto que la informaci\u00f3n que recogen es an\u00f3nima y ser\u00e1 utilizada \u00fanicamente para trabajos de mejora de dise\u00f1o de la p\u00e1gina y de navegaci\u00f3n, estad\u00edsticas de uso, etc. Permiten que la web funcione de forma m\u00e1s \u00e1gil y adaptada a las preferencias de los usuarios.<\/p>\r\n<p class=\"p3\"><span class=\"s1\">De registro<\/span>. Se crean al registrarte o cuando inicia una sesi\u00f3n como usuario de la Web.<\/p>\r\n<p class=\"p3\"><span class=\"s1\">De personalizaci\u00f3n<\/span>. Permiten personalizar las funciones o contenidos del sitio web en funci\u00f3n de los datos obtenidos del navegador.<\/p>\r\n<p class=\"p3\"><span class=\"s1\">Anal\u00edticas<\/span>. Se utilizan con fines estad\u00edsticos. La informaci\u00f3n se utiliza para medici\u00f3n de la actividad en el sitio web, mediante Google Analytics, herramienta gratuita de an\u00e1lisis web proporcionada por Google, que principalmente permite a los propietarios de sitios web conocer c\u00f3mo interact\u00faan los usuarios con su sitio web. Este servicio de anal\u00edtica web ubica una serie de cookies en su ordenador con la \u00fanica finalidad de configurar estad\u00edsticas.<\/p>\r\n<p class=\"p3\"><span class=\"s1\">Preferencias<\/span>. Estas cookies nos permiten saber si usted ha visitado antes nuestro sitio o no. La p\u00e9rdida de la informaci\u00f3n almacenada en una cookie de preferencias puede hacer que la experiencia del sitio web sea menos funcional, pero no debe afectar a su funcionamiento.<\/p>\r\n<p class=\"p3\"><span class=\"s1\">Estado de la sesi\u00f3n<\/span>. Estas cookies guardan la informaci\u00f3n necesaria durante la sesi\u00f3n y los cambios relacionados con ella, y tambi\u00e9n determinan si est\u00e1 registrado o no en la web.<\/p>\r\n<p class=\"p3\"><span class=\"s1\">Procesos<\/span>. Las cookies de procesos permiten el funcionamiento del sitio web y ofrecen servicios esperados por el usuario que accede al sitio web como, por ejemplo, la navegaci\u00f3n por p\u00e1ginas web o el acceso a \u00e1reas seguras del sitio web.<\/p>\r\n<p class=\"p3\">Relaci\u00f3n de Cookies utilizadas por el dominio\u00a0<a href=\"http:\/\/www.rmtinsulation.com\"><span class=\"s2\">www.rmtinsulation.com<\/span><\/a><\/p>\r\n<p class=\"p3\"><span class=\"s1\"><b>Cookies Anal\u00edticas<\/b><\/span><\/p>\r\n<table class=\"t1\" cellspacing=\"0\" cellpadding=\"0\">\r\n<tbody>\r\n<tr>\r\n<td class=\"td1\" valign=\"middle\">\r\n<p class=\"p4\"><b>Nombre<\/b><\/p>\r\n<\/td>\r\n<td class=\"td2\" valign=\"middle\">\r\n<p class=\"p4\"><b>Descripci\u00f3n<\/b><\/p>\r\n<\/td>\r\n<td class=\"td3\" valign=\"middle\">\r\n<p class=\"p4\"><b>Empresa<\/b><\/p>\r\n<\/td>\r\n<td class=\"td4\" valign=\"middle\">\r\n<p class=\"p4\"><b>Duraci\u00f3n<\/b><\/p>\r\n<\/td>\r\n<\/tr>\r\n<tr>\r\n<td class=\"td5\" valign=\"top\">\r\n<p class=\"p4\">1P_JAR<\/p>\r\n<\/td>\r\n<td class=\"td6\" valign=\"top\">\r\n<p class=\"p4\">Transfiere datos a Google.<\/p>\r\n<\/td>\r\n<td class=\"td7\" valign=\"top\">\r\n<p class=\"p4\">Google<\/p>\r\n<\/td>\r\n<td class=\"td8\" valign=\"top\">\r\n<p class=\"p4\">2 meses<\/p>\r\n<\/td>\r\n<\/tr>\r\n<tr>\r\n<td class=\"td9\" valign=\"top\">\r\n<p class=\"p4\">APISID<\/p>\r\n<\/td>\r\n<td class=\"td10\" valign=\"top\">\r\n<p class=\"p4\">Guarda preferencias de usuario y otra informaci\u00f3n de los servicios de Google que tiene el usuario, informaci\u00f3n de las cuentas de Google del usuario y permite que comparta en Google+.<\/p>\r\n<\/td>\r\n<td class=\"td11\" valign=\"top\">\r\n<p class=\"p4\">Google<\/p>\r\n<\/td>\r\n<td class=\"td12\" valign=\"top\">\r\n<p class=\"p4\">2 a\u00f1os<\/p>\r\n<\/td>\r\n<\/tr>\r\n<tr>\r\n<td class=\"td13\" valign=\"top\">\r\n<p class=\"p4\">HSID<\/p>\r\n<\/td>\r\n<td class=\"td14\" valign=\"top\">\r\n<p class=\"p4\">Guarda preferencias de usuario y otra informaci\u00f3n de los servicios de Google que tiene el usuario, informaci\u00f3n de las cuentas de Google del usuario y permite que comparta en Google+.<\/p>\r\n<\/td>\r\n<td class=\"td15\" valign=\"top\">\r\n<p class=\"p4\">Google<\/p>\r\n<\/td>\r\n<td class=\"td16\" valign=\"top\">\r\n<p class=\"p4\">2 a\u00f1os<\/p>\r\n<\/td>\r\n<\/tr>\r\n<tr>\r\n<td class=\"td17\" valign=\"top\">\r\n<p class=\"p4\">NID<\/p>\r\n<\/td>\r\n<td class=\"td18\" valign=\"top\">\r\n<p class=\"p4\">Guarda preferencias de usuario y otra informaci\u00f3n de los servicios de Google que tiene el usuario, informaci\u00f3n de las cuentas de Google del usuario y permite que comparta en Google+. Visualizaci\u00f3n de mapas mediante Google Maps.<\/p>\r\n<\/td>\r\n<td class=\"td19\" valign=\"top\">\r\n<p class=\"p4\">Google<\/p>\r\n<\/td>\r\n<td class=\"td20\" valign=\"top\">\r\n<p class=\"p4\">6 meses<\/p>\r\n<\/td>\r\n<\/tr>\r\n<tr>\r\n<td class=\"td13\" valign=\"top\">\r\n<p class=\"p4\">SAPISID<\/p>\r\n<\/td>\r\n<td class=\"td14\" valign=\"top\">\r\n<p class=\"p4\">Guarda preferencias de usuario y otra informaci\u00f3n de los servicios de Google que tiene el usuario, informaci\u00f3n de las cuentas de Google del usuario y permite que comparta en Google+.<\/p>\r\n<\/td>\r\n<td class=\"td15\" valign=\"top\">\r\n<p class=\"p4\">Google<\/p>\r\n<\/td>\r\n<td class=\"td16\" valign=\"top\">\r\n<p class=\"p4\">2 a\u00f1os<\/p>\r\n<\/td>\r\n<\/tr>\r\n<tr>\r\n<td class=\"td9\" valign=\"top\">\r\n<p class=\"p4\">SID<\/p>\r\n<\/td>\r\n<td class=\"td10\" valign=\"top\">\r\n<p class=\"p4\">Guarda preferencias de usuario y otra informaci\u00f3n de los servicios de Google que tiene el usuario, informaci\u00f3n de las cuentas de Google del usuario y permite que comparta en Google+.<\/p>\r\n<\/td>\r\n<td class=\"td11\" valign=\"top\">\r\n<p class=\"p4\">Google<\/p>\r\n<\/td>\r\n<td class=\"td12\" valign=\"top\">\r\n<p class=\"p4\">2 a\u00f1os<\/p>\r\n<\/td>\r\n<\/tr>\r\n<tr>\r\n<td class=\"td1\" valign=\"top\">\r\n<p class=\"p4\">SIDCC<\/p>\r\n<\/td>\r\n<td class=\"td2\" valign=\"top\">\r\n<p class=\"p4\">Cookie de seguridad para proteger los datos de los usuarios del acceso no autorizado.<\/p>\r\n<\/td>\r\n<td class=\"td3\" valign=\"top\">\r\n<p class=\"p4\">Google<\/p>\r\n<\/td>\r\n<td class=\"td4\" valign=\"top\">\r\n<p class=\"p4\">2-4 meses<\/p>\r\n<\/td>\r\n<\/tr>\r\n<tr>\r\n<td class=\"td13\" valign=\"top\">\r\n<p class=\"p4\">SSID<\/p>\r\n<\/td>\r\n<td class=\"td14\" valign=\"top\">\r\n<p class=\"p4\">Guarda preferencias de usuario y otra informaci\u00f3n de los servicios de Google que tiene el usuario, informaci\u00f3n de las cuentas de Google del usuario y permite que comparta en Google+.<\/p>\r\n<\/td>\r\n<td class=\"td15\" valign=\"top\">\r\n<p class=\"p4\">Google<\/p>\r\n<\/td>\r\n<td class=\"td16\" valign=\"top\">\r\n<p class=\"p4\">2 a\u00f1os<\/p>\r\n<\/td>\r\n<\/tr>\r\n<tr>\r\n<td class=\"td21\" valign=\"top\">\r\n<p class=\"p4\">GAPS<\/p>\r\n<\/td>\r\n<td class=\"td22\" valign=\"top\">\r\n<p class=\"p4\">Identificar al usuario e identificar sus preferencias.<\/p>\r\n<p class=\"p4\">accounts.google.com<\/p>\r\n<\/td>\r\n<td class=\"td23\" valign=\"top\">\r\n<p class=\"p4\">Google<\/p>\r\n<\/td>\r\n<td class=\"td24\" valign=\"top\">\r\n<p class=\"p4\">2 a\u00f1os<\/p>\r\n<\/td>\r\n<\/tr>\r\n<tr>\r\n<td class=\"td25\" valign=\"top\">\r\n<p class=\"p4\">LSID<\/p>\r\n<\/td>\r\n<td class=\"td26\" valign=\"top\">\r\n<p class=\"p4\">Permite compartir contenido en la redes social Google+.<\/p>\r\n<p class=\"p4\">accounts.google.com<\/p>\r\n<\/td>\r\n<td class=\"td27\" valign=\"top\">\r\n<p class=\"p4\">Google<\/p>\r\n<\/td>\r\n<td class=\"td28\" valign=\"top\">\r\n<p class=\"p4\">2 a\u00f1os<\/p>\r\n<\/td>\r\n<\/tr>\r\n<tr>\r\n<td class=\"td5\" valign=\"top\">\r\n<p class=\"p4\">OKAK<\/p>\r\n<\/td>\r\n<td class=\"td6\" valign=\"top\">\r\n<p class=\"p4\">accounts.google.com<\/p>\r\n<\/td>\r\n<td class=\"td7\" valign=\"top\">\r\n<p class=\"p4\">Google<\/p>\r\n<\/td>\r\n<td class=\"td8\" valign=\"top\">\r\n<p class=\"p4\">??<\/p>\r\n<\/td>\r\n<\/tr>\r\n<tr>\r\n<td class=\"td1\" valign=\"top\">\r\n<p class=\"p4\">CONSENT<\/p>\r\n<\/td>\r\n<td class=\"td2\" valign=\"top\">\r\n<p class=\"p4\">Cookies para el servicio de Google+, de \u2018Social Sharing\u2019 de recomendaci\u00f3n del pie de las p\u00e1ginas.<\/p>\r\n<\/td>\r\n<td class=\"td3\" valign=\"top\">\r\n<p class=\"p4\">Google<\/p>\r\n<\/td>\r\n<td class=\"td4\" valign=\"top\">\r\n<p class=\"p4\">20 A\u00f1os<\/p>\r\n<\/td>\r\n<\/tr>\r\n<tr>\r\n<td class=\"td29\" valign=\"top\">\r\n<p class=\"p4\">NID<\/p>\r\n<\/td>\r\n<td class=\"td30\" valign=\"top\">\r\n<p class=\"p4\">Cookies para el servicio de Google+, de \u2018Social Sharing\u2019 de recomendaci\u00f3n del pie de las p\u00e1ginas.<\/p>\r\n<p class=\"p4\">https:\/\/policies.google.com\/technologies\/types?hl=es<\/p>\r\n<\/td>\r\n<td class=\"td31\" valign=\"top\">\r\n<p class=\"p4\">Google<\/p>\r\n<\/td>\r\n<td class=\"td32\" valign=\"top\">\r\n<p class=\"p4\">6 meses<\/p>\r\n<\/td>\r\n<\/tr>\r\n<tr>\r\n<td class=\"td33\" valign=\"top\">\r\n<p class=\"p4\">fr<\/p>\r\n<\/td>\r\n<td class=\"td34\" valign=\"top\">\r\n<p class=\"p4\">Se trata de la cookie de publicidad principal de Facebook. Se utiliza para ofrecer, analizar y mejorar la relevancia de los anuncios.<\/p>\r\n<\/td>\r\n<td class=\"td35\" valign=\"top\">\r\n<p class=\"p4\">Facebook<\/p>\r\n<\/td>\r\n<td class=\"td36\" valign=\"top\">\r\n<p class=\"p4\">4-6 meses<\/p>\r\n<\/td>\r\n<\/tr>\r\n<tr>\r\n<td class=\"td5\" valign=\"top\">\r\n<p class=\"p4\">guest_id<\/p>\r\n<\/td>\r\n<td class=\"td6\" valign=\"top\">\r\n<p class=\"p4\">Twitter<\/p>\r\n<\/td>\r\n<td class=\"td7\" valign=\"top\">\r\n<p class=\"p4\">Twitter<\/p>\r\n<\/td>\r\n<td class=\"td8\" valign=\"top\">\r\n<p class=\"p4\">2 a\u00f1os<\/p>\r\n<\/td>\r\n<\/tr>\r\n<tr>\r\n<td class=\"td1\" valign=\"top\">\r\n<p class=\"p4\">personalization_id<\/p>\r\n<\/td>\r\n<td class=\"td2\" valign=\"top\">\r\n<p class=\"p4\">Twitter<\/p>\r\n<\/td>\r\n<td class=\"td3\" valign=\"top\">\r\n<p class=\"p4\">Twitter<\/p>\r\n<\/td>\r\n<td class=\"td4\" valign=\"top\">\r\n<p class=\"p4\">2 a\u00f1os<\/p>\r\n<\/td>\r\n<\/tr>\r\n<tr>\r\n<td class=\"td37\" valign=\"top\">\r\n<p class=\"p4\">_pk_id.XXX.XXX<\/p>\r\n<\/td>\r\n<td class=\"td38\" valign=\"top\">\r\n<p class=\"p4\">Usada para distinguir el identificador de Piwik. Esta cookie ha de estar fijada de forma obligatoria para el correcto funcionamiento de Piwik.<\/p>\r\n<\/td>\r\n<td class=\"td39\" valign=\"top\">\r\n<p class=\"p4\">Piwik<\/p>\r\n<\/td>\r\n<td class=\"td40\" valign=\"top\">\r\n<p class=\"p4\">1 A\u00f1o<\/p>\r\n<\/td>\r\n<\/tr>\r\n<tr>\r\n<td class=\"td33\" valign=\"top\">\r\n<p class=\"p4\">_pk_id.YY.YY<\/p>\r\n<\/td>\r\n<td class=\"td34\" valign=\"top\">\r\n<p class=\"p4\">Usada para distinguir el identificador de Piwik. Esta cookie ha de estar fijada de forma obligatoria para el correcto funcionamiento de Piwik.<\/p>\r\n<\/td>\r\n<td class=\"td35\" valign=\"top\">\r\n<p class=\"p4\">Piwik<\/p>\r\n<\/td>\r\n<td class=\"td36\" valign=\"top\">\r\n<p class=\"p4\">1 A\u00f1o<\/p>\r\n<\/td>\r\n<\/tr>\r\n<tr>\r\n<td class=\"td1\" valign=\"top\">\r\n<p class=\"p4\">_pk_ref.YY.YY<\/p>\r\n<\/td>\r\n<td class=\"td2\" valign=\"top\">\r\n<p class=\"p4\">Piwik nuestro<\/p>\r\n<\/td>\r\n<td class=\"td3\" valign=\"top\">\r\n<p class=\"p4\">Piwik<\/p>\r\n<\/td>\r\n<td class=\"td4\" valign=\"top\">\r\n<p class=\"p4\">4-6 meses<\/p>\r\n<\/td>\r\n<\/tr>\r\n<tr>\r\n<td class=\"td41\" valign=\"top\">\r\n<p class=\"p4\">_pk_ses.YY.YY<\/p>\r\n<\/td>\r\n<td class=\"td42\" valign=\"top\">\r\n<p class=\"p4\">Usada para determinar nuevas sesiones\/visitas. El principal prop\u00f3sito de esta cookie es: Rendimiento, para saber el tiempo que pasa el usuario en nuestra p\u00e1gina y el n\u00famero de p\u00e1ginas que visita, o lo que es lo mismo, lo que duran las visitas\/sessiones de las visitas.<\/p>\r\n<\/td>\r\n<td class=\"td43\" valign=\"top\">\r\n<p class=\"p4\">Piwik<\/p>\r\n<\/td>\r\n<td class=\"td44\" valign=\"top\">\r\n<p class=\"p4\">1 hora<\/p>\r\n<\/td>\r\n<\/tr>\r\n<tr>\r\n<td class=\"td37\" valign=\"top\">\r\n<p class=\"p4\">__cfduid<\/p>\r\n<\/td>\r\n<td class=\"td38\" valign=\"top\">\r\n<p class=\"p4\">Cookies generadas por el framework Jquery utilizado para el desarrollo de algunas de las funcionalidades del sitio web.<\/p>\r\n<\/td>\r\n<td class=\"td39\" valign=\"top\">\r\n<p class=\"p4\">JQuery<\/p>\r\n<\/td>\r\n<td class=\"td40\" valign=\"top\">\r\n<p class=\"p4\">1 A\u00f1o<\/p>\r\n<\/td>\r\n<\/tr>\r\n<\/tbody>\r\n<\/table>\r\n<p class=\"p3\"><span class=\"s1\"><b>Cookies T\u00e9cnicas<\/b><\/span><\/p>\r\n<table class=\"t1\" cellspacing=\"0\" cellpadding=\"0\">\r\n<tbody>\r\n<tr>\r\n<td class=\"td45\" valign=\"middle\">\r\n<p class=\"p4\"><b>Nombre<\/b><\/p>\r\n<\/td>\r\n<td class=\"td46\" valign=\"middle\">\r\n<p class=\"p4\"><b>Descripci\u00f3n<\/b><\/p>\r\n<\/td>\r\n<td class=\"td47\" valign=\"middle\">\r\n<p class=\"p4\"><b>Empresa<\/b><\/p>\r\n<\/td>\r\n<td class=\"td48\" valign=\"middle\">\r\n<p class=\"p4\"><b>Duraci\u00f3n<\/b><\/p>\r\n<\/td>\r\n<\/tr>\r\n<tr>\r\n<td class=\"td49\" valign=\"top\">\r\n<p class=\"p4\">PHPSESSID<\/p>\r\n<\/td>\r\n<td class=\"td50\" valign=\"top\">\r\n<p class=\"p4\">Para mantener la sesi\u00f3n de usuario e identificarlo.<\/p>\r\n<p class=\"p4\">(css.net10.es).<\/p>\r\n<\/td>\r\n<td class=\"td51\" valign=\"top\">\r\n<p class=\"p4\">Cosmomedia<\/p>\r\n<\/td>\r\n<td class=\"td52\" valign=\"top\">\r\n<p class=\"p4\">Cookie de sesi\u00f3n<\/p>\r\n<\/td>\r\n<\/tr>\r\n<tr>\r\n<td class=\"td53\" valign=\"top\">\r\n<p class=\"p4\">PHPSESSID<\/p>\r\n<\/td>\r\n<td class=\"td54\" valign=\"top\">\r\n<p class=\"p4\">Para mantener la sesi\u00f3n de usuario e identificarlo. (js.net10.es).<\/p>\r\n<\/td>\r\n<td class=\"td55\" valign=\"top\">\r\n<p class=\"p4\">Cosmomedia<\/p>\r\n<\/td>\r\n<td class=\"td56\" valign=\"top\">\r\n<p class=\"p4\">Cookie de sesi\u00f3n<\/p>\r\n<\/td>\r\n<\/tr>\r\n<tr>\r\n<td class=\"td57\" valign=\"top\">\r\n<p class=\"p4\">PHPSESSID<\/p>\r\n<\/td>\r\n<td class=\"td58\" valign=\"top\">\r\n<p class=\"p4\">Para mantener la sesi\u00f3n de usuario e identificarlo. (URL dominio).<\/p>\r\n<\/td>\r\n<td class=\"td59\" valign=\"top\">\r\n<p class=\"p4\">Cosmomedia<\/p>\r\n<\/td>\r\n<td class=\"td60\" valign=\"top\">\r\n<p class=\"p4\">Cookie de sesi\u00f3n<\/p>\r\n<\/td>\r\n<\/tr>\r\n<tr>\r\n<td class=\"td61\" valign=\"top\">\r\n<p class=\"p4\">__stripe_mid<\/p>\r\n<\/td>\r\n<td class=\"td62\" valign=\"top\">\r\n<p class=\"p4\">Cookie de sesi\u00f3n para stripe:<\/p>\r\n<p class=\"p5\"><a href=\"https:\/\/stripe.com\/cookies-policy\/legal\">https:\/\/stripe.com\/cookies-policy\/legal<\/a><\/p>\r\n<\/td>\r\n<td class=\"td63\" valign=\"top\">\r\n<p class=\"p4\">Stripe<\/p>\r\n<\/td>\r\n<td class=\"td64\" valign=\"top\">\r\n<p class=\"p4\">Cooie<\/p>\r\n<\/td>\r\n<\/tr>\r\n<\/tbody>\r\n<\/table>\r\n<p class=\"p1\"><b>Revocaci\u00f3n y eliminaci\u00f3n de Cookies<\/b><\/p>\r\n<p class=\"p3\">Usted puede configurar su navegador para permitir, bloquear, eliminar o desactivar las cookies instaladas en su equipo, mediante la configuraci\u00f3n de las opciones del navegador instalado en su equipo. En el caso que, no permita la instalaci\u00f3n de cookies en su navegador es posible que no pueda acceder a alguna de las secciones o funcionalidades de este sitio web.<\/p>\r\n<p class=\"p3\">Para configurar el navegador, desactivar o administrar la instalaci\u00f3n de cookies, y que de este modo, se borren autom\u00e1ticamente una vez que se cierre el navegador, equipo o dispositivo, puede obtener m\u00e1s informaci\u00f3n haciendo \u201cclick\u201d en los siguientes enlaces que le proporcionamos, en funci\u00f3n del navegador que usted utiliza:<\/p>\r\n<p class=\"p6\"><a href=\"https:\/\/support.google.com\/chrome\/answer\/95647?hl=es\">Google Chrome<\/a><\/p>\r\n<p class=\"p6\"><a href=\"https:\/\/support.mozilla.org\/es\/kb\/cookies-informacion-que-los-sitios-web-guardan-en-?redirectlocale=en-US&amp;redirectslug=Cookies\">Mozilla Firefox<\/a><\/p>\r\n<p class=\"p6\"><a href=\"https:\/\/privacy.microsoft.com\/es-es\/windows-10-microsoft-edge-and-privacy\">Edge<\/a><\/p>\r\n<p class=\"p6\"><a href=\"https:\/\/support.microsoft.com\/es-es\/help\/17442\/windows-internet-explorer-delete-manage-cookies#ie=ie-11\">Internet Explorer (Versi\u00f3n 11)<\/a><\/p>\r\n<p class=\"p6\"><a href=\"https:\/\/support.microsoft.com\/es-es\/help\/17442\/windows-internet-explorer-delete-manage-cookies#ie=ie-10\">Internet Explorer (Versi\u00f3n 10)<\/a><\/p>\r\n<p class=\"p6\"><a href=\"http:\/\/help.opera.com\/Windows\/11.50\/es-ES\/cookies.html\">Opera<\/a><\/p>\r\n<p class=\"p6\"><a href=\"https:\/\/support.apple.com\/kb\/ph21411?locale=es_ES\">Safari<\/a><\/p>\r\n<p class=\"p2\">De forma general, la mayor\u00eda de los navegadores, permiten el acceso r\u00e1pido a la eliminaci\u00f3n de los datos de navegaci\u00f3n, pulsando la secuencia de teclas Ctrl+Mayus+Supr, pudi\u00e9ndose borrar las Cookies.<\/p>\r\n<p class=\"p1\"><b>Actualizaci\u00f3n de nuestra Pol\u00edtica de Cookies<\/b><\/p>\r\n<p class=\"p3\">Es posible que actualicemos nuestra Pol\u00edtica de Cookies en este sitio Web, en funci\u00f3n de exigencias legales o t\u00e9cnicas, por ello, si lo desea, aconsejamos que revise esta pol\u00edtica en alguna ocasi\u00f3n, al objeto de estar adecuadamente informado sobre c\u00f3mo y para qu\u00e9 usamos las cookies.<\/p>\r\n<\/div>\r\n<\/div>\r\n<p>[\/vc_column_text][\/vc_column][\/vc_row]<\/p>","protected":false},"excerpt":{"rendered":"<p>[vc_row css_animation=\u00bb\u00bb row_type=\u00bbrow\u00bb use_row_as_full_screen_section=\u00bbno\u00bb type=\u00bbfull_width\u00bb angled_section=\u00bbno\u00bb text_align=\u00bbleft\u00bb background_image_as_pattern=\u00bbwithout_pattern\u00bb css=\u00bb.vc_custom_1590544880248{margin-top: 20px !important;margin-bottom: 120px !important;}\u00bb z_index=\u00bb\u00bb][vc_column][vc_column_text] Pol\u00edtica de cookies En cumplimiento del&#8230;<\/p>\n","protected":false},"author":1,"featured_media":0,"parent":0,"menu_order":0,"comment_status":"closed","ping_status":"closed","template":"","meta":{"footnotes":""},"class_list":["post-469","page","type-page","status-publish","hentry"],"_links":{"self":[{"href":"https:\/\/rmtinsulation.com\/es\/wp-json\/wp\/v2\/pages\/469","targetHints":{"allow":["GET"]}}],"collection":[{"href":"https:\/\/rmtinsulation.com\/es\/wp-json\/wp\/v2\/pages"}],"about":[{"href":"https:\/\/rmtinsulation.com\/es\/wp-json\/wp\/v2\/types\/page"}],"author":[{"embeddable":true,"href":"https:\/\/rmtinsulation.com\/es\/wp-json\/wp\/v2\/users\/1"}],"replies":[{"embeddable":true,"href":"https:\/\/rmtinsulation.com\/es\/wp-json\/wp\/v2\/comments?post=469"}],"version-history":[{"count":2,"href":"https:\/\/rmtinsulation.com\/es\/wp-json\/wp\/v2\/pages\/469\/revisions"}],"predecessor-version":[{"id":536,"href":"https:\/\/rmtinsulation.com\/es\/wp-json\/wp\/v2\/pages\/469\/revisions\/536"}],"wp:attachment":[{"href":"https:\/\/rmtinsulation.com\/es\/wp-json\/wp\/v2\/media?parent=469"}],"curies":[{"name":"wp","href":"https:\/\/api.w.org\/{rel}","templated":true}]}}