{"id":3,"date":"2020-07-23T12:44:28","date_gmt":"2020-07-23T12:44:28","guid":{"rendered":"https:\/\/rmt-nita.es\/?page_id=3"},"modified":"2020-09-23T08:48:03","modified_gmt":"2020-09-23T08:48:03","slug":"politica-privacidad","status":"publish","type":"page","link":"https:\/\/rmtinsulation.com\/es\/politica-privacidad\/","title":{"rendered":"POLITICA DE PRIVACIDAD"},"content":{"rendered":"<p>[vc_row css_animation=\u00bb\u00bb row_type=\u00bbrow\u00bb use_row_as_full_screen_section=\u00bbno\u00bb type=\u00bbfull_width\u00bb angled_section=\u00bbno\u00bb text_align=\u00bbleft\u00bb background_image_as_pattern=\u00bbwithout_pattern\u00bb css=\u00bb.vc_custom_1600850880831{padding-top: 50px !important;padding-bottom: 50px !important;}\u00bb z_index=\u00bb\u00bb][vc_column][vc_column_text]<\/p>\n<p class=\"p1\"><span class=\"s1\"><b>Pol\u00edtica de Privacidad (RGPD)<\/b><\/span><\/p>\n<p class=\"p4\"><span class=\"s1\">RESPONSABLE DEL TRATAMIENTO<\/span><\/p>\n<p class=\"p5\">RMT ISOLATION, S.L.<span class=\"Apple-converted-space\">\u00a0 <\/span>B66891722, con domicilio en C\/ Narc\u00eds Monturiol, 20. Pol. Ind. Can Magre, 08187, Santa Eul\u00e0lia de Ron\u00e7ana Telefono 938448978 y mail <span class=\"s2\">tecnic@rmtsa.es\/sergi@rmtinsulation.com<\/span><\/p>\n<p class=\"p6\"><span class=\"s1\">FINALIDAD<\/span><\/p>\n<p class=\"p5\">La finalidad de la creaci\u00f3n, existencia y mantenimiento es el tratamiento de los datos con los exclusivos fines de<span class=\"Apple-converted-space\">\u00a0 <\/span>cumplir con nuestra relaci\u00f3n comercial, y realizar la facturaci\u00f3n de la misma.<\/p>\n<p class=\"p6\"><span class=\"s1\">LEGITIMACI\u00d3N<\/span><\/p>\n<p class=\"p5\">La base legal para el tratamiento de sus datos es la ejecuci\u00f3n de la relaci\u00f3n comercial entre el titular del dato y el responsable del tratamiento y dicha informaci\u00f3n personal se conservar\u00e1 mientras se mantenga la relaci\u00f3n comercial\/contractual o durante el tiempo estrictamente necesario para cumplir con las obligaciones legales.<\/p>\n<p class=\"p6\"><span class=\"s1\">PERIODO DE CONSERVACI\u00d3N<\/span><\/p>\n<p class=\"p8\">Los datos proporcionados se conservar\u00e1n mientras se mantenga la relaci\u00f3n comercial o durante los a\u00f1os necesarios para cumplir con las obligaciones legales<\/p>\n<p class=\"p6\"><span class=\"s1\">DESTINATARIOS<\/span><\/p>\n<p class=\"p9\">Mientras dure el tratamiento de los datos del interesado, RMT ISOLATION, S.L.<span class=\"Apple-converted-space\">\u00a0 <\/span>no ceder\u00e1 los datos a terceros, salvo que medie obligaci\u00f3n legal.<\/p>\n<p class=\"p9\">En los supuestos que, para la realizaci\u00f3n de tratamientos de tipo administrativo, fiscal, contable y\/o comercial, se cuente con los servicios de terceros, se formalizar\u00e1 debidamente el preceptivo contrato de encargado de tratamiento, con la finalidad de garantizar la seguridad y confidencialidad de los datos del interesado frente a terceros.<\/p>\n<p class=\"p6\"><span class=\"s1\">DERECHOS<\/span><\/p>\n<p class=\"p10\"><span class=\"s3\">Las personas interesadas tienen derecho a\u00a0<\/span>acceder<span class=\"s3\">\u00a0a sus datos de car\u00e1cter personal, as\u00ed como a solicitar la\u00a0<\/span>rectificaci\u00f3n<span class=\"s3\">\u00a0de datos inexactos o, en su caso, solicitar la\u00a0<\/span>supresi\u00f3n<span class=\"s3\">\u00a0cuando, entre otros motivos, los datos ya no sean necesarios para la finalidad que fueron entregados as\u00ed como\u00a0<\/span>retirar el consentimiento otorgado<span class=\"s3\">. Tambi\u00e9n puede ejercer su derecho a la\u00a0<\/span>limitaci\u00f3n del tratamiento<span class=\"s3\">, de forma que sus datos no ser\u00e1n suprimidos pero el tratamiento de los mismos estar\u00e1 sujeto a limitaciones.<\/span><\/p>\n<p class=\"p11\">Los ejercicios de portabilidad y automatizaci\u00f3n de decisiones no aplican en este caso por la tipolog\u00eda de datos y tratamiento de los mismos.<\/p>\n<p>[\/vc_column_text][\/vc_column][\/vc_row]<\/p>\n","protected":false},"excerpt":{"rendered":"<p>[vc_row css_animation=\u00bb\u00bb row_type=\u00bbrow\u00bb use_row_as_full_screen_section=\u00bbno\u00bb type=\u00bbfull_width\u00bb angled_section=\u00bbno\u00bb text_align=\u00bbleft\u00bb background_image_as_pattern=\u00bbwithout_pattern\u00bb css=\u00bb.vc_custom_1600850880831{padding-top: 50px !important;padding-bottom: 50px !important;}\u00bb z_index=\u00bb\u00bb][vc_column][vc_column_text] Pol\u00edtica de Privacidad (RGPD) RESPONSABLE DEL&#8230;<\/p>\n","protected":false},"author":1,"featured_media":0,"parent":0,"menu_order":0,"comment_status":"closed","ping_status":"open","template":"","meta":{"footnotes":""},"class_list":["post-3","page","type-page","status-publish","hentry"],"_links":{"self":[{"href":"https:\/\/rmtinsulation.com\/es\/wp-json\/wp\/v2\/pages\/3","targetHints":{"allow":["GET"]}}],"collection":[{"href":"https:\/\/rmtinsulation.com\/es\/wp-json\/wp\/v2\/pages"}],"about":[{"href":"https:\/\/rmtinsulation.com\/es\/wp-json\/wp\/v2\/types\/page"}],"author":[{"embeddable":true,"href":"https:\/\/rmtinsulation.com\/es\/wp-json\/wp\/v2\/users\/1"}],"replies":[{"embeddable":true,"href":"https:\/\/rmtinsulation.com\/es\/wp-json\/wp\/v2\/comments?post=3"}],"version-history":[{"count":2,"href":"https:\/\/rmtinsulation.com\/es\/wp-json\/wp\/v2\/pages\/3\/revisions"}],"predecessor-version":[{"id":538,"href":"https:\/\/rmtinsulation.com\/es\/wp-json\/wp\/v2\/pages\/3\/revisions\/538"}],"wp:attachment":[{"href":"https:\/\/rmtinsulation.com\/es\/wp-json\/wp\/v2\/media?parent=3"}],"curies":[{"name":"wp","href":"https:\/\/api.w.org\/{rel}","templated":true}]}}