{"id":194,"date":"2020-08-31T17:44:49","date_gmt":"2020-08-31T17:44:49","guid":{"rendered":"https:\/\/rmt-nita.es\/?page_id=194"},"modified":"2021-12-13T10:18:34","modified_gmt":"2021-12-13T10:18:34","slug":"car","status":"publish","type":"page","link":"https:\/\/rmtinsulation.com\/es\/car\/","title":{"rendered":"CAR"},"content":{"rendered":"<p>[vc_row row_type=\u00bbparallax\u00bb parallax_content_width=\u00bbfull_width\u00bb text_align=\u00bbleft\u00bb full_screen_section_height=\u00bbno\u00bb section_height=\u00bb400&#8243; css=\u00bb.vc_custom_1599901658636{margin-top: 20px !important;margin-bottom: 20px !important;padding-top: 50px !important;padding-right: 50px !important;padding-bottom: 50px !important;padding-left: 50px !important;}\u00bb background_image=\u00bb141&#8243;][vc_column css=\u00bb.vc_custom_1598873661613{margin-top: 20px !important;padding-top: 20px !important;padding-right: 20px !important;padding-bottom: 20px !important;padding-left: 20px !important;}\u00bb][vc_single_image image=\u00bb303&#8243; img_size=\u00bbmedium\u00bb alignment=\u00bbcenter\u00bb qode_css_animation=\u00bb\u00bb][\/vc_column][\/vc_row][vc_row css_animation=\u00bb\u00bb row_type=\u00bbrow\u00bb use_row_as_full_screen_section=\u00bbno\u00bb type=\u00bbgrid\u00bb angled_section=\u00bbno\u00bb text_align=\u00bbleft\u00bb background_image_as_pattern=\u00bbwithout_pattern\u00bb css=\u00bb.vc_custom_1598869767337{margin-top: 50px !important;padding-top: 0px !important;padding-right: 0px !important;padding-bottom: 0px !important;padding-left: 0px !important;}\u00bb z_index=\u00bb\u00bb][vc_column css=\u00bb.vc_custom_1598868788562{margin-bottom: 20px !important;}\u00bb][vc_column_text]<\/p>\n<h3 style=\"text-align: center\">NITA-CAR\u00ae<\/h3>\n<h3 style=\"text-align: center\"><\/h3>\n<p>[\/vc_column_text][vc_separator type=\u00bbnormal\u00bb color=\u00bb#ffffff\u00bb up=\u00bb20&#8243; down=\u00bb20&#8243;][\/vc_column][\/vc_row][vc_row css_animation=\u00bb\u00bb row_type=\u00bbrow\u00bb use_row_as_full_screen_section=\u00bbno\u00bb type=\u00bbgrid\u00bb angled_section=\u00bbno\u00bb text_align=\u00bbleft\u00bb background_image_as_pattern=\u00bbwithout_pattern\u00bb css=\u00bb.vc_custom_1599853000506{margin-top: 20px !important;margin-bottom: 100px !important;padding-top: 0px !important;padding-right: 0px !important;padding-bottom: 0px !important;padding-left: 0px !important;}\u00bb z_index=\u00bb\u00bb][vc_column][vc_column_text]<\/p>\n<h3 style=\"text-align: center\"><\/h3>\n<h2 style=\"text-align: center\"><span style=\"color: #ffffff\"><br \/>\nNITA-CAR\u00ae ES UNA M\u00c1QUINA PARA LA APLICACI\u00d3N DE AISLAMIENTO T\u00c9RMICO DE FIBRAS POR INSUFLADO E INYECTADO, FABRICADA POR RMT INSULATION CON EL OBJETIVO DE MEJORAR Y FACILITAR EL USO DE SUS PRODUCTOS. SI BIEN ES APTA PARA MUCHOS TIPOS DE FIBRAS, HA SIDO DISE\u00d1ADA ESPECIALMENTE PARA LA APLICACI\u00d3N DEL PRODUCTO NITA-COTTON\u00ae A GRANEL, PUESTO QUE PERMITE COLOCARLOS DE MANERA M\u00c1S R\u00c1PIDA Y PR\u00c1CTICA QUE DE FORMA MANUAL.<\/span><\/h2>\n<p>[\/vc_column_text][\/vc_column][\/vc_row][vc_row row_type=\u00bbparallax\u00bb parallax_content_width=\u00bbfull_width\u00bb text_align=\u00bbleft\u00bb full_screen_section_height=\u00bbno\u00bb section_height=\u00bb300&#8243; css=\u00bb.vc_custom_1599901679368{margin-top: 50px !important;margin-bottom: 20px !important;}\u00bb background_image=\u00bb139&#8243;][vc_column][\/vc_column][\/vc_row][vc_row css_animation=\u00bb\u00bb row_type=\u00bbrow\u00bb use_row_as_full_screen_section=\u00bbyes\u00bb type=\u00bbgrid\u00bb angled_section=\u00bbno\u00bb text_align=\u00bbleft\u00bb background_image_as_pattern=\u00bbwithout_pattern\u00bb css=\u00bb.vc_custom_1598872471207{margin-top: 0px !important;padding-top: 50px !important;padding-right: 0px !important;padding-bottom: 0px !important;padding-left: 0px !important;background-color: #c4c833 !important;}\u00bb z_index=\u00bb\u00bb][vc_column css=\u00bb.vc_custom_1598869932123{margin-bottom: 20px !important;}\u00bb][vc_column_text]<\/p>\n<h3 style=\"text-align: center\">VENTAJAS<\/h3>\n<h3 style=\"text-align: center\"><\/h3>\n<p>[\/vc_column_text][vc_separator type=\u00bbnormal\u00bb color=\u00bb#ffffff\u00bb up=\u00bb20&#8243; down=\u00bb20&#8243;][\/vc_column][\/vc_row][vc_row css_animation=\u00bb\u00bb row_type=\u00bbrow\u00bb use_row_as_full_screen_section=\u00bbno\u00bb type=\u00bbgrid\u00bb angled_section=\u00bbno\u00bb text_align=\u00bbleft\u00bb background_image_as_pattern=\u00bbwithout_pattern\u00bb css=\u00bb.vc_custom_1598870378050{margin-top: 0px !important;padding-top: 40px !important;padding-right: 40px !important;padding-bottom: 40px !important;padding-left: 40px !important;background-color: #c4c833 !important;}\u00bb z_index=\u00bb\u00bb][vc_column width=\u00bb1\/2&#8243; css=\u00bb.vc_custom_1598863645201{margin-bottom: 20px !important;}\u00bb]<div class='q_icon_with_title large normal_icon center '><div class=\"icon_holder \" style=\" \"><span data-icon-type=\"normal\"  data-icon-hover-color=\"#eaeaea\" style=\"\" class=\"qode_iwt_icon_holder q_font_awsome_icon fa-4x  \"><i class=\"qode_icon_font_awesome_5 fa5 fa fa-clipboard-check qode_iwt_icon_element\" style=\"color: #ffffff;\" ><\/i><\/span><\/div><div class=\"icon_text_holder\" style=\"\"><div class=\"icon_text_inner\" style=\"\"><h3 class=\"icon_title\" style=\"color: #ffffff;font-weight: 700;\">BAJAS EMISIONES<\/h3><p style='color: #ffffff'>Preparada para trabajar tanto con fibras cortas (lana de vidrio, lana de roca, celulosa)<\/p><\/div><\/div><\/div>[\/vc_column][vc_column width=\u00bb1\/2&#8243; css=\u00bb.vc_custom_1598863649794{margin-bottom: 20px !important;}\u00bb]<div class='q_icon_with_title large normal_icon center '><div class=\"icon_holder \" style=\" \"><span data-icon-type=\"normal\"  data-icon-hover-color=\"#eaeaea\" style=\"\" class=\"qode_iwt_icon_holder q_font_awsome_icon fa-4x  \"><i class=\"qode_icon_font_awesome_5 fa5 fa fa-leaf qode_iwt_icon_element\" style=\"color: #ffffff;\" ><\/i><\/span><\/div><div class=\"icon_text_holder\" style=\"\"><div class=\"icon_text_inner\" style=\"\"><h3 class=\"icon_title\" style=\"color: #ffffff;font-weight: 700;\">DE ORIGEN RECUPERADO, RENOVABLE Y RECICLABLE<\/h3><p style='color: #ffffff'>Esta preparada para trabajar con fibras largas (lana de oveja y otros aislamientos naturales) sin que esto comporte ning\u00fan riesgo de atasco o dificultad en el paso del material.<\/p><\/div><\/div><\/div>[\/vc_column][\/vc_row][vc_row row_type=\u00bbparallax\u00bb parallax_content_width=\u00bbfull_width\u00bb text_align=\u00bbleft\u00bb full_screen_section_height=\u00bbno\u00bb section_height=\u00bb300&#8243; css=\u00bb.vc_custom_1599901900208{margin-top: 20px !important;margin-bottom: 20px !important;}\u00bb background_image=\u00bb138&#8243;][vc_column][\/vc_column][\/vc_row][vc_row css_animation=\u00bb\u00bb row_type=\u00bbrow\u00bb use_row_as_full_screen_section=\u00bbyes\u00bb type=\u00bbgrid\u00bb angled_section=\u00bbno\u00bb text_align=\u00bbleft\u00bb background_image_as_pattern=\u00bbwithout_pattern\u00bb css=\u00bb.vc_custom_1599125849353{margin-top: 0px !important;padding-top: 50px !important;padding-right: 0px !important;padding-bottom: 0px !important;padding-left: 0px !important;background-color: #ffffff !important;}\u00bb z_index=\u00bb\u00bb][vc_column css=\u00bb.vc_custom_1598863645201{margin-bottom: 20px !important;}\u00bb][vc_column_text]<\/p>\n<h3 style=\"text-align: center\"><span style=\"color: #71684c\"><strong>NUESTROS PRODUCTOS NITA-CAR\u00ae<\/strong><\/span><\/h3>\n<p style=\"text-align: center\"><span style=\"color: #71684c\">Si te interesa alg\u00fan producto sin stock en la tienda online, no dudes en contactar con nosotros en <a style=\"color: #71684c\" href=\"mailto:info@rmtinsulation.com\">info@rmtinsulation.com<\/a><\/span><\/p>\n<p>[\/vc_column_text][vc_separator type=\u00bbnormal\u00bb color=\u00bb#71684c\u00bb up=\u00bb20&#8243; down=\u00bb20&#8243;][\/vc_column][\/vc_row][vc_row css_animation=\u00bb\u00bb row_type=\u00bbrow\u00bb use_row_as_full_screen_section=\u00bbno\u00bb type=\u00bbgrid\u00bb angled_section=\u00bbno\u00bb text_align=\u00bbleft\u00bb background_image_as_pattern=\u00bbwithout_pattern\u00bb z_index=\u00bb\u00bb css=\u00bb.vc_custom_1599848786165{padding-top: 20px !important;padding-right: 20px !important;padding-bottom: 100px !important;padding-left: 20px !important;background-color: #ffffff !important;}\u00bb][vc_column]<div class=\"woocommerce columns-2 \"><ul class=\"products\">\n\t<li class=\"product type-product post-312 status-publish first instock product_cat-rmt-nita-es has-post-thumbnail sold-individually taxable shipping-taxable purchasable product-type-simple\">\n\t\t\n    <div class=\"top-product-section\">\n\n        <a itemprop=\"url\" href=\"https:\/\/rmtinsulation.com\/es\/producto\/nita-car-101\/\" class=\"product-category\">\n            <span class=\"image-wrapper\">\n            <img loading=\"lazy\" decoding=\"async\" width=\"300\" height=\"300\" src=\"https:\/\/rmtinsulation.com\/wp-content\/uploads\/2020\/09\/nitacar-101-e1599129643457-300x300.jpg\" class=\"attachment-woocommerce_thumbnail size-woocommerce_thumbnail\" alt=\"\" srcset=\"https:\/\/rmtinsulation.com\/wp-content\/uploads\/2020\/09\/nitacar-101-e1599129643457-300x300.jpg 300w, https:\/\/rmtinsulation.com\/wp-content\/uploads\/2020\/09\/nitacar-101-e1599129643457-150x150.jpg 150w, https:\/\/rmtinsulation.com\/wp-content\/uploads\/2020\/09\/nitacar-101-e1599129643457-100x100.jpg 100w\" sizes=\"auto, (max-width: 300px) 100vw, 300px\" \/>            <\/span>\n        <\/a>\n\n\t\t\n    <\/div>\n        <a itemprop=\"url\" href=\"https:\/\/rmtinsulation.com\/es\/producto\/nita-car-101\/\" class=\"product-category product-info\">\n        <h6 itemprop=\"name\">NITA CAR\u00ae 101X<\/h6>\n\n        \n        \n    <\/a>\n\n    \n<\/li>\n\t<li class=\"product type-product post-315 status-publish last instock product_cat-rmt-nita-es has-post-thumbnail sold-individually taxable shipping-taxable purchasable product-type-simple\">\n\t\t\n    <div class=\"top-product-section\">\n\n        <a itemprop=\"url\" href=\"https:\/\/rmtinsulation.com\/es\/producto\/nita-car-103\/\" class=\"product-category\">\n            <span class=\"image-wrapper\">\n            <img loading=\"lazy\" decoding=\"async\" width=\"300\" height=\"300\" src=\"https:\/\/rmtinsulation.com\/wp-content\/uploads\/2020\/09\/nitacar2-300x300.png\" class=\"attachment-woocommerce_thumbnail size-woocommerce_thumbnail\" alt=\"\" srcset=\"https:\/\/rmtinsulation.com\/wp-content\/uploads\/2020\/09\/nitacar2-300x300.png 300w, https:\/\/rmtinsulation.com\/wp-content\/uploads\/2020\/09\/nitacar2-150x150.png 150w, https:\/\/rmtinsulation.com\/wp-content\/uploads\/2020\/09\/nitacar2-570x570.png 570w, https:\/\/rmtinsulation.com\/wp-content\/uploads\/2020\/09\/nitacar2-500x500.png 500w, https:\/\/rmtinsulation.com\/wp-content\/uploads\/2020\/09\/nitacar2-100x100.png 100w\" sizes=\"auto, (max-width: 300px) 100vw, 300px\" \/>            <\/span>\n        <\/a>\n\n\t\t\n    <\/div>\n        <a itemprop=\"url\" href=\"https:\/\/rmtinsulation.com\/es\/producto\/nita-car-103\/\" class=\"product-category product-info\">\n        <h6 itemprop=\"name\">NITA CAR\u00ae 103<\/h6>\n\n        \n        \n    <\/a>\n\n    \n<\/li><\/ul>\n<\/div>[\/vc_column][\/vc_row]<\/p>\n","protected":false},"excerpt":{"rendered":"<p>[vc_row row_type=\u00bbparallax\u00bb parallax_content_width=\u00bbfull_width\u00bb text_align=\u00bbleft\u00bb full_screen_section_height=\u00bbno\u00bb section_height=\u00bb400&#8243; css=\u00bb.vc_custom_1599901658636{margin-top: 20px !important;margin-bottom: 20px !important;padding-top: 50px !important;padding-right: 50px !important;padding-bottom: 50px !important;padding-left: 50px !important;}\u00bb background_image=\u00bb141&#8243;][vc_column&#8230;<\/p>\n","protected":false},"author":1,"featured_media":0,"parent":0,"menu_order":0,"comment_status":"closed","ping_status":"closed","template":"full_width.php","meta":{"footnotes":""},"class_list":["post-194","page","type-page","status-publish","hentry"],"_links":{"self":[{"href":"https:\/\/rmtinsulation.com\/es\/wp-json\/wp\/v2\/pages\/194","targetHints":{"allow":["GET"]}}],"collection":[{"href":"https:\/\/rmtinsulation.com\/es\/wp-json\/wp\/v2\/pages"}],"about":[{"href":"https:\/\/rmtinsulation.com\/es\/wp-json\/wp\/v2\/types\/page"}],"author":[{"embeddable":true,"href":"https:\/\/rmtinsulation.com\/es\/wp-json\/wp\/v2\/users\/1"}],"replies":[{"embeddable":true,"href":"https:\/\/rmtinsulation.com\/es\/wp-json\/wp\/v2\/comments?post=194"}],"version-history":[{"count":16,"href":"https:\/\/rmtinsulation.com\/es\/wp-json\/wp\/v2\/pages\/194\/revisions"}],"predecessor-version":[{"id":991,"href":"https:\/\/rmtinsulation.com\/es\/wp-json\/wp\/v2\/pages\/194\/revisions\/991"}],"wp:attachment":[{"href":"https:\/\/rmtinsulation.com\/es\/wp-json\/wp\/v2\/media?parent=194"}],"curies":[{"name":"wp","href":"https:\/\/api.w.org\/{rel}","templated":true}]}}