{"id":190,"date":"2020-08-31T17:42:50","date_gmt":"2020-08-31T17:42:50","guid":{"rendered":"https:\/\/rmt-nita.es\/?page_id=190"},"modified":"2020-09-29T12:02:32","modified_gmt":"2020-09-29T12:02:32","slug":"cotton","status":"publish","type":"page","link":"https:\/\/rmtinsulation.com\/es\/cotton\/","title":{"rendered":"COTTON"},"content":{"rendered":"<p>[vc_row row_type=\u00bbparallax\u00bb parallax_content_width=\u00bbfull_width\u00bb text_align=\u00bbleft\u00bb full_screen_section_height=\u00bbno\u00bb section_height=\u00bb400&#8243; css=\u00bb.vc_custom_1599898659794{margin-top: 20px !important;margin-bottom: 20px !important;padding-top: 50px !important;padding-right: 50px !important;padding-bottom: 50px !important;padding-left: 50px !important;}\u00bb background_image=\u00bb430&#8243;][vc_column css=\u00bb.vc_custom_1598873661613{margin-top: 20px !important;padding-top: 20px !important;padding-right: 20px !important;padding-bottom: 20px !important;padding-left: 20px !important;}\u00bb][vc_single_image image=\u00bb124&#8243; img_size=\u00bbmedium\u00bb alignment=\u00bbcenter\u00bb qode_css_animation=\u00bb\u00bb][\/vc_column][\/vc_row][vc_row css_animation=\u00bb\u00bb row_type=\u00bbrow\u00bb use_row_as_full_screen_section=\u00bbno\u00bb type=\u00bbgrid\u00bb angled_section=\u00bbno\u00bb text_align=\u00bbleft\u00bb background_image_as_pattern=\u00bbwithout_pattern\u00bb css=\u00bb.vc_custom_1598869767337{margin-top: 50px !important;padding-top: 0px !important;padding-right: 0px !important;padding-bottom: 0px !important;padding-left: 0px !important;}\u00bb z_index=\u00bb\u00bb][vc_column css=\u00bb.vc_custom_1598868788562{margin-bottom: 20px !important;}\u00bb][vc_column_text]<\/p>\n<h3 style=\"text-align: center;\">NITA-COTTON\u00ae<\/h3>\n<h3 style=\"text-align: center;\"><\/h3>\n<p>[\/vc_column_text][vc_separator type=\u00bbnormal\u00bb color=\u00bb#ffffff\u00bb up=\u00bb20&#8243; down=\u00bb20&#8243;][\/vc_column][\/vc_row][vc_row css_animation=\u00bb\u00bb row_type=\u00bbrow\u00bb use_row_as_full_screen_section=\u00bbno\u00bb type=\u00bbgrid\u00bb angled_section=\u00bbno\u00bb text_align=\u00bbleft\u00bb background_image_as_pattern=\u00bbwithout_pattern\u00bb css=\u00bb.vc_custom_1599851646511{margin-top: 20px !important;margin-bottom: 100px !important;padding-top: 0px !important;padding-right: 0px !important;padding-bottom: 0px !important;padding-left: 0px !important;background-color: #365e89 !important;}\u00bb z_index=\u00bb\u00bb][vc_column][vc_column_text]<\/p>\n<h3 style=\"text-align: center;\"><\/h3>\n<h2 style=\"text-align: center;\"><span style=\"color: #ffffff;\">El gran impacto medioambiental que tiene la edi\ufb01caci\u00f3n en nuestra sociedad encuentra en los materiales naturales, renovables y reciclables como NITA-COTTON\u00ae; una oportunidad para mejorar el medioambiente. Esto se debe a que el uso de los retales procedentes de la confecci\u00f3n de art\u00edculos textiles reduce signi\ufb01cativamente los efectos negativos de la fabricaci\u00f3n de nuevos materiales, el consumo de recursos, el gasto energ\u00e9tico y las emisiones causantes del efecto invernadero.<\/span><\/h2>\n<p>[\/vc_column_text][\/vc_column][\/vc_row][vc_row row_type=\u00bbparallax\u00bb parallax_content_width=\u00bbfull_width\u00bb text_align=\u00bbleft\u00bb full_screen_section_height=\u00bbno\u00bb section_height=\u00bb300&#8243; css=\u00bb.vc_custom_1599899978673{margin-top: 50px !important;margin-bottom: 20px !important;}\u00bb background_image=\u00bb450&#8243;][vc_column][\/vc_column][\/vc_row][vc_row css_animation=\u00bb\u00bb row_type=\u00bbrow\u00bb use_row_as_full_screen_section=\u00bbyes\u00bb type=\u00bbgrid\u00bb angled_section=\u00bbno\u00bb text_align=\u00bbleft\u00bb background_image_as_pattern=\u00bbwithout_pattern\u00bb css=\u00bb.vc_custom_1598872471207{margin-top: 0px !important;padding-top: 50px !important;padding-right: 0px !important;padding-bottom: 0px !important;padding-left: 0px !important;background-color: #c4c833 !important;}\u00bb z_index=\u00bb\u00bb][vc_column css=\u00bb.vc_custom_1598869932123{margin-bottom: 20px !important;}\u00bb][vc_column_text]<\/p>\n<h3 style=\"text-align: center;\">VENTAJAS<\/h3>\n<h3 style=\"text-align: center;\"><\/h3>\n<p>[\/vc_column_text][vc_separator type=\u00bbnormal\u00bb color=\u00bb#ffffff\u00bb up=\u00bb20&#8243; down=\u00bb20&#8243;][\/vc_column][\/vc_row][vc_row css_animation=\u00bb\u00bb row_type=\u00bbrow\u00bb use_row_as_full_screen_section=\u00bbno\u00bb type=\u00bbgrid\u00bb angled_section=\u00bbno\u00bb text_align=\u00bbleft\u00bb background_image_as_pattern=\u00bbwithout_pattern\u00bb css=\u00bb.vc_custom_1598870378050{margin-top: 0px !important;padding-top: 40px !important;padding-right: 40px !important;padding-bottom: 40px !important;padding-left: 40px !important;background-color: #c4c833 !important;}\u00bb z_index=\u00bb\u00bb][vc_column width=\u00bb1\/4&#8243; css=\u00bb.vc_custom_1598863645201{margin-bottom: 20px !important;}\u00bb]<div class='q_icon_with_title large normal_icon center '><div class=\"icon_holder \" style=\" \"><span data-icon-type=\"normal\"  data-icon-hover-color=\"#eaeaea\" style=\"\" class=\"qode_iwt_icon_holder q_font_awsome_icon fa-4x  \"><i class=\"qode_icon_font_awesome_5 fa5 fa fa-clipboard-check qode_iwt_icon_element\" style=\"color: #ffffff;\" ><\/i><\/span><\/div><div class=\"icon_text_holder\" style=\"\"><div class=\"icon_text_inner\" style=\"\"><h3 class=\"icon_title\" style=\"color: #ffffff;font-weight: 700;\">BAJAS EMISIONES<\/h3><p style='color: #ffffff'>Gracias a que la energ\u00eda empleada en fabricar el aislante NITA-COTTON\u00ae es m\u00ednima, las emisiones que provocan el efecto invernadero son muy bajas. <\/p><\/div><\/div><\/div>[\/vc_column][vc_column width=\u00bb1\/4&#8243; css=\u00bb.vc_custom_1598863649794{margin-bottom: 20px !important;}\u00bb]<div class='q_icon_with_title large normal_icon center '><div class=\"icon_holder \" style=\" \"><span data-icon-type=\"normal\"  data-icon-hover-color=\"#eaeaea\" style=\"\" class=\"qode_iwt_icon_holder q_font_awsome_icon fa-4x  \"><i class=\"qode_icon_font_awesome_5 fa5 fa fa-leaf qode_iwt_icon_element\" style=\"color: #ffffff;\" ><\/i><\/span><\/div><div class=\"icon_text_holder\" style=\"\"><div class=\"icon_text_inner\" style=\"\"><h3 class=\"icon_title\" style=\"color: #ffffff;font-weight: 700;\">DE ORIGEN RECUPERADO, RENOVABLE Y RECICLABLE<\/h3><p style='color: #ffffff'>Los materiales utilizados para la confecci\u00f3n del aislante NITA-COTTON\u00ae no s\u00f3lo son de origen recuperado y renovable, sino que adem\u00e1s sus caracter\u00edsticas particulares tambi\u00e9n lo hacen reciclable. <\/p><\/div><\/div><\/div>[\/vc_column][vc_column width=\u00bb1\/4&#8243; css=\u00bb.vc_custom_1598863660998{margin-bottom: 20px !important;}\u00bb]<div class='q_icon_with_title large normal_icon center '><div class=\"icon_holder \" style=\" \"><span data-icon-type=\"normal\"  data-icon-hover-color=\"#eaeaea\" style=\"\" class=\"qode_iwt_icon_holder q_font_awsome_icon fa-4x  \"><i class=\"qode_icon_font_awesome_5 fa5 fa fa-temperature-high qode_iwt_icon_element\" style=\"color: #ffffff;\" ><\/i><\/span><\/div><div class=\"icon_text_holder\" style=\"\"><div class=\"icon_text_inner\" style=\"\"><h3 class=\"icon_title\" style=\"color: #ffffff;font-weight: 700;\">C\u00c1LIDO EN INVIERNO Y FRESCO EN VERANO<\/h3><p style='color: #ffffff'>El aislante NITA-COTTON\u00ae es uno de los materiales aislantes m\u00e1s e\ufb01cientes, ya que posee un excelente desfase t\u00e9rmico. <\/p><\/div><\/div><\/div>[\/vc_column][vc_column width=\u00bb1\/4&#8243; css=\u00bb.vc_custom_1598863667845{margin-bottom: 20px !important;}\u00bb]<div class='q_icon_with_title medium normal_icon center '><div class=\"icon_holder \" style=\" \"><span data-icon-type=\"normal\"  data-icon-hover-color=\"#eaeaea\" style=\"\" class=\"qode_iwt_icon_holder q_font_awsome_icon fa-3x  \"><i class=\"qode_icon_font_awesome_5 fa5 fa fa-fire qode_iwt_icon_element\" style=\"color: #ffffff;\" ><\/i><\/span><\/div><div class=\"icon_text_holder\" style=\"\"><div class=\"icon_text_inner\" style=\"\"><h3 class=\"icon_title\" style=\"color: #ffffff;font-weight: 700;\">RESISTENTE AL FUEGO Y A LOS ATAQUES BIOL\u00d3GICOS<\/h3><p style='color: #ffffff'>NITA-COTTON\u00ae  a granel es resistente al fuego y autoextinguible. (UNE-EN 13501-1+A1: Clase B-s2, d0). El producto tambi\u00e9n ha superado satisfactoriamente los ensayos de resistencia al crecimiento de hongos (Anexo C del WG CUAP cl\u00faster doc. N46 clase 0).   En formato manto est\u00e1 pendiente de certificaci\u00f3n. <\/p><\/div><\/div><\/div>[\/vc_column][\/vc_row][vc_row css_animation=\u00bb\u00bb row_type=\u00bbrow\u00bb use_row_as_full_screen_section=\u00bbno\u00bb type=\u00bbgrid\u00bb angled_section=\u00bbno\u00bb text_align=\u00bbleft\u00bb background_image_as_pattern=\u00bbwithout_pattern\u00bb css=\u00bb.vc_custom_1598869899519{margin-top: 0px !important;padding-top: 40px !important;padding-right: 40px !important;padding-bottom: 40px !important;padding-left: 40px !important;background-color: #c4c833 !important;}\u00bb z_index=\u00bb\u00bb][vc_column width=\u00bb1\/4&#8243; css=\u00bb.vc_custom_1598863674645{margin-bottom: 20px !important;}\u00bb]<div class='q_icon_with_title large normal_icon center '><div class=\"icon_holder \" style=\" \"><span data-icon-type=\"normal\"  data-icon-hover-color=\"#eaeaea\" style=\"\" class=\"qode_iwt_icon_holder q_font_awsome_icon fa-4x  \"><i class=\"qode_icon_font_awesome_5 fa5 fa fa-wind qode_iwt_icon_element\" style=\"color: #ffffff;\" ><\/i><\/span><\/div><div class=\"icon_text_holder\" style=\"\"><div class=\"icon_text_inner\" style=\"\"><h3 class=\"icon_title\" style=\"color: #ffffff;font-weight: 700;\">TRANSPIRABLE<\/h3><p style='color: #ffffff'>Al ser un material higrosc\u00f3pico absorbe y libera la humedad hasta un 20% de su peso sin riesgo a la creaci\u00f3n de hongos, ayudando a crear ambientes secos y confortables y evitando da\u00f1os a materiales de paredes y tejados. <\/p><\/div><\/div><\/div>[\/vc_column][vc_column width=\u00bb1\/4&#8243; css=\u00bb.vc_custom_1598863680789{margin-bottom: 20px !important;}\u00bb]<div class='q_icon_with_title large normal_icon center '><div class=\"icon_holder \" style=\" \"><span data-icon-type=\"normal\"  data-icon-hover-color=\"#eaeaea\" style=\"\" class=\"qode_iwt_icon_holder q_font_awsome_icon fa-4x  \"><i class=\"qode_icon_font_awesome_5 fa5 fa fa-tools qode_iwt_icon_element\" style=\"color: #ffffff;\" ><\/i><\/span><\/div><div class=\"icon_text_holder\" style=\"\"><div class=\"icon_text_inner\" style=\"\"><h3 class=\"icon_title\" style=\"color: #ffffff;font-weight: 700;\">MUY F\u00c1CIL INSTALACI\u00d3N<\/h3><p style='color: #ffffff'>El aislante NITA-COTTON\u00ae es de muy f\u00e1cil instalaci\u00f3n, en su formato a granel se puede insu\ufb02ar y en formato placa es altamente flexible y compresible. Otra de sus propiedades es que no produce irritabilidad en la piel como la lana de roca o la fibra de vidrio.    <\/p><\/div><\/div><\/div>[\/vc_column][vc_column width=\u00bb1\/4&#8243; css=\u00bb.vc_custom_1598863686687{margin-bottom: 20px !important;}\u00bb]<div class='q_icon_with_title large normal_icon center '><div class=\"icon_holder \" style=\" \"><span data-icon-type=\"normal\"  data-icon-hover-color=\"#eaeaea\" style=\"\" class=\"qode_iwt_icon_holder q_font_awsome_icon fa-4x  \"><i class=\"qode_icon_font_awesome_5 fa5 fa fa-vials qode_iwt_icon_element\" style=\"color: #ffffff;\" ><\/i><\/span><\/div><div class=\"icon_text_holder\" style=\"\"><div class=\"icon_text_inner\" style=\"\"><h3 class=\"icon_title\" style=\"color: #ffffff;font-weight: 700;\">DURABLE<\/h3><p style='color: #ffffff'>Correctamente instalado el aislante mantiene su densidad y cohesi\u00f3n durante d\u00e9cadas de la misma forma que otros productos de algod\u00f3n de uso dom\u00e9stico. (Ropa, mantas, abrigos, etc.) <\/p><\/div><\/div><\/div>[\/vc_column][vc_column width=\u00bb1\/4&#8243; css=\u00bb.vc_custom_1598863692583{margin-bottom: 20px !important;}\u00bb]<div class='q_icon_with_title medium normal_icon center '><div class=\"icon_holder \" style=\" \"><span data-icon-type=\"normal\"  data-icon-hover-color=\"#eaeaea\" style=\"\" class=\"qode_iwt_icon_holder q_font_awsome_icon fa-3x  \"><i class=\"qode_icon_font_awesome_5 fa5 fa fa-bed qode_iwt_icon_element\" style=\"color: #ffffff;\" ><\/i><\/span><\/div><div class=\"icon_text_holder\" style=\"\"><div class=\"icon_text_inner\" style=\"\"><h3 class=\"icon_title\" style=\"color: #ffffff;font-weight: 700;\">CONFORTABLE<\/h3><p style='color: #ffffff'>Capacidad aislante del sonido superior a otros aislantes, gracias a su estructura tridimensional de \ufb01bras absorbentes, que act\u00faan limitando la transmisi\u00f3n del ruido en el aire.    <\/p><\/div><\/div><\/div>[\/vc_column][\/vc_row][vc_row row_type=\u00bbparallax\u00bb parallax_content_width=\u00bbfull_width\u00bb text_align=\u00bbleft\u00bb full_screen_section_height=\u00bbno\u00bb section_height=\u00bb300&#8243; css=\u00bb.vc_custom_1599898917537{margin-top: 20px !important;margin-bottom: 20px !important;}\u00bb background_image=\u00bb437&#8243;][vc_column][\/vc_column][\/vc_row][vc_row css_animation=\u00bb\u00bb row_type=\u00bbrow\u00bb use_row_as_full_screen_section=\u00bbyes\u00bb type=\u00bbgrid\u00bb angled_section=\u00bbno\u00bb text_align=\u00bbleft\u00bb background_image_as_pattern=\u00bbwithout_pattern\u00bb css=\u00bb.vc_custom_1599125740254{margin-top: 0px !important;padding-top: 50px !important;padding-right: 0px !important;padding-bottom: 0px !important;padding-left: 0px !important;background-color: #ffffff !important;}\u00bb z_index=\u00bb\u00bb][vc_column css=\u00bb.vc_custom_1598863645201{margin-bottom: 20px !important;}\u00bb][vc_column_text]<\/p>\n<h3 style=\"text-align: center;\"><span style=\"color: #71684c;\"><strong>NUESTROS PRODUCTOS NITA-COTTON\u00ae<\/strong><\/span><\/h3>\n<p style=\"text-align: center;\"><span style=\"color: #71684c;\">Si te interesa alg\u00fan producto sin stock en la tienda online, no dudes en contactar con nosotros en <a style=\"color: #71684c;\" href=\"mailto:info@rmtinsulation.com\">info@rmtinsulation.com<\/a><\/span><\/p>\n<p>[\/vc_column_text][vc_separator type=\u00bbnormal\u00bb color=\u00bb#71684c\u00bb up=\u00bb20&#8243; down=\u00bb20&#8243;][\/vc_column][\/vc_row][vc_row css_animation=\u00bb\u00bb row_type=\u00bbrow\u00bb use_row_as_full_screen_section=\u00bbno\u00bb type=\u00bbgrid\u00bb angled_section=\u00bbno\u00bb text_align=\u00bbleft\u00bb background_image_as_pattern=\u00bbwithout_pattern\u00bb z_index=\u00bb\u00bb css=\u00bb.vc_custom_1599125602257{padding-top: 20px !important;padding-right: 20px !important;padding-bottom: 50px !important;padding-left: 20px !important;background-color: #ffffff !important;}\u00bb][vc_column]<div class=\"woocommerce columns-3 \"><ul class=\"products\">\n\t<li class=\"product type-product post-65 status-publish first instock product_cat-rmt-nita-es has-post-thumbnail sold-individually taxable shipping-taxable purchasable product-type-simple\">\n\t\t\n    <div class=\"top-product-section\">\n\n        <a itemprop=\"url\" href=\"https:\/\/rmtinsulation.com\/es\/producto\/nita-cotton-100\/\" class=\"product-category\">\n            <span class=\"image-wrapper\">\n            <img loading=\"lazy\" decoding=\"async\" width=\"300\" height=\"300\" src=\"https:\/\/rmtinsulation.com\/wp-content\/uploads\/2020\/08\/rmt-nita-product-10-300x300.jpg\" class=\"attachment-woocommerce_thumbnail size-woocommerce_thumbnail\" alt=\"\" srcset=\"https:\/\/rmtinsulation.com\/wp-content\/uploads\/2020\/08\/rmt-nita-product-10-300x300.jpg 300w, https:\/\/rmtinsulation.com\/wp-content\/uploads\/2020\/08\/rmt-nita-product-10-1024x1024.jpg 1024w, https:\/\/rmtinsulation.com\/wp-content\/uploads\/2020\/08\/rmt-nita-product-10-150x150.jpg 150w, https:\/\/rmtinsulation.com\/wp-content\/uploads\/2020\/08\/rmt-nita-product-10-768x768.jpg 768w, https:\/\/rmtinsulation.com\/wp-content\/uploads\/2020\/08\/rmt-nita-product-10-1536x1536.jpg 1536w, https:\/\/rmtinsulation.com\/wp-content\/uploads\/2020\/08\/rmt-nita-product-10-570x570.jpg 570w, https:\/\/rmtinsulation.com\/wp-content\/uploads\/2020\/08\/rmt-nita-product-10-500x500.jpg 500w, https:\/\/rmtinsulation.com\/wp-content\/uploads\/2020\/08\/rmt-nita-product-10-1000x1000.jpg 1000w, https:\/\/rmtinsulation.com\/wp-content\/uploads\/2020\/08\/rmt-nita-product-10-700x700.jpg 700w, https:\/\/rmtinsulation.com\/wp-content\/uploads\/2020\/08\/rmt-nita-product-10-600x600.jpg 600w, https:\/\/rmtinsulation.com\/wp-content\/uploads\/2020\/08\/rmt-nita-product-10-100x100.jpg 100w, https:\/\/rmtinsulation.com\/wp-content\/uploads\/2020\/08\/rmt-nita-product-10.jpg 2000w\" sizes=\"auto, (max-width: 300px) 100vw, 300px\" \/>            <\/span>\n        <\/a>\n\n\t\t\n    <\/div>\n        <a itemprop=\"url\" href=\"https:\/\/rmtinsulation.com\/es\/producto\/nita-cotton-100\/\" class=\"product-category product-info\">\n        <h6 itemprop=\"name\">NITA COTTON \u00ae Placa de 100 mm espesor<\/h6>\n\n        \n        \n    <\/a>\n\n    \n<\/li>\n\t<li class=\"product type-product post-66 status-publish instock product_cat-rmt-nita-es has-post-thumbnail sold-individually taxable shipping-taxable purchasable product-type-simple\">\n\t\t\n    <div class=\"top-product-section\">\n\n        <a itemprop=\"url\" href=\"https:\/\/rmtinsulation.com\/es\/producto\/nita-cotton-placa-de-45-mm-espesor\/\" class=\"product-category\">\n            <span class=\"image-wrapper\">\n            <img loading=\"lazy\" decoding=\"async\" width=\"300\" height=\"300\" src=\"https:\/\/rmtinsulation.com\/wp-content\/uploads\/2020\/08\/rmt-nita-product-12-300x300.jpg\" class=\"attachment-woocommerce_thumbnail size-woocommerce_thumbnail\" alt=\"\" srcset=\"https:\/\/rmtinsulation.com\/wp-content\/uploads\/2020\/08\/rmt-nita-product-12-300x300.jpg 300w, https:\/\/rmtinsulation.com\/wp-content\/uploads\/2020\/08\/rmt-nita-product-12-1024x1024.jpg 1024w, https:\/\/rmtinsulation.com\/wp-content\/uploads\/2020\/08\/rmt-nita-product-12-150x150.jpg 150w, https:\/\/rmtinsulation.com\/wp-content\/uploads\/2020\/08\/rmt-nita-product-12-768x768.jpg 768w, https:\/\/rmtinsulation.com\/wp-content\/uploads\/2020\/08\/rmt-nita-product-12-1536x1536.jpg 1536w, https:\/\/rmtinsulation.com\/wp-content\/uploads\/2020\/08\/rmt-nita-product-12-570x570.jpg 570w, https:\/\/rmtinsulation.com\/wp-content\/uploads\/2020\/08\/rmt-nita-product-12-500x500.jpg 500w, https:\/\/rmtinsulation.com\/wp-content\/uploads\/2020\/08\/rmt-nita-product-12-1000x1000.jpg 1000w, https:\/\/rmtinsulation.com\/wp-content\/uploads\/2020\/08\/rmt-nita-product-12-700x700.jpg 700w, https:\/\/rmtinsulation.com\/wp-content\/uploads\/2020\/08\/rmt-nita-product-12-600x600.jpg 600w, https:\/\/rmtinsulation.com\/wp-content\/uploads\/2020\/08\/rmt-nita-product-12-100x100.jpg 100w, https:\/\/rmtinsulation.com\/wp-content\/uploads\/2020\/08\/rmt-nita-product-12.jpg 2000w\" sizes=\"auto, (max-width: 300px) 100vw, 300px\" \/>            <\/span>\n        <\/a>\n\n\t\t\n    <\/div>\n        <a itemprop=\"url\" href=\"https:\/\/rmtinsulation.com\/es\/producto\/nita-cotton-placa-de-45-mm-espesor\/\" class=\"product-category product-info\">\n        <h6 itemprop=\"name\">NITA COTTON \u00ae Placa de 45 mm espesor<\/h6>\n\n        \n        \n    <\/a>\n\n    \n<\/li>\n\t<li class=\"product type-product post-68 status-publish last instock product_cat-rmt-nita-es has-post-thumbnail sold-individually taxable shipping-taxable purchasable product-type-simple\">\n\t\t\n    <div class=\"top-product-section\">\n\n        <a itemprop=\"url\" href=\"https:\/\/rmtinsulation.com\/es\/producto\/nita-cotton-es-un-aislamiento-termico-y-acustico-a-granel\/\" class=\"product-category\">\n            <span class=\"image-wrapper\">\n            <img loading=\"lazy\" decoding=\"async\" width=\"300\" height=\"300\" src=\"https:\/\/rmtinsulation.com\/wp-content\/uploads\/2020\/08\/rmt-nita-product-15-300x300.jpg\" class=\"attachment-woocommerce_thumbnail size-woocommerce_thumbnail\" alt=\"\" srcset=\"https:\/\/rmtinsulation.com\/wp-content\/uploads\/2020\/08\/rmt-nita-product-15-300x300.jpg 300w, https:\/\/rmtinsulation.com\/wp-content\/uploads\/2020\/08\/rmt-nita-product-15-1024x1024.jpg 1024w, https:\/\/rmtinsulation.com\/wp-content\/uploads\/2020\/08\/rmt-nita-product-15-150x150.jpg 150w, https:\/\/rmtinsulation.com\/wp-content\/uploads\/2020\/08\/rmt-nita-product-15-768x768.jpg 768w, https:\/\/rmtinsulation.com\/wp-content\/uploads\/2020\/08\/rmt-nita-product-15-1536x1536.jpg 1536w, https:\/\/rmtinsulation.com\/wp-content\/uploads\/2020\/08\/rmt-nita-product-15-570x570.jpg 570w, https:\/\/rmtinsulation.com\/wp-content\/uploads\/2020\/08\/rmt-nita-product-15-500x500.jpg 500w, https:\/\/rmtinsulation.com\/wp-content\/uploads\/2020\/08\/rmt-nita-product-15-1000x1000.jpg 1000w, https:\/\/rmtinsulation.com\/wp-content\/uploads\/2020\/08\/rmt-nita-product-15-700x700.jpg 700w, https:\/\/rmtinsulation.com\/wp-content\/uploads\/2020\/08\/rmt-nita-product-15-600x600.jpg 600w, https:\/\/rmtinsulation.com\/wp-content\/uploads\/2020\/08\/rmt-nita-product-15-100x100.jpg 100w, https:\/\/rmtinsulation.com\/wp-content\/uploads\/2020\/08\/rmt-nita-product-15.jpg 2000w\" sizes=\"auto, (max-width: 300px) 100vw, 300px\" \/>            <\/span>\n        <\/a>\n\n\t\t\n    <\/div>\n        <a itemprop=\"url\" href=\"https:\/\/rmtinsulation.com\/es\/producto\/nita-cotton-es-un-aislamiento-termico-y-acustico-a-granel\/\" class=\"product-category product-info\">\n        <h6 itemprop=\"name\">NITA COTTON\u00ae aislamiento t\u00e9rmico y ac\u00fastico a granel<\/h6>\n\n        \n        \n    <\/a>\n\n    \n<\/li><\/ul>\n<\/div>[\/vc_column][\/vc_row]<\/p>\n","protected":false},"excerpt":{"rendered":"<p>[vc_row row_type=\u00bbparallax\u00bb parallax_content_width=\u00bbfull_width\u00bb text_align=\u00bbleft\u00bb full_screen_section_height=\u00bbno\u00bb section_height=\u00bb400&#8243; css=\u00bb.vc_custom_1599898659794{margin-top: 20px !important;margin-bottom: 20px !important;padding-top: 50px !important;padding-right: 50px !important;padding-bottom: 50px !important;padding-left: 50px !important;}\u00bb background_image=\u00bb430&#8243;][vc_column&#8230;<\/p>\n","protected":false},"author":1,"featured_media":0,"parent":0,"menu_order":0,"comment_status":"closed","ping_status":"closed","template":"full_width.php","meta":{"footnotes":""},"class_list":["post-190","page","type-page","status-publish","hentry"],"_links":{"self":[{"href":"https:\/\/rmtinsulation.com\/es\/wp-json\/wp\/v2\/pages\/190","targetHints":{"allow":["GET"]}}],"collection":[{"href":"https:\/\/rmtinsulation.com\/es\/wp-json\/wp\/v2\/pages"}],"about":[{"href":"https:\/\/rmtinsulation.com\/es\/wp-json\/wp\/v2\/types\/page"}],"author":[{"embeddable":true,"href":"https:\/\/rmtinsulation.com\/es\/wp-json\/wp\/v2\/users\/1"}],"replies":[{"embeddable":true,"href":"https:\/\/rmtinsulation.com\/es\/wp-json\/wp\/v2\/comments?post=190"}],"version-history":[{"count":25,"href":"https:\/\/rmtinsulation.com\/es\/wp-json\/wp\/v2\/pages\/190\/revisions"}],"predecessor-version":[{"id":582,"href":"https:\/\/rmtinsulation.com\/es\/wp-json\/wp\/v2\/pages\/190\/revisions\/582"}],"wp:attachment":[{"href":"https:\/\/rmtinsulation.com\/es\/wp-json\/wp\/v2\/media?parent=190"}],"curies":[{"name":"wp","href":"https:\/\/api.w.org\/{rel}","templated":true}]}}