{"id":18,"date":"2020-08-04T08:16:57","date_gmt":"2020-08-04T08:16:57","guid":{"rendered":"https:\/\/rmt-nita.es\/?page_id=18"},"modified":"2020-09-12T19:13:29","modified_gmt":"2020-09-12T19:13:29","slug":"origen","status":"publish","type":"page","link":"https:\/\/rmtinsulation.com\/es\/origen\/","title":{"rendered":"ORIGEN"},"content":{"rendered":"<p>[vc_row css_animation=\u00bb\u00bb row_type=\u00bbrow\u00bb use_row_as_full_screen_section=\u00bbno\u00bb type=\u00bbfull_width\u00bb angled_section=\u00bbno\u00bb text_align=\u00bbleft\u00bb background_image_as_pattern=\u00bbwithout_pattern\u00bb z_index=\u00bb\u00bb background_image=\u00bb475&#8243; css=\u00bb.vc_custom_1599937486373{padding-top: 100px !important;padding-right: 20px !important;padding-bottom: 100px !important;padding-left: 20px !important;}\u00bb][vc_column][\/vc_column][\/vc_row][vc_row css_animation=\u00bb\u00bb row_type=\u00bbrow\u00bb use_row_as_full_screen_section=\u00bbno\u00bb type=\u00bbgrid\u00bb angled_section=\u00bbno\u00bb text_align=\u00bbleft\u00bb background_image_as_pattern=\u00bbwithout_pattern\u00bb z_index=\u00bb\u00bb css=\u00bb.vc_custom_1599937333744{margin-bottom: 0px !important;padding-top: 100px !important;padding-bottom: 100px !important;}\u00bb][vc_column width=\u00bb1\/2&#8243;][vc_column_text]<\/p>\n<div id=\"object_4869\" class=\"website_module\">\n<p class=\"p1\">RMT es una empresa familiar fundada en 1979 y desde entonces dedicada a la manufactura y el comercio de lana de oveja, un producto natural con excelentes cualidades t\u00e9cnicas y ventajas ambientales.<\/p>\n<p class=\"p1\">Sus procesos de fabricaci\u00f3n son fruto de d\u00e9cadas de desarrollo e innovaci\u00f3n constantes y han hecho posible que las lanas espa\u00f1olas mejoren sus propiedades y ampl\u00eden su campo de aplicaci\u00f3n. A esta oferta tradicional se suman nuevos materiales que tambi\u00e9n tiene claras ventajas ambientales, como es la nueva gama de aislamientos sostenibles para la edificaci\u00f3n de RMT-NITA.<\/p>\n<\/div>\n<div id=\"object_4739\" class=\"website_module\">\n<div>\n<div id=\"object_4718\" class=\"website_module\">\n<div class=\"mod_text\">\n<div>\n<div>\n<div id=\"object_4718\" class=\"website_module\">\n<div class=\"mod_text\">\n<div id=\"mod_text_4718\" class=\"textcontent\">\n<div id=\"object_4712\" class=\"website_module\">\n<div class=\"mod_title f_title\"><\/div>\n<\/div>\n<div id=\"object_4713\" class=\"website_module\">\n<div class=\"mod_text\">\n<div id=\"mod_text_4713\" class=\"textcontent\">\n<p>&nbsp;<\/p>\n<\/div>\n<\/div>\n<\/div>\n<\/div>\n<\/div>\n<\/div>\n<\/div>\n<\/div>\n<\/div>\n<\/div>\n<\/div>\n<\/div>\n<p>[\/vc_column_text][\/vc_column][vc_column width=\u00bb1\/2&#8243;][vc_single_image image=\u00bb426&#8243; img_size=\u00bbfull\u00bb alignment=\u00bbcenter\u00bb qode_css_animation=\u00bb\u00bb][\/vc_column][\/vc_row]<\/p>\n","protected":false},"excerpt":{"rendered":"<p>[vc_row css_animation=\u00bb\u00bb row_type=\u00bbrow\u00bb use_row_as_full_screen_section=\u00bbno\u00bb type=\u00bbfull_width\u00bb angled_section=\u00bbno\u00bb text_align=\u00bbleft\u00bb background_image_as_pattern=\u00bbwithout_pattern\u00bb z_index=\u00bb\u00bb background_image=\u00bb475&#8243; css=\u00bb.vc_custom_1599937486373{padding-top: 100px !important;padding-right: 20px !important;padding-bottom: 100px !important;padding-left: 20px !important;}\u00bb][vc_column][\/vc_column][\/vc_row][vc_row css_animation=\u00bb\u00bb&#8230;<\/p>\n","protected":false},"author":1,"featured_media":0,"parent":0,"menu_order":0,"comment_status":"closed","ping_status":"closed","template":"full_width.php","meta":{"footnotes":""},"class_list":["post-18","page","type-page","status-publish","hentry"],"_links":{"self":[{"href":"https:\/\/rmtinsulation.com\/es\/wp-json\/wp\/v2\/pages\/18","targetHints":{"allow":["GET"]}}],"collection":[{"href":"https:\/\/rmtinsulation.com\/es\/wp-json\/wp\/v2\/pages"}],"about":[{"href":"https:\/\/rmtinsulation.com\/es\/wp-json\/wp\/v2\/types\/page"}],"author":[{"embeddable":true,"href":"https:\/\/rmtinsulation.com\/es\/wp-json\/wp\/v2\/users\/1"}],"replies":[{"embeddable":true,"href":"https:\/\/rmtinsulation.com\/es\/wp-json\/wp\/v2\/comments?post=18"}],"version-history":[{"count":16,"href":"https:\/\/rmtinsulation.com\/es\/wp-json\/wp\/v2\/pages\/18\/revisions"}],"predecessor-version":[{"id":478,"href":"https:\/\/rmtinsulation.com\/es\/wp-json\/wp\/v2\/pages\/18\/revisions\/478"}],"wp:attachment":[{"href":"https:\/\/rmtinsulation.com\/es\/wp-json\/wp\/v2\/media?parent=18"}],"curies":[{"name":"wp","href":"https:\/\/api.w.org\/{rel}","templated":true}]}}