{"id":1055,"date":"2022-05-14T22:04:48","date_gmt":"2022-05-14T22:04:48","guid":{"rendered":"https:\/\/rmt-nita.es\/?post_type=product&#038;p=1055"},"modified":"2023-02-06T22:12:27","modified_gmt":"2023-02-06T22:12:27","slug":"nita-hemp-aillament-termic-i-acustic-en-mantells","status":"publish","type":"product","link":"https:\/\/rmtinsulation.com\/ca\/producto\/nita-hemp-aillament-termic-i-acustic-en-mantells\/","title":{"rendered":"NITA HEMP\u00ae A\u00efllament t\u00e8rmic i ac\u00fastic en mantells"},"content":{"rendered":"","protected":false},"excerpt":{"rendered":"<p>A\u00efllament t\u00e8rmic i ac\u00fastic en mantells de fibres llargues procedents de la part central de la planta de c\u00e0nem (c\u00e0nnabis sativa). Es tracta d\u2019un material natural i renovable.<\/p>\n<p>CARACTER\u00cdSTIQUES PRINCIPALS<br \/>\n\u2022 Gran capacitat com a\u00efllament t\u00e8rmic i ac\u00fastic.<br \/>\n\u2022 Composici\u00f3: fibres de c\u00e0nem (>80%) i lligant de poli\u00e8ster.<br \/>\n\u2022 Transpirable i higrosc\u00f2pic.<br \/>\n\u2022 Org\u00e0nic, reciclable i procedent d\u2019una font renovable.<br \/>\n\u2022 Durable i resistent en el temps.<br \/>\n\u2022 No abrasiu i de molt f\u00e0cil instal\u00b7laci\u00f3.<\/p>\n","protected":false},"featured_media":84,"template":"","meta":[],"product_brand":[],"product_cat":[94],"product_tag":[],"class_list":{"0":"post-1055","1":"product","2":"type-product","3":"status-publish","4":"has-post-thumbnail","6":"product_cat-rmt-nita-ca","8":"first","9":"onbackorder","10":"taxable","11":"shipping-taxable","12":"purchasable","13":"product-type-simple"},"_links":{"self":[{"href":"https:\/\/rmtinsulation.com\/ca\/wp-json\/wp\/v2\/product\/1055","targetHints":{"allow":["GET"]}}],"collection":[{"href":"https:\/\/rmtinsulation.com\/ca\/wp-json\/wp\/v2\/product"}],"about":[{"href":"https:\/\/rmtinsulation.com\/ca\/wp-json\/wp\/v2\/types\/product"}],"wp:featuredmedia":[{"embeddable":true,"href":"https:\/\/rmtinsulation.com\/ca\/wp-json\/wp\/v2\/media\/84"}],"wp:attachment":[{"href":"https:\/\/rmtinsulation.com\/ca\/wp-json\/wp\/v2\/media?parent=1055"}],"wp:term":[{"taxonomy":"product_brand","embeddable":true,"href":"https:\/\/rmtinsulation.com\/ca\/wp-json\/wp\/v2\/product_brand?post=1055"},{"taxonomy":"product_cat","embeddable":true,"href":"https:\/\/rmtinsulation.com\/ca\/wp-json\/wp\/v2\/product_cat?post=1055"},{"taxonomy":"product_tag","embeddable":true,"href":"https:\/\/rmtinsulation.com\/ca\/wp-json\/wp\/v2\/product_tag?post=1055"}],"curies":[{"name":"wp","href":"https:\/\/api.w.org\/{rel}","templated":true}]}}