{"id":1053,"date":"2022-05-14T21:59:39","date_gmt":"2022-05-14T21:59:39","guid":{"rendered":"https:\/\/rmt-nita.es\/?post_type=product&#038;p=1053"},"modified":"2022-05-15T08:10:42","modified_gmt":"2022-05-15T08:10:42","slug":"vegetal-cover-feltre-fibres-vegetals","status":"publish","type":"product","link":"https:\/\/rmtinsulation.com\/ca\/producto\/vegetal-cover-feltre-fibres-vegetals\/","title":{"rendered":"Vegetal Cover &#8211; Feltre fibres vegetals"},"content":{"rendered":"","protected":false},"excerpt":{"rendered":"<p>Vegetal Cover<br \/>\n\u00c9s un compost de fibres procedents majorit\u00e0riament de recursos org\u00e0nics i bio , la llana d&#8217;ovella i el c\u00e0nem (c\u00e0nnabis sativa). Del c\u00e0nem s&#8217;utilitzen les fibres llargues que s&#8217;extreuen de la part central de la planta, i la llana<br \/>\nd&#8217;ovella prov\u00e9 de la xolla regular de l&#8217;animal, amb fibres de 20 a 30 mm de llarg i di\u00e0metre de 25 a 40 micres, pr\u00e8viament rentades i tractades amb retardant al foc, amb propietats fungicides i protecci\u00f3 als insectes.<\/p>\n<p>Caracter\u00edstiques generals<br \/>\n\u2022Gran capacitat com a a\u00efllament t\u00e8rmic i ac\u00fastic.<br \/>\n\u2022Composici\u00f3 a base de fibres de c\u00e0nem i llana d&#8217;ovella (*aprox . 42,5% c\u00e0nem i 42,5% llana d&#8217;ovella<br \/>\n), i *ligante de poli\u00e8ster.<br \/>\n\u2022Material molt transpirable i higrosc\u00f2pic (fins a un 24% del seu pes).<br \/>\n\u2022Material reciclable, procedent d&#8217;una font org\u00e0nica i renovable<br \/>\n\u2022Evita la condensaci\u00f3 en cambres d&#8217;a\u00efllament.<br \/>\n\u2022Producte tractat contra els fongs, els insectes i amb retardant al foc.<br \/>\n\u2022Lliure d&#8217;agents t\u00f2xics i\/o al\u00b7lerg\u00f2gens.<br \/>\n\u2022Material molt durable i resistent en el temps.<br \/>\n\u2022Material no abrasiu i de molt f\u00e0cil instal\u00b7laci\u00f3.<\/p>\n","protected":false},"featured_media":78,"template":"","meta":[],"product_brand":[],"product_cat":[17],"product_tag":[],"class_list":{"0":"post-1053","1":"product","2":"type-product","3":"status-publish","4":"has-post-thumbnail","6":"product_cat-rmt-nita-es","8":"first","9":"onbackorder","10":"taxable","11":"shipping-taxable","12":"purchasable","13":"product-type-simple"},"_links":{"self":[{"href":"https:\/\/rmtinsulation.com\/ca\/wp-json\/wp\/v2\/product\/1053","targetHints":{"allow":["GET"]}}],"collection":[{"href":"https:\/\/rmtinsulation.com\/ca\/wp-json\/wp\/v2\/product"}],"about":[{"href":"https:\/\/rmtinsulation.com\/ca\/wp-json\/wp\/v2\/types\/product"}],"wp:featuredmedia":[{"embeddable":true,"href":"https:\/\/rmtinsulation.com\/ca\/wp-json\/wp\/v2\/media\/78"}],"wp:attachment":[{"href":"https:\/\/rmtinsulation.com\/ca\/wp-json\/wp\/v2\/media?parent=1053"}],"wp:term":[{"taxonomy":"product_brand","embeddable":true,"href":"https:\/\/rmtinsulation.com\/ca\/wp-json\/wp\/v2\/product_brand?post=1053"},{"taxonomy":"product_cat","embeddable":true,"href":"https:\/\/rmtinsulation.com\/ca\/wp-json\/wp\/v2\/product_cat?post=1053"},{"taxonomy":"product_tag","embeddable":true,"href":"https:\/\/rmtinsulation.com\/ca\/wp-json\/wp\/v2\/product_tag?post=1053"}],"curies":[{"name":"wp","href":"https:\/\/api.w.org\/{rel}","templated":true}]}}