{"id":1049,"date":"2022-05-14T21:51:51","date_gmt":"2022-05-14T21:51:51","guid":{"rendered":"https:\/\/rmt-nita.es\/?post_type=product&#038;p=1049"},"modified":"2024-07-15T05:41:08","modified_gmt":"2024-07-15T05:41:08","slug":"nita-wool-bobines-de-llana","status":"publish","type":"product","link":"https:\/\/rmtinsulation.com\/ca\/producto\/nita-wool-bobines-de-llana\/","title":{"rendered":"NITA-WOOL\u00ae bobines de llana"},"content":{"rendered":"","protected":false},"excerpt":{"rendered":"<p>NITA-WOOL\u00ae bobines de llana d\u2019ovella tractada NITA-WOOL, adients per utilitzar-se com a a\u00efllament entre juntes (marcs perimetrals de finestres i portes, espais entre troncs i taulells de fusta&#8230;) i garantir l\u2019estanque\u00eftat de l\u2019habitatge.<br \/>\nCARACTER\u00cdSTIQUES PRINCIPALS<br \/>\n\u2022 Gran capacitat com a\u00efllament t\u00e8rmic i ac\u00fastic.<br \/>\n\u2022 Composici\u00f3: llana d\u2019ovella 100% natural.<br \/>\n\u2022 Transpirable i higrosc\u00f2pic (fins a un 33% del seu pes).<br \/>\n\u2022 Reciclable, procedent d\u2019una font org\u00e0nica i renovable.<br \/>\n\u2022 Durable i resistent en el temps.<br \/>\n\u2022 No abrasiu i de molt f\u00e0cil instal\u00b7laci\u00f3.<\/p>\n<p><iframe loading=\"lazy\" width=\"560\" height=\"315\" src=\"https:\/\/www.youtube.com\/embed\/NOE7n19yFSE?si=dLE6yfN69pFstr5I\" title=\"YouTube video player\" frameborder=\"0\" allow=\"accelerometer; autoplay; clipboard-write; encrypted-media; gyroscope; picture-in-picture; web-share\" referrerpolicy=\"strict-origin-when-cross-origin\" allowfullscreen><\/iframe><\/p>\n","protected":false},"featured_media":90,"template":"","meta":[],"product_brand":[],"product_cat":[94],"product_tag":[],"class_list":{"0":"post-1049","1":"product","2":"type-product","3":"status-publish","4":"has-post-thumbnail","6":"product_cat-rmt-nita-ca","8":"first","9":"onbackorder","10":"taxable","11":"shipping-taxable","12":"purchasable","13":"product-type-simple"},"_links":{"self":[{"href":"https:\/\/rmtinsulation.com\/ca\/wp-json\/wp\/v2\/product\/1049","targetHints":{"allow":["GET"]}}],"collection":[{"href":"https:\/\/rmtinsulation.com\/ca\/wp-json\/wp\/v2\/product"}],"about":[{"href":"https:\/\/rmtinsulation.com\/ca\/wp-json\/wp\/v2\/types\/product"}],"wp:featuredmedia":[{"embeddable":true,"href":"https:\/\/rmtinsulation.com\/ca\/wp-json\/wp\/v2\/media\/90"}],"wp:attachment":[{"href":"https:\/\/rmtinsulation.com\/ca\/wp-json\/wp\/v2\/media?parent=1049"}],"wp:term":[{"taxonomy":"product_brand","embeddable":true,"href":"https:\/\/rmtinsulation.com\/ca\/wp-json\/wp\/v2\/product_brand?post=1049"},{"taxonomy":"product_cat","embeddable":true,"href":"https:\/\/rmtinsulation.com\/ca\/wp-json\/wp\/v2\/product_cat?post=1049"},{"taxonomy":"product_tag","embeddable":true,"href":"https:\/\/rmtinsulation.com\/ca\/wp-json\/wp\/v2\/product_tag?post=1049"}],"curies":[{"name":"wp","href":"https:\/\/api.w.org\/{rel}","templated":true}]}}