{"id":1046,"date":"2022-05-14T21:46:59","date_gmt":"2022-05-14T21:46:59","guid":{"rendered":"https:\/\/rmt-nita.es\/?post_type=product&#038;p=1046"},"modified":"2024-07-15T05:41:14","modified_gmt":"2024-07-15T05:41:14","slug":"nita-wool-feltre-punxonat","status":"publish","type":"product","link":"https:\/\/rmtinsulation.com\/ca\/producto\/nita-wool-feltre-punxonat\/","title":{"rendered":"NITA WOOL\u00ae Feltre punxonat"},"content":{"rendered":"","protected":false},"excerpt":{"rendered":"<p>NITA-WOOL\u00ae a\u00efllament t\u00e8rmic i ac\u00fastic amb feltres termofixats, de la llana, que es genera en el proc\u00e9s de l\u2019esquila de les ovelles, i poli\u00e8ster. Els feltres de llana tenen diverses aplicacions. Com a\u00efllament t\u00e8rmic, es poden aplicar tant en superf\u00edcies d\u2019acabat (parets i cortines) com a l\u2019interior de trasdosats i falsos sostres. Com a\u00efllament ac\u00fastic son pr\u00e0ctic absorbidor d\u2019impacte sota parquet, tamb\u00e9 eviten la reverberaci\u00f3 si s\u2019instal\u00b7len com a revestit de parets i sostres.<br \/>\nCARACTER\u00cdSTIQUES PRINCIPALS<br \/>\n\u2022 Gran capacitat com a\u00efllament t\u00e8rmic i ac\u00fastic.<br \/>\n\u2022 Composici\u00f3: llana d\u2019ovella 100% natural i termofixat amb 10% poli\u00e8ster.<br \/>\n\u2022 Transpirable i higrosc\u00f2pic (fins a un 33% del seu pes).<br \/>\n\u2022 Reciclable, procedent d\u2019una font org\u00e0nica i renovable.<br \/>\n\u2022 La condensaci\u00f3 en cambres d\u2019a\u00efllament.<br \/>\n\u2022 Lliure d\u2019agents t\u00f2xics i\/o al\u00b7lerg\u00f2gens.<br \/>\n\u2022 Resistent en el temps.<br \/>\n\u2022 No abrasiu i de molt f\u00e0cil instal\u00b7laci\u00f3.<\/p>\n<p><iframe loading=\"lazy\" width=\"560\" height=\"315\" src=\"https:\/\/www.youtube.com\/embed\/NOE7n19yFSE?si=dLE6yfN69pFstr5I\" title=\"YouTube video player\" frameborder=\"0\" allow=\"accelerometer; autoplay; clipboard-write; encrypted-media; gyroscope; picture-in-picture; web-share\" referrerpolicy=\"strict-origin-when-cross-origin\" allowfullscreen><\/iframe><\/p>\n","protected":false},"featured_media":80,"template":"","meta":[],"product_brand":[],"product_cat":[94],"product_tag":[],"class_list":{"0":"post-1046","1":"product","2":"type-product","3":"status-publish","4":"has-post-thumbnail","6":"product_cat-rmt-nita-ca","8":"first","9":"onbackorder","10":"taxable","11":"shipping-taxable","12":"purchasable","13":"product-type-simple"},"_links":{"self":[{"href":"https:\/\/rmtinsulation.com\/ca\/wp-json\/wp\/v2\/product\/1046","targetHints":{"allow":["GET"]}}],"collection":[{"href":"https:\/\/rmtinsulation.com\/ca\/wp-json\/wp\/v2\/product"}],"about":[{"href":"https:\/\/rmtinsulation.com\/ca\/wp-json\/wp\/v2\/types\/product"}],"wp:featuredmedia":[{"embeddable":true,"href":"https:\/\/rmtinsulation.com\/ca\/wp-json\/wp\/v2\/media\/80"}],"wp:attachment":[{"href":"https:\/\/rmtinsulation.com\/ca\/wp-json\/wp\/v2\/media?parent=1046"}],"wp:term":[{"taxonomy":"product_brand","embeddable":true,"href":"https:\/\/rmtinsulation.com\/ca\/wp-json\/wp\/v2\/product_brand?post=1046"},{"taxonomy":"product_cat","embeddable":true,"href":"https:\/\/rmtinsulation.com\/ca\/wp-json\/wp\/v2\/product_cat?post=1046"},{"taxonomy":"product_tag","embeddable":true,"href":"https:\/\/rmtinsulation.com\/ca\/wp-json\/wp\/v2\/product_tag?post=1046"}],"curies":[{"name":"wp","href":"https:\/\/api.w.org\/{rel}","templated":true}]}}