{"id":1041,"date":"2022-05-14T21:39:02","date_gmt":"2022-05-14T21:39:02","guid":{"rendered":"https:\/\/rmt-nita.es\/?post_type=product&#038;p=1041"},"modified":"2024-07-15T05:45:26","modified_gmt":"2024-07-15T05:45:26","slug":"nita-cotton-placa-de-100-mm-gruix","status":"publish","type":"product","link":"https:\/\/rmtinsulation.com\/ca\/producto\/nita-cotton-placa-de-100-mm-gruix\/","title":{"rendered":"NITA COTTON \u00ae Placa de 100 mm gruix"},"content":{"rendered":"","protected":false},"excerpt":{"rendered":"<p>NITA-COTTON\u00ae A\u00efllament t\u00e8rmic i ac\u00fastic en format de placa de fibres de cot\u00f3 procedents del reciclat i regenerat dels retalls de confecci\u00f3.<br \/>\nCARACTER\u00cdSTIQUES PRINCIPALS<br \/>\n\u2022 Gran capacitat com a\u00efllament t\u00e8rmic i ac\u00fastic.<br \/>\n\u2022 Composici\u00f3: fibres de cot\u00f3 (>70 %), de poli\u00e8ster i altres fibres t\u00e8xtils.<br \/>\n\u2022 Transpirable i higrosc\u00f2pic.<br \/>\n\u2022 Org\u00e0nic, renovable, reciclat i reciclable.<br \/>\n\u2022 Dificulta la condensaci\u00f3 en cambres d\u2019a\u00efllament.<br \/>\n\u2022 Producte tractat contra els fongs i amb retardant al foc.<br \/>\n\u2022 Lliure d\u2019agents t\u00f2xics i\/o al\u00b7lerg\u00f2gens.<br \/>\n\u2022 No abrasiu i de molt f\u00e0cil instal\u00b7laci\u00f3.<br \/>\n\u2022 Resistent en el temps.<br \/>\n<iframe loading=\"lazy\" width=\"560\" height=\"315\" src=\"https:\/\/www.youtube.com\/embed\/OFB-CiYnWhM?si=XxDLD1rRQRz4rM7X\" title=\"YouTube video player\" frameborder=\"0\" allow=\"accelerometer; autoplay; clipboard-write; encrypted-media; gyroscope; picture-in-picture; web-share\" referrerpolicy=\"strict-origin-when-cross-origin\" allowfullscreen><\/iframe><\/p>\n","protected":false},"featured_media":86,"template":"","meta":[],"product_brand":[],"product_cat":[94],"product_tag":[],"class_list":{"0":"post-1041","1":"product","2":"type-product","3":"status-publish","4":"has-post-thumbnail","6":"product_cat-rmt-nita-ca","8":"first","9":"onbackorder","10":"taxable","11":"shipping-taxable","12":"purchasable","13":"product-type-simple"},"_links":{"self":[{"href":"https:\/\/rmtinsulation.com\/ca\/wp-json\/wp\/v2\/product\/1041","targetHints":{"allow":["GET"]}}],"collection":[{"href":"https:\/\/rmtinsulation.com\/ca\/wp-json\/wp\/v2\/product"}],"about":[{"href":"https:\/\/rmtinsulation.com\/ca\/wp-json\/wp\/v2\/types\/product"}],"wp:featuredmedia":[{"embeddable":true,"href":"https:\/\/rmtinsulation.com\/ca\/wp-json\/wp\/v2\/media\/86"}],"wp:attachment":[{"href":"https:\/\/rmtinsulation.com\/ca\/wp-json\/wp\/v2\/media?parent=1041"}],"wp:term":[{"taxonomy":"product_brand","embeddable":true,"href":"https:\/\/rmtinsulation.com\/ca\/wp-json\/wp\/v2\/product_brand?post=1041"},{"taxonomy":"product_cat","embeddable":true,"href":"https:\/\/rmtinsulation.com\/ca\/wp-json\/wp\/v2\/product_cat?post=1041"},{"taxonomy":"product_tag","embeddable":true,"href":"https:\/\/rmtinsulation.com\/ca\/wp-json\/wp\/v2\/product_tag?post=1041"}],"curies":[{"name":"wp","href":"https:\/\/api.w.org\/{rel}","templated":true}]}}