{"id":1039,"date":"2022-05-14T21:33:53","date_gmt":"2022-05-14T21:33:53","guid":{"rendered":"https:\/\/rmt-nita.es\/?post_type=product&#038;p=1039"},"modified":"2024-07-15T05:45:32","modified_gmt":"2024-07-15T05:45:32","slug":"nita-cotton-placa-de-45-mm-gruix","status":"publish","type":"product","link":"https:\/\/rmtinsulation.com\/ca\/producto\/nita-cotton-placa-de-45-mm-gruix\/","title":{"rendered":"NITA COTTON \u00ae Placa de 45 mm gruix"},"content":{"rendered":"","protected":false},"excerpt":{"rendered":"<p>NITA COTTON\u00ae s&#8217;un a\u00efllament t\u00e8rmic i ac\u00fastic a granel a base de fibres de cot\u00f3 procedents del reciclatge i regenerat dels retales de confecci\u00f3.<br \/>\nCaracter\u00edstiques generals<br \/>\n\u2022Gran capacitat com a a\u00efllament t\u00e8rmic i ac\u00fastic.<br \/>\n\u2022Composici\u00f3 a base de fibres de cot\u00f3 (aprox. 85%) i altres fibres t\u00e8xtils.\u2022Material molt transpirable i higrosc\u00f2pic.<br \/>\n\u2022Material org\u00e0nic, renovable, reciclatge i reciclable.<br \/>\n\u2022Evita la condensaci\u00f3 en cambres d&#8217;a\u00efllament.<br \/>\n\u2022Producte tractat contra els fongs i con retardant al foc.<br \/>\n\u2022Lliure d&#8217;agents t\u00f2xics i\/o al\u00b7lerg\u00f2gens.<br \/>\n\u2022Material molt durable i resistent en el temps.<br \/>\n\u2022Material no abrasiu i de molt f\u00e0cil instal\u00b7laci\u00f3.<br \/>\n<iframe loading=\"lazy\" width=\"560\" height=\"315\" src=\"https:\/\/www.youtube.com\/embed\/OFB-CiYnWhM?si=XxDLD1rRQRz4rM7X\" title=\"YouTube video player\" frameborder=\"0\" allow=\"accelerometer; autoplay; clipboard-write; encrypted-media; gyroscope; picture-in-picture; web-share\" referrerpolicy=\"strict-origin-when-cross-origin\" allowfullscreen><\/iframe><\/p>\n","protected":false},"featured_media":88,"template":"","meta":[],"product_brand":[],"product_cat":[94],"product_tag":[],"class_list":{"0":"post-1039","1":"product","2":"type-product","3":"status-publish","4":"has-post-thumbnail","6":"product_cat-rmt-nita-ca","8":"first","9":"onbackorder","10":"taxable","11":"shipping-taxable","12":"purchasable","13":"product-type-simple"},"_links":{"self":[{"href":"https:\/\/rmtinsulation.com\/ca\/wp-json\/wp\/v2\/product\/1039","targetHints":{"allow":["GET"]}}],"collection":[{"href":"https:\/\/rmtinsulation.com\/ca\/wp-json\/wp\/v2\/product"}],"about":[{"href":"https:\/\/rmtinsulation.com\/ca\/wp-json\/wp\/v2\/types\/product"}],"wp:featuredmedia":[{"embeddable":true,"href":"https:\/\/rmtinsulation.com\/ca\/wp-json\/wp\/v2\/media\/88"}],"wp:attachment":[{"href":"https:\/\/rmtinsulation.com\/ca\/wp-json\/wp\/v2\/media?parent=1039"}],"wp:term":[{"taxonomy":"product_brand","embeddable":true,"href":"https:\/\/rmtinsulation.com\/ca\/wp-json\/wp\/v2\/product_brand?post=1039"},{"taxonomy":"product_cat","embeddable":true,"href":"https:\/\/rmtinsulation.com\/ca\/wp-json\/wp\/v2\/product_cat?post=1039"},{"taxonomy":"product_tag","embeddable":true,"href":"https:\/\/rmtinsulation.com\/ca\/wp-json\/wp\/v2\/product_tag?post=1039"}],"curies":[{"name":"wp","href":"https:\/\/api.w.org\/{rel}","templated":true}]}}