{"id":1019,"date":"2022-05-14T20:51:31","date_gmt":"2022-05-14T20:51:31","guid":{"rendered":"https:\/\/rmt-nita.es\/?post_type=product&#038;p=1019"},"modified":"2022-05-15T08:12:33","modified_gmt":"2022-05-15T08:12:33","slug":"coverlights-cobertors-lluminaries","status":"publish","type":"product","link":"https:\/\/rmtinsulation.com\/ca\/producto\/coverlights-cobertors-lluminaries\/","title":{"rendered":"COVERLIGHTS &#8211; Cobertors de llumin\u00e0ries"},"content":{"rendered":"","protected":false},"excerpt":{"rendered":"<p>Els COVERLIGHTS o cobertors de llumin\u00e0ries, estan dissenyats per protegir l\u2019a\u00efllament de la calor que emeten els punts de llum i per millorar l\u2019estanque\u00eftat dels falsos sostres, evitant que hi puguin haver p\u00e8rdues de temperatura per les cavitats de les instal\u00b7lacions. Els Coverlights s\u00f3n ign\u00edfugs, tenencapacitat a\u00efllant i poden ser coberts per a\u00efllaments.<\/p>\n","protected":false},"featured_media":343,"template":"","meta":[],"product_brand":[],"product_cat":[17],"product_tag":[],"class_list":{"0":"post-1019","1":"product","2":"type-product","3":"status-publish","4":"has-post-thumbnail","6":"product_cat-rmt-nita-es","8":"first","9":"onbackorder","10":"taxable","11":"shipping-taxable","12":"purchasable","13":"product-type-simple"},"_links":{"self":[{"href":"https:\/\/rmtinsulation.com\/ca\/wp-json\/wp\/v2\/product\/1019","targetHints":{"allow":["GET"]}}],"collection":[{"href":"https:\/\/rmtinsulation.com\/ca\/wp-json\/wp\/v2\/product"}],"about":[{"href":"https:\/\/rmtinsulation.com\/ca\/wp-json\/wp\/v2\/types\/product"}],"wp:featuredmedia":[{"embeddable":true,"href":"https:\/\/rmtinsulation.com\/ca\/wp-json\/wp\/v2\/media\/343"}],"wp:attachment":[{"href":"https:\/\/rmtinsulation.com\/ca\/wp-json\/wp\/v2\/media?parent=1019"}],"wp:term":[{"taxonomy":"product_brand","embeddable":true,"href":"https:\/\/rmtinsulation.com\/ca\/wp-json\/wp\/v2\/product_brand?post=1019"},{"taxonomy":"product_cat","embeddable":true,"href":"https:\/\/rmtinsulation.com\/ca\/wp-json\/wp\/v2\/product_cat?post=1019"},{"taxonomy":"product_tag","embeddable":true,"href":"https:\/\/rmtinsulation.com\/ca\/wp-json\/wp\/v2\/product_tag?post=1019"}],"curies":[{"name":"wp","href":"https:\/\/api.w.org\/{rel}","templated":true}]}}