{"id":678,"date":"2020-09-30T09:29:30","date_gmt":"2020-09-30T09:29:30","guid":{"rendered":"https:\/\/rmt-nita.es\/?page_id=678"},"modified":"2022-05-15T08:47:43","modified_gmt":"2022-05-15T08:47:43","slug":"wool-cat","status":"publish","type":"page","link":"https:\/\/rmtinsulation.com\/ca\/wool-cat\/","title":{"rendered":"WOOL"},"content":{"rendered":"<p>[vc_row row_type=&#8221;parallax&#8221; parallax_content_width=&#8221;full_width&#8221; text_align=&#8221;left&#8221; full_screen_section_height=&#8221;no&#8221; section_height=&#8221;400&#8243; css=&#8221;.vc_custom_1599897714285{margin-top: 20px !important;margin-bottom: 20px !important;padding-top: 50px !important;padding-right: 50px !important;padding-bottom: 50px !important;padding-left: 50px !important;}&#8221; background_image=&#8221;426&#8243;][vc_column css=&#8221;.vc_custom_1598873661613{margin-top: 20px !important;padding-top: 20px !important;padding-right: 20px !important;padding-bottom: 20px !important;padding-left: 20px !important;}&#8221;][vc_single_image image=&#8221;304&#8243; img_size=&#8221;medium&#8221; alignment=&#8221;center&#8221; qode_css_animation=&#8221;&#8221;][\/vc_column][\/vc_row][vc_row css_animation=&#8221;&#8221; row_type=&#8221;row&#8221; use_row_as_full_screen_section=&#8221;no&#8221; type=&#8221;grid&#8221; angled_section=&#8221;no&#8221; text_align=&#8221;left&#8221; background_image_as_pattern=&#8221;without_pattern&#8221; css=&#8221;.vc_custom_1598869767337{margin-top: 50px !important;padding-top: 0px !important;padding-right: 0px !important;padding-bottom: 0px !important;padding-left: 0px !important;}&#8221; z_index=&#8221;&#8221;][vc_column css=&#8221;.vc_custom_1598868788562{margin-bottom: 20px !important;}&#8221;][vc_column_text]<\/p>\n<h3 style=\"text-align: center\">NITA-WOOL\u00ae<\/h3>\n<h3 style=\"text-align: center\"><\/h3>\n<p>[\/vc_column_text][vc_separator type=&#8221;normal&#8221; color=&#8221;#ffffff&#8221; up=&#8221;20&#8243; down=&#8221;20&#8243;][\/vc_column][\/vc_row][vc_row css_animation=&#8221;&#8221; row_type=&#8221;row&#8221; use_row_as_full_screen_section=&#8221;no&#8221; type=&#8221;grid&#8221; angled_section=&#8221;no&#8221; text_align=&#8221;left&#8221; background_image_as_pattern=&#8221;without_pattern&#8221; usi_row_as_full_screen_section=&#8221;no&#8221; css=&#8221;.vc_custom_1599851916252{margin-top: 20px !important;margin-bottom: 100px !important;padding-top: 0px !important;padding-right: 0px !important;padding-bottom: 0px !important;padding-left: 0px !important;}&#8221; z_index=&#8221;&#8221;][vc_column][vc_column_text]<\/p>\n<h3 style=\"text-align: center\"><\/h3>\n<h2 style=\"text-align: center\"><span style=\"color: #ffffff\">El gran impacte mediambiental que t\u00e9 l&#8217;edificaci\u00f3 en la nostra societat troba en els materials naturals i renovables com NITA-WOOL\u00ae; una oportunitat per a millorar el medi ambient. Aix\u00f2 es deu al fet que l&#8217;\u00fas de la llana d&#8217;ovella com a a\u00efllant redueix significativament els efectes negatius del consum de recursos, la despesa energ\u00e8tica i les emissions causants de l&#8217;efecte d&#8217;hivernacle.<\/span><\/h2>\n<p>[\/vc_column_text][\/vc_column][\/vc_row][vc_row row_type=&#8221;parallax&#8221; parallax_content_width=&#8221;full_width&#8221; text_align=&#8221;left&#8221; full_screen_section_height=&#8221;no&#8221; section_height=&#8221;300&#8243; css=&#8221;.vc_custom_1599899881790{margin-top: 50px !important;margin-bottom: 20px !important;}&#8221; background_image=&#8221;448&#8243;][vc_column][\/vc_column][\/vc_row][vc_row css_animation=&#8221;&#8221; row_type=&#8221;row&#8221; use_row_as_full_screen_section=&#8221;no&#8221; type=&#8221;grid&#8221; angled_section=&#8221;no&#8221; text_align=&#8221;left&#8221; background_image_as_pattern=&#8221;without_pattern&#8221; usi_row_as_full_screen_section=&#8221;yes&#8221; css=&#8221;.vc_custom_1598872471207{margin-top: 0px !important;padding-top: 50px !important;padding-right: 0px !important;padding-bottom: 0px !important;padding-left: 0px !important;background-color: #c4c833 !important;}&#8221; z_index=&#8221;&#8221;][vc_column css=&#8221;.vc_custom_1598869932123{margin-bottom: 20px !important;}&#8221;][vc_column_text]<\/p>\n<h3 style=\"text-align: center\">AVANTATGES<\/h3>\n<h3 style=\"text-align: center\"><\/h3>\n<p>[\/vc_column_text][vc_separator type=&#8221;normal&#8221; color=&#8221;#ffffff&#8221; up=&#8221;20&#8243; down=&#8221;20&#8243;][\/vc_column][\/vc_row][vc_row css_animation=&#8221;&#8221; row_type=&#8221;row&#8221; use_row_as_full_screen_section=&#8221;no&#8221; type=&#8221;grid&#8221; angled_section=&#8221;no&#8221; text_align=&#8221;left&#8221; background_image_as_pattern=&#8221;without_pattern&#8221; usi_row_as_full_screen_section=&#8221;no&#8221; css=&#8221;.vc_custom_1598870378050{margin-top: 0px !important;padding-top: 40px !important;padding-right: 40px !important;padding-bottom: 40px !important;padding-left: 40px !important;background-color: #c4c833 !important;}&#8221; z_index=&#8221;&#8221;][vc_column width=&#8221;1\/4&#8243; css=&#8221;.vc_custom_1598863645201{margin-bottom: 20px !important;}&#8221;]<div class='q_icon_with_title large normal_icon center '><div class=\"icon_holder \" style=\" \"><span data-icon-type=\"normal\"  data-icon-hover-color=\"#eaeaea\" style=\"\" class=\"qode_iwt_icon_holder q_font_awsome_icon fa-4x  \"><i class=\"qode_icon_font_awesome_5 fa5 fa fa-clipboard-check qode_iwt_icon_element\" style=\"color: #ffffff;\" ><\/i><\/span><\/div><div class=\"icon_text_holder\" style=\"\"><div class=\"icon_text_inner\" style=\"\"><h3 class=\"icon_title\" style=\"color: #ffffff;font-weight: 700;\">BAIXES EMISSIONS<\/h3><p style='color: #ffffff'>Gr\u00e0cies a que l'energia emprada per a fabricar els productes NITA-WOOL\u00ae \u00e9s m\u00ednima i al fet que la llana \u00e9s de proximitat, les emissions que provoquen l'efecte d'hivernacle s\u00f3n molt baixes. En estar compost de \ufb01bres naturals posseeix tamb\u00e9 propietats d'absorci\u00f3 de formaldehidos.<\/p><\/div><\/div><\/div>[\/vc_column][vc_column width=&#8221;1\/4&#8243; css=&#8221;.vc_custom_1598863649794{margin-bottom: 20px !important;}&#8221;]<div class='q_icon_with_title large normal_icon center '><div class=\"icon_holder \" style=\" \"><span data-icon-type=\"normal\"  data-icon-hover-color=\"#eaeaea\" style=\"\" class=\"qode_iwt_icon_holder q_font_awsome_icon fa-4x  \"><i class=\"qode_icon_font_awesome_5 fa5 fa fa-leaf qode_iwt_icon_element\" style=\"color: #ffffff;\" ><\/i><\/span><\/div><div class=\"icon_text_holder\" style=\"\"><div class=\"icon_text_inner\" style=\"\"><h3 class=\"icon_title\" style=\"color: #ffffff;font-weight: 700;\">D'ORIGEN RECUPERAT, RENOVABLE I RECICLABLE<\/h3><p style='color: #ffffff'>Els materials utilitzats per a la confecci\u00f3 de l'a\u00efllant NITA-WOOL\u00ae s\u00f3n d'origen renovable (xolla de les ovelles) i recuperat (matalassos de llana). Les seves caracter\u00edstiques particulars tamb\u00e9 ho fan reciclable.<\/p><\/div><\/div><\/div>[\/vc_column][vc_column width=&#8221;1\/4&#8243; css=&#8221;.vc_custom_1598863660998{margin-bottom: 20px !important;}&#8221;]<div class='q_icon_with_title large normal_icon center '><div class=\"icon_holder \" style=\" \"><span data-icon-type=\"normal\"  data-icon-hover-color=\"#eaeaea\" style=\"\" class=\"qode_iwt_icon_holder q_font_awsome_icon fa-4x  \"><i class=\"qode_icon_font_awesome_5 fa5 fa fa-temperature-high qode_iwt_icon_element\" style=\"color: #ffffff;\" ><\/i><\/span><\/div><div class=\"icon_text_holder\" style=\"\"><div class=\"icon_text_inner\" style=\"\"><h3 class=\"icon_title\" style=\"color: #ffffff;font-weight: 700;\">C\u00c0LID A l'hivern I FRESC A l'estiu<\/h3><p style='color: #ffffff'>Quan la temperatura de l'ambient puja i escalfa les \ufb01bres aquestes alliberen la humitat que contenen que les refreda i, conseq\u00fcentment, es refresca l'ambient. Quan la temperatura exterior baixa i refreda les \ufb01bres aquestes absorbeixen la humitat de l'entorn que les escalfa i, conseq\u00fcentment, s'escalfa l'ambient.<\/p><\/div><\/div><\/div>[\/vc_column][vc_column width=&#8221;1\/4&#8243; css=&#8221;.vc_custom_1598863667845{margin-bottom: 20px !important;}&#8221;]<div class='q_icon_with_title large normal_icon center '><div class=\"icon_holder \" style=\" \"><span data-icon-type=\"normal\"  data-icon-hover-color=\"#eaeaea\" style=\"\" class=\"qode_iwt_icon_holder q_font_awsome_icon fa-4x  \"><i class=\"qode_icon_font_awesome_5 fa5 fa fa-wind qode_iwt_icon_element\" style=\"color: #ffffff;\" ><\/i><\/span><\/div><div class=\"icon_text_holder\" style=\"\"><div class=\"icon_text_inner\" style=\"\"><h3 class=\"icon_title\" style=\"color: #ffffff;font-weight: 700;\">TRANSPIRABLE<\/h3><p style='color: #ffffff'>A l'\u00e9sser un material higrosc\u00f2pic absorbeix i allibera la humitat fins a un 30% del seu pes sense risc a la creaci\u00f3 de fongs, ajudant a crear ambients secs i confortables i evitant danys a materials de parets i teulades.<\/p><\/div><\/div><\/div>[\/vc_column][\/vc_row][vc_row css_animation=&#8221;&#8221; row_type=&#8221;row&#8221; use_row_as_full_screen_section=&#8221;no&#8221; type=&#8221;grid&#8221; angled_section=&#8221;no&#8221; text_align=&#8221;left&#8221; background_image_as_pattern=&#8221;without_pattern&#8221; usi_row_as_full_screen_section=&#8221;no&#8221; css=&#8221;.vc_custom_1598869899519{margin-top: 0px !important;padding-top: 40px !important;padding-right: 40px !important;padding-bottom: 40px !important;padding-left: 40px !important;background-color: #c4c833 !important;}&#8221; z_index=&#8221;&#8221;][vc_column width=&#8221;1\/4&#8243; css=&#8221;.vc_custom_1598863674645{margin-bottom: 20px !important;}&#8221;]<div class='q_icon_with_title large normal_icon center '><div class=\"icon_holder \" style=\" \"><span data-icon-type=\"normal\"  data-icon-hover-color=\"#eaeaea\" style=\"\" class=\"qode_iwt_icon_holder q_font_awsome_icon fa-4x  \"><i class=\"qode_icon_font_awesome_5 fa5 fa fa-tools qode_iwt_icon_element\" style=\"color: #ffffff;\" ><\/i><\/span><\/div><div class=\"icon_text_holder\" style=\"\"><div class=\"icon_text_inner\" style=\"\"><h3 class=\"icon_title\" style=\"color: #ffffff;font-weight: 700;\">MOLT F\u00c0CIL INSTAL\u00b7LACI\u00d3<\/h3><p style='color: #ffffff'>L'a\u00efllant NITA-WOOL\u00ae \u00e9s de molt f\u00e0cil instal\u00b7laci\u00f3, gr\u00e0cies a que \u00e9s molt \ufb02exible. Una altra de les seves propietats \u00e9s que no produeix irritabilitat en la pell.<\/p><\/div><\/div><\/div>[\/vc_column][vc_column width=&#8221;1\/4&#8243; css=&#8221;.vc_custom_1598863680789{margin-bottom: 20px !important;}&#8221;]<div class='q_icon_with_title large normal_icon center '><div class=\"icon_holder \" style=\" \"><span data-icon-type=\"normal\"  data-icon-hover-color=\"#eaeaea\" style=\"\" class=\"qode_iwt_icon_holder q_font_awsome_icon fa-4x  \"><i class=\"qode_icon_font_awesome_5 fa5 fa fa-vials qode_iwt_icon_element\" style=\"color: #ffffff;\" ><\/i><\/span><\/div><div class=\"icon_text_holder\" style=\"\"><div class=\"icon_text_inner\" style=\"\"><h3 class=\"icon_title\" style=\"color: #ffffff;font-weight: 700;\">DURABLE<\/h3><p style='color: #ffffff'>Correctament instal\u00b7lat l'a\u00efllant mant\u00e9 la seva densitat i cohesi\u00f3 durant d\u00e8cades de la mateixa forma que altres productes de llana d'\u00fas dom\u00e8stic. (moquetes, matalassos, mantes, abrics, etc.)<\/p><\/div><\/div><\/div>[\/vc_column][vc_column width=&#8221;1\/4&#8243; css=&#8221;.vc_custom_1598863686687{margin-bottom: 20px !important;}&#8221;]<div class='q_icon_with_title medium normal_icon center '><div class=\"icon_holder \" style=\" \"><span data-icon-type=\"normal\"  data-icon-hover-color=\"#eaeaea\" style=\"\" class=\"qode_iwt_icon_holder q_font_awsome_icon fa-3x  \"><i class=\"qode_icon_font_awesome_5 fa5 fa fa-bed qode_iwt_icon_element\" style=\"color: #ffffff;\" ><\/i><\/span><\/div><div class=\"icon_text_holder\" style=\"\"><div class=\"icon_text_inner\" style=\"\"><h3 class=\"icon_title\" style=\"color: #ffffff;font-weight: 700;\">CONFORTABLE<\/h3><p style='color: #ffffff'>Capacitat a\u00efllant del so superior a altres a\u00efllants, gr\u00e0cies a la seva estructura tridimensional de \ufb01bres absorbents, que actuen limitant la transmissi\u00f3 del soroll en l'aire.<\/p><\/div><\/div><\/div>[\/vc_column][vc_column width=&#8221;1\/4&#8243; css=&#8221;.vc_custom_1598863692583{margin-bottom: 20px !important;}&#8221;][\/vc_column][\/vc_row][vc_row row_type=&#8221;parallax&#8221; parallax_content_width=&#8221;full_width&#8221; text_align=&#8221;left&#8221; full_screen_section_height=&#8221;no&#8221; section_height=&#8221;300&#8243; css=&#8221;.vc_custom_1599899021836{margin-top: 20px !important;margin-bottom: 20px !important;}&#8221; background_image=&#8221;436&#8243;][vc_column][\/vc_column][\/vc_row][vc_row css_animation=&#8221;&#8221; row_type=&#8221;row&#8221; use_row_as_full_screen_section=&#8221;no&#8221; type=&#8221;grid&#8221; angled_section=&#8221;no&#8221; text_align=&#8221;left&#8221; background_image_as_pattern=&#8221;without_pattern&#8221; usi_row_as_full_screen_section=&#8221;yes&#8221; css=&#8221;.vc_custom_1599127604007{margin-top: 0px !important;padding-top: 50px !important;padding-right: 0px !important;padding-bottom: 0px !important;padding-left: 0px !important;background-color: #ffffff !important;}&#8221; z_index=&#8221;&#8221;][vc_column css=&#8221;.vc_custom_1598863645201{margin-bottom: 20px !important;}&#8221;][vc_column_text]<\/p>\n<h3 style=\"text-align: center\"><span style=\"color: #71684c\"><strong>ELS NOSTRES PRODUCTES NITA-WOOL\u00ae<\/strong><\/span><\/h3>\n<p style=\"text-align: center\"><span style=\"color: #71684c\">Si t&#8217;interessa algun producte sense estoc a la botiga online, no dubtis a contactar amb nosaltres en <a style=\"color: #71684c\" href=\"mailto:info@rmtinsulation.com\">info@rmtinsulation.com<\/a><\/span><\/p>\n<p>[\/vc_column_text][vc_separator type=&#8221;normal&#8221; color=&#8221;#71684c&#8221; up=&#8221;20&#8243; down=&#8221;20&#8243;][\/vc_column][\/vc_row][vc_row css_animation=&#8221;&#8221; row_type=&#8221;row&#8221; use_row_as_full_screen_section=&#8221;no&#8221; type=&#8221;grid&#8221; angled_section=&#8221;no&#8221; text_align=&#8221;left&#8221; background_image_as_pattern=&#8221;without_pattern&#8221; usi_row_as_full_screen_section=&#8221;no&#8221; z_index=&#8221;&#8221; css=&#8221;.vc_custom_1652603780450{padding-top: 20px !important;padding-right: 20px !important;padding-bottom: 100px !important;padding-left: 20px !important;background-color: #ffffff !important;}&#8221;][vc_column]<div class=\"woocommerce columns-3 \"><ul class=\"products\">\n\t<li class=\"product type-product post-1043 status-publish first onbackorder product_cat-rmt-nita-ca has-post-thumbnail taxable shipping-taxable purchasable product-type-simple\">\n\t\t\n    <div class=\"top-product-section\">\n\n        <a itemprop=\"url\" href=\"https:\/\/rmtinsulation.com\/ca\/producto\/nita-wool-feltre-termofixat\/\" class=\"product-category\">\n            <span class=\"image-wrapper\">\n            <img loading=\"lazy\" decoding=\"async\" width=\"300\" height=\"300\" src=\"https:\/\/rmtinsulation.com\/wp-content\/uploads\/2020\/08\/rmt-nita-product-6-300x300.jpg\" class=\"attachment-woocommerce_thumbnail size-woocommerce_thumbnail\" alt=\"\" srcset=\"https:\/\/rmtinsulation.com\/wp-content\/uploads\/2020\/08\/rmt-nita-product-6-300x300.jpg 300w, https:\/\/rmtinsulation.com\/wp-content\/uploads\/2020\/08\/rmt-nita-product-6-1024x1024.jpg 1024w, https:\/\/rmtinsulation.com\/wp-content\/uploads\/2020\/08\/rmt-nita-product-6-150x150.jpg 150w, https:\/\/rmtinsulation.com\/wp-content\/uploads\/2020\/08\/rmt-nita-product-6-768x768.jpg 768w, https:\/\/rmtinsulation.com\/wp-content\/uploads\/2020\/08\/rmt-nita-product-6-1536x1536.jpg 1536w, https:\/\/rmtinsulation.com\/wp-content\/uploads\/2020\/08\/rmt-nita-product-6-570x570.jpg 570w, https:\/\/rmtinsulation.com\/wp-content\/uploads\/2020\/08\/rmt-nita-product-6-500x500.jpg 500w, https:\/\/rmtinsulation.com\/wp-content\/uploads\/2020\/08\/rmt-nita-product-6-1000x1000.jpg 1000w, https:\/\/rmtinsulation.com\/wp-content\/uploads\/2020\/08\/rmt-nita-product-6-700x700.jpg 700w, https:\/\/rmtinsulation.com\/wp-content\/uploads\/2020\/08\/rmt-nita-product-6-600x600.jpg 600w, https:\/\/rmtinsulation.com\/wp-content\/uploads\/2020\/08\/rmt-nita-product-6-100x100.jpg 100w, https:\/\/rmtinsulation.com\/wp-content\/uploads\/2020\/08\/rmt-nita-product-6.jpg 2000w\" sizes=\"auto, (max-width: 300px) 100vw, 300px\" \/>            <\/span>\n        <\/a>\n\n\t\t\n    <\/div>\n        <a itemprop=\"url\" href=\"https:\/\/rmtinsulation.com\/ca\/producto\/nita-wool-feltre-termofixat\/\" class=\"product-category product-info\">\n        <h6 itemprop=\"name\">NITA WOOL\u00ae Feltre termofixat<\/h6>\n\n        \n        \n    <\/a>\n\n    \n<\/li>\n\t<li class=\"product type-product post-1049 status-publish onbackorder product_cat-rmt-nita-ca has-post-thumbnail taxable shipping-taxable purchasable product-type-simple\">\n\t\t\n    <div class=\"top-product-section\">\n\n        <a itemprop=\"url\" href=\"https:\/\/rmtinsulation.com\/ca\/producto\/nita-wool-bobines-de-llana\/\" class=\"product-category\">\n            <span class=\"image-wrapper\">\n            <img loading=\"lazy\" decoding=\"async\" width=\"300\" height=\"300\" src=\"https:\/\/rmtinsulation.com\/wp-content\/uploads\/2020\/08\/rmt-nita-product-14-300x300.jpg\" class=\"attachment-woocommerce_thumbnail size-woocommerce_thumbnail\" alt=\"\" srcset=\"https:\/\/rmtinsulation.com\/wp-content\/uploads\/2020\/08\/rmt-nita-product-14-300x300.jpg 300w, https:\/\/rmtinsulation.com\/wp-content\/uploads\/2020\/08\/rmt-nita-product-14-1024x1024.jpg 1024w, https:\/\/rmtinsulation.com\/wp-content\/uploads\/2020\/08\/rmt-nita-product-14-150x150.jpg 150w, https:\/\/rmtinsulation.com\/wp-content\/uploads\/2020\/08\/rmt-nita-product-14-768x768.jpg 768w, https:\/\/rmtinsulation.com\/wp-content\/uploads\/2020\/08\/rmt-nita-product-14-1536x1536.jpg 1536w, https:\/\/rmtinsulation.com\/wp-content\/uploads\/2020\/08\/rmt-nita-product-14-570x570.jpg 570w, https:\/\/rmtinsulation.com\/wp-content\/uploads\/2020\/08\/rmt-nita-product-14-500x500.jpg 500w, https:\/\/rmtinsulation.com\/wp-content\/uploads\/2020\/08\/rmt-nita-product-14-1000x1000.jpg 1000w, https:\/\/rmtinsulation.com\/wp-content\/uploads\/2020\/08\/rmt-nita-product-14-700x700.jpg 700w, https:\/\/rmtinsulation.com\/wp-content\/uploads\/2020\/08\/rmt-nita-product-14-600x600.jpg 600w, https:\/\/rmtinsulation.com\/wp-content\/uploads\/2020\/08\/rmt-nita-product-14-100x100.jpg 100w, https:\/\/rmtinsulation.com\/wp-content\/uploads\/2020\/08\/rmt-nita-product-14.jpg 2000w\" sizes=\"auto, (max-width: 300px) 100vw, 300px\" \/>            <\/span>\n        <\/a>\n\n\t\t\n    <\/div>\n        <a itemprop=\"url\" href=\"https:\/\/rmtinsulation.com\/ca\/producto\/nita-wool-bobines-de-llana\/\" class=\"product-category product-info\">\n        <h6 itemprop=\"name\">NITA-WOOL\u00ae bobines de llana<\/h6>\n\n        \n        \n    <\/a>\n\n    \n<\/li><\/ul>\n<\/div>[\/vc_column][\/vc_row]<\/p>\n","protected":false},"excerpt":{"rendered":"<p>[vc_row row_type=&#8221;parallax&#8221; parallax_content_width=&#8221;full_width&#8221; text_align=&#8221;left&#8221; full_screen_section_height=&#8221;no&#8221; section_height=&#8221;400&#8243; css=&#8221;.vc_custom_1599897714285{margin-top: 20px !important;margin-bottom: 20px !important;padding-top: 50px !important;padding-right: 50px !important;padding-bottom: 50px !important;padding-left: 50px !important;}&#8221; background_image=&#8221;426&#8243;][vc_column&#8230;<\/p>\n","protected":false},"author":1,"featured_media":0,"parent":0,"menu_order":0,"comment_status":"closed","ping_status":"closed","template":"full_width.php","meta":{"footnotes":""},"class_list":["post-678","page","type-page","status-publish","hentry"],"_links":{"self":[{"href":"https:\/\/rmtinsulation.com\/ca\/wp-json\/wp\/v2\/pages\/678","targetHints":{"allow":["GET"]}}],"collection":[{"href":"https:\/\/rmtinsulation.com\/ca\/wp-json\/wp\/v2\/pages"}],"about":[{"href":"https:\/\/rmtinsulation.com\/ca\/wp-json\/wp\/v2\/types\/page"}],"author":[{"embeddable":true,"href":"https:\/\/rmtinsulation.com\/ca\/wp-json\/wp\/v2\/users\/1"}],"replies":[{"embeddable":true,"href":"https:\/\/rmtinsulation.com\/ca\/wp-json\/wp\/v2\/comments?post=678"}],"version-history":[{"count":11,"href":"https:\/\/rmtinsulation.com\/ca\/wp-json\/wp\/v2\/pages\/678\/revisions"}],"predecessor-version":[{"id":1095,"href":"https:\/\/rmtinsulation.com\/ca\/wp-json\/wp\/v2\/pages\/678\/revisions\/1095"}],"wp:attachment":[{"href":"https:\/\/rmtinsulation.com\/ca\/wp-json\/wp\/v2\/media?parent=678"}],"curies":[{"name":"wp","href":"https:\/\/api.w.org\/{rel}","templated":true}]}}