{"id":655,"date":"2020-09-30T09:12:15","date_gmt":"2020-09-30T09:12:15","guid":{"rendered":"https:\/\/rmt-nita.es\/?page_id=655"},"modified":"2020-10-01T12:13:52","modified_gmt":"2020-10-01T12:13:52","slug":"politica-de-privacitat","status":"publish","type":"page","link":"https:\/\/rmtinsulation.com\/ca\/politica-de-privacitat\/","title":{"rendered":"POLITICA DE PRIVACITAT"},"content":{"rendered":"<p>[vc_row css_animation=&#8221;&#8221; row_type=&#8221;row&#8221; usi_row_as_full_screen_section=&#8221;no&#8221; type=&#8221;full_width&#8221; angled_section=&#8221;no&#8221; text_align=&#8221;left&#8221; background_image_as_pattern=&#8221;without_pattern&#8221; css=&#8221;.vc_custom_1600850880831{padding-top: 50px !important;padding-bottom: 50px !important;}&#8221; z_index=&#8221;&#8221;][vc_column][vc_column_text]<\/p>\n<p class=\"p1\"><span class=\"s1\"><b>Pol\u00edtica de Privacitat (RGPD)<\/b><\/span><\/p>\n<p class=\"p4\"><span class=\"s1\">RESPONSABLE DEL TRACTAMENT<\/span><\/p>\n<p class=\"p5\">RMT ISOLATION, S.L.<span class=\"Apple-converted-space\">\u00a0 <\/span>B66891722, amb domicili en C\/ Narc\u00eds Monturiol, 20. Pol. Ind. Ca Magre, 08187, Santa Eul\u00e0lia de Ron\u00e7ana Telefono 938448978 i mail <span class=\"s2\">tecnic@rmtsa.es\/sergi@rmtinsulation.com<\/span><\/p>\n<p class=\"p6\"><span class=\"s1\">FINALITAT<\/span><\/p>\n<p class=\"p5\">La finalitat de la creaci\u00f3, exist\u00e8ncia i manteniment \u00e9s el tractament de les dades amb els exclusius fins de \u00a0<span class=\"Apple-converted-space\"> <\/span>complir amb la nostra relaci\u00f3 comercial, i realitzar la facturaci\u00f3 d&#8217;aquesta.<\/p>\n<p class=\"p6\"><span class=\"s1\">LEGITIMACI\u00d3<\/span><\/p>\n<p class=\"p5\">La base legal per al tractament de les seves dades \u00e9s l&#8217;execuci\u00f3 de la relaci\u00f3 comercial entre el titular de la dada i el responsable del tractament i aquesta informaci\u00f3 personal es conservar\u00e0 mentre es mantingui la relaci\u00f3 comercial\/contractual o durant el temps estrictament necessari per a complir amb les obligacions legals.<\/p>\n<p class=\"p6\"><span class=\"s1\">PER\u00cdODE DE CONSERVACI\u00d3<\/span><\/p>\n<p class=\"p8\">Les dades proporcionades es conservaran mentre es mantingui la relaci\u00f3 comercial o durant els anys necessaris per a complir amb les obligacions legals<\/p>\n<p class=\"p6\"><span class=\"s1\">DESTINATARIS<\/span><\/p>\n<p class=\"p9\">Mentre duri el tractament de les dades de l&#8217;interessat, RMT ISOLATION, S.L.<span class=\"Apple-converted-space\">\u00a0 <\/span>no cedir\u00e0 les dades a tercers, tret que medi\u00ef obligaci\u00f3 legal.<\/p>\n<p class=\"p9\">En els sup\u00f2sits que, per a la realitzaci\u00f3 de tractaments de tipus administratiu, fiscal, comptable i\/o comercial, es compti amb els serveis de tercers, es formalitzar\u00e0 degudament el preceptiu contracte d&#8217;encarregat de tractament, amb la finalitat de garantir la seguretat i confidencialitat de les dades de l&#8217;interessat enfront de tercers.<\/p>\n<p class=\"p6\"><span class=\"s1\">DRETS<\/span><\/p>\n<p class=\"p10\"><span class=\"s3\">Les persones interessades tenen dret a\u00a0<\/span>accedir<span class=\"s3\">\u00a0a les seves dades de car\u00e0cter personal, aix\u00ed com a sol\u00b7licitar la\u00a0<\/span>rectificaci\u00f3<span class=\"s3\">\u00a0de dades inexactes o, en el seu cas, sol\u00b7licitar la\u00a0<\/span>supressi\u00f3<span class=\"s3\">\u00a0quan, entre altres motius, les dades ja no siguin necessaris per a la finalitat que van ser lliurats aix\u00ed com\u00a0<\/span>retirar el consentiment atorgat<span class=\"s3\">. Tamb\u00e9 pot exercir el seu dret a la\u00a0<\/span>limitaci\u00f3 del tractament<span class=\"s3\">, de manera que les seves dades no seran suprimits per\u00f2 el tractament dels mateixos estar\u00e0 subjecte a limitacions.<\/span><\/p>\n<p class=\"p11\">Els exercicis de portabilitat i automatitzaci\u00f3 de decisions no apliquen en aquest cas per la tipologia de dades i tractament d&#8217;aquests.<\/p>\n<p>[\/vc_column_text][\/vc_column][\/vc_row]<\/p>\n","protected":false},"excerpt":{"rendered":"<p>[vc_row css_animation=&#8221;&#8221; row_type=&#8221;row&#8221; usi_row_as_full_screen_section=&#8221;no&#8221; type=&#8221;full_width&#8221; angled_section=&#8221;no&#8221; text_align=&#8221;left&#8221; background_image_as_pattern=&#8221;without_pattern&#8221; css=&#8221;.vc_custom_1600850880831{padding-top: 50px !important;padding-bottom: 50px !important;}&#8221; z_index=&#8221;&#8221;][vc_column][vc_column_text] Pol\u00edtica de Privacitat (RGPD) RESPONSABLE DEL&#8230;<\/p>\n","protected":false},"author":1,"featured_media":0,"parent":0,"menu_order":0,"comment_status":"closed","ping_status":"open","template":"","meta":{"footnotes":""},"class_list":["post-655","page","type-page","status-publish","hentry"],"_links":{"self":[{"href":"https:\/\/rmtinsulation.com\/ca\/wp-json\/wp\/v2\/pages\/655","targetHints":{"allow":["GET"]}}],"collection":[{"href":"https:\/\/rmtinsulation.com\/ca\/wp-json\/wp\/v2\/pages"}],"about":[{"href":"https:\/\/rmtinsulation.com\/ca\/wp-json\/wp\/v2\/types\/page"}],"author":[{"embeddable":true,"href":"https:\/\/rmtinsulation.com\/ca\/wp-json\/wp\/v2\/users\/1"}],"replies":[{"embeddable":true,"href":"https:\/\/rmtinsulation.com\/ca\/wp-json\/wp\/v2\/comments?post=655"}],"version-history":[{"count":3,"href":"https:\/\/rmtinsulation.com\/ca\/wp-json\/wp\/v2\/pages\/655\/revisions"}],"predecessor-version":[{"id":766,"href":"https:\/\/rmtinsulation.com\/ca\/wp-json\/wp\/v2\/pages\/655\/revisions\/766"}],"wp:attachment":[{"href":"https:\/\/rmtinsulation.com\/ca\/wp-json\/wp\/v2\/media?parent=655"}],"curies":[{"name":"wp","href":"https:\/\/api.w.org\/{rel}","templated":true}]}}