{"id":650,"date":"2020-09-30T09:05:44","date_gmt":"2020-09-30T09:05:44","guid":{"rendered":"https:\/\/rmt-nita.es\/?page_id=650"},"modified":"2020-10-01T12:11:56","modified_gmt":"2020-10-01T12:11:56","slug":"politica-de-galetes","status":"publish","type":"page","link":"https:\/\/rmtinsulation.com\/ca\/politica-de-galetes\/","title":{"rendered":"POL\u00cdTICA DE GALETES"},"content":{"rendered":"<p>[vc_row css_animation=&#8221;&#8221; row_type=&#8221;row&#8221; usi_row_as_full_screen_section=&#8221;no&#8221; type=&#8221;full_width&#8221; angled_section=&#8221;no&#8221; text_align=&#8221;left&#8221; background_image_as_pattern=&#8221;without_pattern&#8221; css=&#8221;.vc_custom_1590544880248{margin-top: 20px !important;margin-bottom: 120px !important;}&#8221; z_index=&#8221;&#8221;][vc_column][vc_column_text]<\/p>\r\n<div id=\"object_3021\" class=\"website_module\">\r\n<div class=\"mod_title f_title\">\r\n<p class=\"p1\"><b> Pol\u00edtica de cookies<\/b><\/p>\r\n<p class=\"p2\">En compliment del Reial decret llei 13\/2012, del 30 de mar\u00e7 pel qual \u00e9s modifica la Llei de Serveis de Societat de la Informaci\u00f3; i de la pr\u00f2pia Llei 34\/2002, d&#8217;11 de juliol, de serveis de la societat de la informaci\u00f3 i de comer\u00e7 electr\u00f2nic, relatiu a la utilitzaci\u00f3 de cookies en p\u00e0gines Webs; RMT ISOLATION, S.L. l&#8217;informa que, aquest lloc web, utilitza cookies per a poder mesurar i analitzar el tr\u00e0nsit de la Web, per a facilitar-li la seva experi\u00e8ncia com a usuari i oferir-li un millor servei. Si ho desitja pot configurar el seu navegador per a ser avisat en pantalla de la recepci\u00f3 de cookies o b\u00e9 per a impedir la instal\u00b7laci\u00f3 d&#8217;aquestes, tenint en compte que d&#8217;aquesta manera deixaria de tenir acc\u00e9s a uneixes certes funcions en Internet.\r\nNetejaRessalta els paraules desconegudes<\/p>\r\n<p class=\"p1\"><b>Definici\u00f3 i funci\u00f3 dels Cookies<\/b><\/p>\r\n<p class=\"p2\">Una cookie \u00e9s un petit arxiu creat per un lloc d&#8217;Internet per a emmagatzemar informaci\u00f3 en el seu equip, com, per exemple, els prefer\u00e8ncies quan \u00e9s visita una web. Quan s&#8217;accedeix a una p\u00e0gina Web que utilitza cookies, aquesta sol\u00b7licita al navegador que guardi una o m\u00e9s cookies en el disc dur. Els cookies sovint guardin la configuraci\u00f3 dels llocs web, com l&#8217;idioma preferit o la ubicaci\u00f3, aix\u00ed, quan l&#8217;usuari torna a aquesta p\u00e0gina Web, el navegador envia de nou els cookies que li pertanyen, la qual cosa li permet prestar servei i informaci\u00f3 personalitzada en funci\u00f3 dels necessitats. Els cookies tamb\u00e9 podin arribar a guardar informaci\u00f3 que identifiqui personalment als usuaris, no obstant aix\u00f2, aquest lloc web no utilitza aquest tipus de cookies, i nom\u00e9s tindr\u00e0 acc\u00e9s a la informaci\u00f3 personal que vost\u00e8 proporcioni a trav\u00e9s dels formularis de contacti o via correu electr\u00f2nic. \u00c9s pot canviar la configuraci\u00f3 de cookies del navegador que vost\u00e8 utilitza, perqu\u00e8 li permeti aprovar o rebutjar autom\u00e0ticament peticions d&#8217;emmagatzematge de cookies quan \u00e9s tanca el navegador i altres opcions addicionals.<\/p>\r\n<p class=\"p1\"><b>Tipus de cookies que utilitza aquesta p\u00e0gina Web<\/b><\/p>\r\n<p class=\"p3\"><span class=\"s1\">T\u00e8cniques<\/span>. Aquest tipus de cookies facilita informaci\u00f3 sobre l&#8217;\u00fas que l&#8217;usuari realitza de la Web, com, per exemple, quines p\u00e0gines ha visitat o si ha tingut problemes t\u00e8cnics en els accessos. Aquestes cookies no permeten identificar-li, ja que la informaci\u00f3 que recullen \u00e9s an\u00f2nima i ser\u00e0 utilitzada \u00fanicament per a treballs de millora de disseny de la p\u00e0gina i de navegaci\u00f3, estad\u00edstiques d&#8217;\u00fas, etc. Permeten que la web funcioni de forma m\u00e9s \u00e0gil i adaptada a les prefer\u00e8ncies dels usuaris.<\/p>\r\n<p class=\"p3\"><span class=\"s1\">De registre<\/span>. Es creen en registrar-te o quan inicia una sessi\u00f3 com a usuari de la Web.<\/p>\r\n<p class=\"p3\"><span class=\"s1\">De personalitzaci\u00f3<\/span>. Permeten personalitzar les funcions o continguts del lloc web en funci\u00f3 de les dades obtingudes del navegador.<\/p>\r\n<p class=\"p3\"><span class=\"s1\">Anal\u00edtiques<\/span>. S&#8217;utilitzen amb finalitats estad\u00edstics. La informaci\u00f3 s&#8217;utilitza per a mesurament de l&#8217;activitat en el lloc web, mitjan\u00e7ant Google Analytics, eina gratu\u00efta d&#8217;an\u00e0lisi web proporcionada per Google, que principalment permet als propietaris de llocs web con\u00e8ixer com interactuen els usuaris amb el seu lloc web. Aquest servei d&#8217;anal\u00edtica web situa una s\u00e8rie de cookies en el seu ordinador amb l&#8217;\u00fanica finalitat de configurar estad\u00edstiques.<\/p>\r\n<p class=\"p3\"><span class=\"s1\">Prefer\u00e8ncies<\/span>. Aquestes cookies ens permeten saber si vost\u00e8 ha visitat abans el nostre lloc o no. La p\u00e8rdua de la informaci\u00f3 emmagatzemada en una cookie de prefer\u00e8ncies pot fer que l&#8217;experi\u00e8ncia del lloc web sigui menys funcional, per\u00f2 no ha d&#8217;afectar el seu funcionament.<\/p>\r\n<p class=\"p3\"><span class=\"s1\">Estat de la sessi\u00f3<\/span>. Aquestes cookies guarden la informaci\u00f3 necess\u00e0ria durant la sessi\u00f3 i els canvis relacionats amb ella, i tamb\u00e9 determinen si est\u00e0 registrat o no en la web.<\/p>\r\n<p class=\"p3\"><span class=\"s1\">Processos<\/span>. Les cookies de processos permeten el funcionament del lloc web i ofereixen serveis esperats per l&#8217;usuari que accedeix al lloc web com, per exemple, la navegaci\u00f3 per p\u00e0gines web o l&#8217;acc\u00e9s a \u00e0rees segures del lloc web.<\/p>\r\n<p class=\"p3\">Relaci\u00f3 de Cookies utilitzades pel domini <a href=\"http:\/\/www.rmtinsulation.com\"><span class=\"s2\">www.rmtinsulation.com<\/span><\/a><\/p>\r\n<p class=\"p3\"><span class=\"s1\"><b>Cookies Anal\u00edtiques<\/b><\/span><\/p>\r\n<table class=\"t1\" cellspacing=\"0\" cellpadding=\"0\">\r\n<tbody>\r\n<tr>\r\n<td class=\"td1\" valign=\"middle\">\r\n<p class=\"p4\"><b>Nom<\/b><\/p>\r\n<\/td>\r\n<td class=\"td2\" valign=\"middle\">\r\n<p class=\"p4\"><b>Descripci\u00f3<\/b><\/p>\r\n<\/td>\r\n<td class=\"td3\" valign=\"middle\">\r\n<p class=\"p4\"><b>Empresa<\/b><\/p>\r\n<\/td>\r\n<td class=\"td4\" valign=\"middle\">\r\n<p class=\"p4\"><b>Durada<\/b><\/p>\r\n<\/td>\r\n<\/tr>\r\n<tr>\r\n<td class=\"td5\" valign=\"top\">\r\n<p class=\"p4\">1P_JAR<\/p>\r\n<\/td>\r\n<td class=\"td6\" valign=\"top\">\r\n<p class=\"p4\">Transfereix dades a Google.<\/p>\r\n<\/td>\r\n<td class=\"td7\" valign=\"top\">\r\n<p class=\"p4\">Google<\/p>\r\n<\/td>\r\n<td class=\"td8\" valign=\"top\">\r\n<p class=\"p4\">2 mesos<\/p>\r\n<\/td>\r\n<\/tr>\r\n<tr>\r\n<td class=\"td9\" valign=\"top\">\r\n<p class=\"p4\">APISID<\/p>\r\n<\/td>\r\n<td class=\"td10\" valign=\"top\">\r\n<p class=\"p4\">Guarda prefer\u00e8ncies d&#8217;usuari i una altra informaci\u00f3 dels serveis de Google que t\u00e9 l&#8217;usuari, informaci\u00f3 dels comptes de Google de l&#8217;usuari i permet que comparteixi en Google+.<\/p>\r\n<\/td>\r\n<td class=\"td11\" valign=\"top\">\r\n<p class=\"p4\">Google<\/p>\r\n<\/td>\r\n<td class=\"td12\" valign=\"top\">\r\n<p class=\"p4\">2 anys<\/p>\r\n<\/td>\r\n<\/tr>\r\n<tr>\r\n<td class=\"td13\" valign=\"top\">\r\n<p class=\"p4\">HSID<\/p>\r\n<\/td>\r\n<td class=\"td14\" valign=\"top\">\r\n<p class=\"p4\">Guarda prefer\u00e8ncies d&#8217;usuari i una altra informaci\u00f3 dels serveis de Google que t\u00e9 l&#8217;usuari, informaci\u00f3 dels comptes de Google de l&#8217;usuari i permet que comparteixi en Google+.<\/p>\r\n<\/td>\r\n<td class=\"td15\" valign=\"top\">\r\n<p class=\"p4\">Google<\/p>\r\n<\/td>\r\n<td class=\"td16\" valign=\"top\">\r\n<p class=\"p4\">2 anys<\/p>\r\n<\/td>\r\n<\/tr>\r\n<tr>\r\n<td class=\"td17\" valign=\"top\">\r\n<p class=\"p4\">NID<\/p>\r\n<\/td>\r\n<td class=\"td18\" valign=\"top\">\r\n<p class=\"p4\">Guarda prefer\u00e8ncies d&#8217;usuari i una altra informaci\u00f3 dels serveis de Google que t\u00e9 l&#8217;usuari, informaci\u00f3 dels comptes de Google de l&#8217;usuari i permet que comparteixi en Google+. Visualitzaci\u00f3 de mapes mitjan\u00e7ant Google Maps.<\/p>\r\n<\/td>\r\n<td class=\"td19\" valign=\"top\">\r\n<p class=\"p4\">Google<\/p>\r\n<\/td>\r\n<td class=\"td20\" valign=\"top\">\r\n<p class=\"p4\">6 mesos<\/p>\r\n<\/td>\r\n<\/tr>\r\n<tr>\r\n<td class=\"td13\" valign=\"top\">\r\n<p class=\"p4\">SAPISID<\/p>\r\n<\/td>\r\n<td class=\"td14\" valign=\"top\">\r\n<p class=\"p4\">Guarda prefer\u00e8ncies d&#8217;usuari i una altra informaci\u00f3 dels serveis de Google que t\u00e9 l&#8217;usuari, informaci\u00f3 dels comptes de Google de l&#8217;usuari i permet que comparteixi en Google+.<\/p>\r\n<\/td>\r\n<td class=\"td15\" valign=\"top\">\r\n<p class=\"p4\">Google<\/p>\r\n<\/td>\r\n<td class=\"td16\" valign=\"top\">\r\n<p class=\"p4\">2 anys<\/p>\r\n<\/td>\r\n<\/tr>\r\n<tr>\r\n<td class=\"td9\" valign=\"top\">\r\n<p class=\"p4\">SID<\/p>\r\n<\/td>\r\n<td class=\"td10\" valign=\"top\">\r\n<p class=\"p4\">Guarda prefer\u00e8ncies d&#8217;usuari i una altra informaci\u00f3 dels serveis de Google que t\u00e9 l&#8217;usuari, informaci\u00f3 dels comptes de Google de l&#8217;usuari i permet que comparteixi en Google+.<\/p>\r\n<\/td>\r\n<td class=\"td11\" valign=\"top\">\r\n<p class=\"p4\">Google<\/p>\r\n<\/td>\r\n<td class=\"td12\" valign=\"top\">\r\n<p class=\"p4\">2 anys<\/p>\r\n<\/td>\r\n<\/tr>\r\n<tr>\r\n<td class=\"td1\" valign=\"top\">\r\n<p class=\"p4\">SIDCC<\/p>\r\n<\/td>\r\n<td class=\"td2\" valign=\"top\">\r\n<p class=\"p4\">Cookie de seguretat per a protegir les dades dels usuaris de l&#8217;acc\u00e9s no autoritzat.<\/p>\r\n<\/td>\r\n<td class=\"td3\" valign=\"top\">\r\n<p class=\"p4\">Google<\/p>\r\n<\/td>\r\n<td class=\"td4\" valign=\"top\">\r\n<p class=\"p4\">2-4 mesos<\/p>\r\n<\/td>\r\n<\/tr>\r\n<tr>\r\n<td class=\"td13\" valign=\"top\">\r\n<p class=\"p4\">SSID<\/p>\r\n<\/td>\r\n<td class=\"td14\" valign=\"top\">\r\n<p class=\"p4\">Guarda prefer\u00e8ncies d&#8217;usuari i una altra informaci\u00f3 dels serveis de Google que t\u00e9 l&#8217;usuari, informaci\u00f3 dels comptes de Google de l&#8217;usuari i permet que comparteixi en Google+.<\/p>\r\n<\/td>\r\n<td class=\"td15\" valign=\"top\">\r\n<p class=\"p4\">Google<\/p>\r\n<\/td>\r\n<td class=\"td16\" valign=\"top\">\r\n<p class=\"p4\">2 anys<\/p>\r\n<\/td>\r\n<\/tr>\r\n<tr>\r\n<td class=\"td21\" valign=\"top\">\r\n<p class=\"p4\">GAPS<\/p>\r\n<\/td>\r\n<td class=\"td22\" valign=\"top\">\r\n<p class=\"p4\">Identificar a l&#8217;usuari i identificar les seves prefer\u00e8ncies.<\/p>\r\n<p class=\"p4\">accounts.google.com<\/p>\r\n<\/td>\r\n<td class=\"td23\" valign=\"top\">\r\n<p class=\"p4\">Google<\/p>\r\n<\/td>\r\n<td class=\"td24\" valign=\"top\">\r\n<p class=\"p4\">2 anys<\/p>\r\n<\/td>\r\n<\/tr>\r\n<tr>\r\n<td class=\"td25\" valign=\"top\">\r\n<p class=\"p4\">LSID<\/p>\r\n<\/td>\r\n<td class=\"td26\" valign=\"top\">\r\n<p class=\"p4\">Permet compartir contingut en la xarxes social Google+.<\/p>\r\n<p class=\"p4\">accounts.google.com<\/p>\r\n<\/td>\r\n<td class=\"td27\" valign=\"top\">\r\n<p class=\"p4\">Google<\/p>\r\n<\/td>\r\n<td class=\"td28\" valign=\"top\">\r\n<p class=\"p4\">2 anys<\/p>\r\n<\/td>\r\n<\/tr>\r\n<tr>\r\n<td class=\"td5\" valign=\"top\">\r\n<p class=\"p4\">OKAK<\/p>\r\n<\/td>\r\n<td class=\"td6\" valign=\"top\">\r\n<p class=\"p4\">accounts.google.com<\/p>\r\n<\/td>\r\n<td class=\"td7\" valign=\"top\">\r\n<p class=\"p4\">Google<\/p>\r\n<\/td>\r\n<td class=\"td8\" valign=\"top\">\r\n<p class=\"p4\">??<\/p>\r\n<\/td>\r\n<\/tr>\r\n<tr>\r\n<td class=\"td1\" valign=\"top\">\r\n<p class=\"p4\">CONSENT<\/p>\r\n<\/td>\r\n<td class=\"td2\" valign=\"top\">\r\n<p class=\"p4\">Cookies per al servei de Google+, de \u2018Social Sharing\u2019 de recomanaci\u00f3 del peu de les p\u00e0gines.<\/p>\r\n<\/td>\r\n<td class=\"td3\" valign=\"top\">\r\n<p class=\"p4\">Google<\/p>\r\n<\/td>\r\n<td class=\"td4\" valign=\"top\">\r\n<p class=\"p4\">20 Anys<\/p>\r\n<\/td>\r\n<\/tr>\r\n<tr>\r\n<td class=\"td29\" valign=\"top\">\r\n<p class=\"p4\">NID<\/p>\r\n<\/td>\r\n<td class=\"td30\" valign=\"top\">\r\n<p class=\"p4\">Cookies per al servei de Google+, de \u2018Social Sharing\u2019 de recomanaci\u00f3 del peu de les p\u00e0gines.<\/p>\r\n<p class=\"p4\">https:\/\/policies.google.com\/technologies\/types?hl=es<\/p>\r\n<\/td>\r\n<td class=\"td31\" valign=\"top\">\r\n<p class=\"p4\">Google<\/p>\r\n<\/td>\r\n<td class=\"td32\" valign=\"top\">\r\n<p class=\"p4\">6 mesos<\/p>\r\n<\/td>\r\n<\/tr>\r\n<tr>\r\n<td class=\"td33\" valign=\"top\">\r\n<p class=\"p4\">fr<\/p>\r\n<\/td>\r\n<td class=\"td34\" valign=\"top\">\r\n<p class=\"p4\">Es tracta de la cookie de publicitat principal de Facebook. S&#8217;utilitza per a oferir, analitzar i millorar la rellev\u00e0ncia dels anuncis.<\/p>\r\n<\/td>\r\n<td class=\"td35\" valign=\"top\">\r\n<p class=\"p4\">Facebook<\/p>\r\n<\/td>\r\n<td class=\"td36\" valign=\"top\">\r\n<p class=\"p4\">4-6 mesos<\/p>\r\n<\/td>\r\n<\/tr>\r\n<tr>\r\n<td class=\"td5\" valign=\"top\">\r\n<p class=\"p4\">guest_aneu<\/p>\r\n<\/td>\r\n<td class=\"td6\" valign=\"top\">\r\n<p class=\"p4\">Twitter<\/p>\r\n<\/td>\r\n<td class=\"td7\" valign=\"top\">\r\n<p class=\"p4\">Twitter<\/p>\r\n<\/td>\r\n<td class=\"td8\" valign=\"top\">\r\n<p class=\"p4\">2 anys<\/p>\r\n<\/td>\r\n<\/tr>\r\n<tr>\r\n<td class=\"td1\" valign=\"top\">\r\n<p class=\"p4\">personalization_aneu<\/p>\r\n<\/td>\r\n<td class=\"td2\" valign=\"top\">\r\n<p class=\"p4\">Twitter<\/p>\r\n<\/td>\r\n<td class=\"td3\" valign=\"top\">\r\n<p class=\"p4\">Twitter<\/p>\r\n<\/td>\r\n<td class=\"td4\" valign=\"top\">\r\n<p class=\"p4\">2 anys<\/p>\r\n<\/td>\r\n<\/tr>\r\n<tr>\r\n<td class=\"td37\" valign=\"top\">\r\n<p class=\"p4\">_pk_aneu.XXX.XXX<\/p>\r\n<\/td>\r\n<td class=\"td38\" valign=\"top\">\r\n<p class=\"p4\">Usada per a distingir l&#8217;identificador de Piwik. Aquesta cookie ha d&#8217;estar fixada de manera obligat\u00f2ria per al correcte funcionament de Piwik.<\/p>\r\n<\/td>\r\n<td class=\"td39\" valign=\"top\">\r\n<p class=\"p4\">Piwik<\/p>\r\n<\/td>\r\n<td class=\"td40\" valign=\"top\">\r\n<p class=\"p4\">1 Any<\/p>\r\n<\/td>\r\n<\/tr>\r\n<tr>\r\n<td class=\"td33\" valign=\"top\">\r\n<p class=\"p4\">_pk_aneu.YY.YY<\/p>\r\n<\/td>\r\n<td class=\"td34\" valign=\"top\">\r\n<p class=\"p4\">Usada per a distingir l&#8217;identificador de Piwik. Aquesta cookie ha d&#8217;estar fixada de manera obligat\u00f2ria per al correcte funcionament de Piwik.<\/p>\r\n<\/td>\r\n<td class=\"td35\" valign=\"top\">\r\n<p class=\"p4\">Piwik<\/p>\r\n<\/td>\r\n<td class=\"td36\" valign=\"top\">\r\n<p class=\"p4\">1 Any<\/p>\r\n<\/td>\r\n<\/tr>\r\n<tr>\r\n<td class=\"td1\" valign=\"top\">\r\n<p class=\"p4\">_pk_ref.YY.YY<\/p>\r\n<\/td>\r\n<td class=\"td2\" valign=\"top\">\r\n<p class=\"p4\">Piwik nostre<\/p>\r\n<\/td>\r\n<td class=\"td3\" valign=\"top\">\r\n<p class=\"p4\">Piwik<\/p>\r\n<\/td>\r\n<td class=\"td4\" valign=\"top\">\r\n<p class=\"p4\">4-6 mesos<\/p>\r\n<\/td>\r\n<\/tr>\r\n<tr>\r\n<td class=\"td41\" valign=\"top\">\r\n<p class=\"p4\">_pk_ses.YY.YY<\/p>\r\n<\/td>\r\n<td class=\"td42\" valign=\"top\">\r\n<p class=\"p4\">Usada per a determinar noves sessions\/visites. El principal prop\u00f2sit d&#8217;aquesta cookie \u00e9s: Rendiment, per a saber el temps que passa l&#8217;usuari en la nostra p\u00e0gina i el nombre de p\u00e0gines que visita, o cosa que \u00e9s el mateix, la qual cosa duren les visites\/sessiones de les visites.<\/p>\r\n<\/td>\r\n<td class=\"td43\" valign=\"top\">\r\n<p class=\"p4\">Piwik<\/p>\r\n<\/td>\r\n<td class=\"td44\" valign=\"top\">\r\n<p class=\"p4\">1 hora<\/p>\r\n<\/td>\r\n<\/tr>\r\n<tr>\r\n<td class=\"td37\" valign=\"top\">\r\n<p class=\"p4\">__cfduid<\/p>\r\n<\/td>\r\n<td class=\"td38\" valign=\"top\">\r\n<p class=\"p4\">Cookies generades pel framework Jquery utilitzat per al desenvolupament d&#8217;algunes de les funcionalitats del lloc web.<\/p>\r\n<\/td>\r\n<td class=\"td39\" valign=\"top\">\r\n<p class=\"p4\">JQuery<\/p>\r\n<\/td>\r\n<td class=\"td40\" valign=\"top\">\r\n<p class=\"p4\">1 Any<\/p>\r\n<\/td>\r\n<\/tr>\r\n<\/tbody>\r\n<\/table>\r\n<p class=\"p3\"><span class=\"s1\"><b>Cookies T\u00e8cniques<\/b><\/span><\/p>\r\n<table class=\"t1\" cellspacing=\"0\" cellpadding=\"0\">\r\n<tbody>\r\n<tr>\r\n<td class=\"td45\" valign=\"middle\">\r\n<p class=\"p4\"><b>Nom<\/b><\/p>\r\n<\/td>\r\n<td class=\"td46\" valign=\"middle\">\r\n<p class=\"p4\"><b>Descripci\u00f3<\/b><\/p>\r\n<\/td>\r\n<td class=\"td47\" valign=\"middle\">\r\n<p class=\"p4\"><b>Empresa<\/b><\/p>\r\n<\/td>\r\n<td class=\"td48\" valign=\"middle\">\r\n<p class=\"p4\"><b>Durada<\/b><\/p>\r\n<\/td>\r\n<\/tr>\r\n<tr>\r\n<td class=\"td49\" valign=\"top\">\r\n<p class=\"p4\">PHPSESSID<\/p>\r\n<\/td>\r\n<td class=\"td50\" valign=\"top\">\r\n<p class=\"p4\">Per a mantenir la sessi\u00f3 d&#8217;usuari i identificar-ho.<\/p>\r\n<p class=\"p4\">(css.net10.es).<\/p>\r\n<\/td>\r\n<td class=\"td51\" valign=\"top\">\r\n<p class=\"p4\">Cosmomedia<\/p>\r\n<\/td>\r\n<td class=\"td52\" valign=\"top\">\r\n<p class=\"p4\">Cookie de sessi\u00f3<\/p>\r\n<\/td>\r\n<\/tr>\r\n<tr>\r\n<td class=\"td53\" valign=\"top\">\r\n<p class=\"p4\">PHPSESSID<\/p>\r\n<\/td>\r\n<td class=\"td54\" valign=\"top\">\r\n<p class=\"p4\">Per a mantenir la sessi\u00f3 d&#8217;usuari i identificar-ho. (js.net10.es).<\/p>\r\n<\/td>\r\n<td class=\"td55\" valign=\"top\">\r\n<p class=\"p4\">Cosmomedia<\/p>\r\n<\/td>\r\n<td class=\"td56\" valign=\"top\">\r\n<p class=\"p4\">Cookie de sessi\u00f3<\/p>\r\n<\/td>\r\n<\/tr>\r\n<tr>\r\n<td class=\"td57\" valign=\"top\">\r\n<p class=\"p4\">PHPSESSID<\/p>\r\n<\/td>\r\n<td class=\"td58\" valign=\"top\">\r\n<p class=\"p4\">Per a mantenir la sessi\u00f3 d&#8217;usuari i identificar-ho. (URL domini).<\/p>\r\n<\/td>\r\n<td class=\"td59\" valign=\"top\">\r\n<p class=\"p4\">Cosmomedia<\/p>\r\n<\/td>\r\n<td class=\"td60\" valign=\"top\">\r\n<p class=\"p4\">Cookie de sessi\u00f3<\/p>\r\n<\/td>\r\n<\/tr>\r\n<tr>\r\n<td class=\"td61\" valign=\"top\">\r\n<p class=\"p4\">__stripe_mid<\/p>\r\n<\/td>\r\n<td class=\"td62\" valign=\"top\">\r\n<p class=\"p4\">Cookie de sessi\u00f3 per a stripe:<\/p>\r\n<p class=\"p5\"><a href=\"https:\/\/stripe.com\/cookies-policy\/legal\">https:\/\/stripe.com\/cookies-policy\/legal<\/a><\/p>\r\n<\/td>\r\n<td class=\"td63\" valign=\"top\">\r\n<p class=\"p4\">Stripe<\/p>\r\n<\/td>\r\n<td class=\"td64\" valign=\"top\">\r\n<p class=\"p4\">Cooie<\/p>\r\n<\/td>\r\n<\/tr>\r\n<\/tbody>\r\n<\/table>\r\n<p class=\"p1\"><b>Revocaci\u00f3 i eliminaci\u00f3 de Cookies<\/b><\/p>\r\n<p class=\"p3\">Vost\u00e8 pot configurar el seu navegador per a permetre, bloquejar, eliminar o desactivar les cookies instal\u00b7lades en el seu equip, mitjan\u00e7ant la configuraci\u00f3 de les opcions del navegador instal\u00b7lat en el seu equip. En el cas que, no permeti la instal\u00b7laci\u00f3 de cookies en el seu navegador \u00e9s possible que no pugui accedir a alguna de les seccions o funcionalitats d&#8217;aquest lloc web.<\/p>\r\n<p class=\"p3\">Per a configurar el navegador, desactivar o administrar la instal\u00b7laci\u00f3 de cookies, i que d&#8217;aquesta manera, s&#8217;esborrin autom\u00e0ticament una vegada que es tanqui el navegador, equip o dispositiu, pot obtenir m\u00e9s informaci\u00f3 fent \u201cclic\u201d en els seg\u00fcents enlla\u00e7os que li proporcionem, en funci\u00f3 del navegador que vost\u00e8 utilitza:<\/p>\r\n<p class=\"p6\"><a href=\"https:\/\/support.google.com\/chrome\/answer\/95647?hl=es\">Google Chrome<\/a><\/p>\r\n<p class=\"p6\"><a href=\"https:\/\/support.mozilla.org\/\u00e9s\/kb\/cookies-informacion-que-els-llocs-web-guarden-en-?redirectlocale=en-US&amp;redirectslug=Cookies\">Mozilla Firefox<\/a><\/p>\r\n<p class=\"p6\"><a href=\"https:\/\/privacy.microsoft.com\/es-es\/windows-10-microsoft-edge-and-privacy\">Edge<\/a><\/p>\r\n<p class=\"p6\"><a href=\"https:\/\/support.microsoft.com\/es-es\/help\/17442\/windows-internet-explorer-delete-manage-cookies#ie=ie-11\">Internet Explorer (Versi\u00f3 11)<\/a><\/p>\r\n<p class=\"p6\"><a href=\"https:\/\/support.microsoft.com\/es-es\/help\/17442\/windows-internet-explorer-delete-manage-cookies#ie=ie-10\">Internet Explorer (Versi\u00f3 10)<\/a><\/p>\r\n<p class=\"p6\"><a href=\"http:\/\/help.opera.com\/Windows\/11.50\/es-ES\/cookies.html\">Opera<\/a><\/p>\r\n<p class=\"p6\"><a href=\"https:\/\/support.apple.com\/kb\/ph21411?locale=es_ES\">Safari<\/a><\/p>\r\n<p class=\"p2\">De manera general, la majoria dels navegadors, permeten l&#8217;acc\u00e9s r\u00e0pid a l&#8217;eliminaci\u00f3 de les dades de navegaci\u00f3, prement la seq\u00fc\u00e8ncia de tecles Ctrl+Mayus+Supr, podent-se esborrar les Cookies.<\/p>\r\n<p class=\"p1\"><b>Actualitzaci\u00f3 de la nostra Pol\u00edtica de Cookies<\/b><\/p>\r\n<p class=\"p3\">\u00c9s possible que actualitzem la nostra Pol\u00edtica de Cookies en aquest lloc web, en funci\u00f3 d&#8217;exig\u00e8ncies legals o t\u00e8cniques, per aix\u00f2, si ho desitja, aconsellem que revisi aquesta pol\u00edtica en alguna ocasi\u00f3, a fi d&#8217;estar adequadament informat sobre com i per a qu\u00e8 usem les cookies.<\/p>\r\n<\/div>\r\n<\/div>\r\n<p>[\/vc_column_text][\/vc_column][\/vc_row]<\/p>","protected":false},"excerpt":{"rendered":"<p>[vc_row css_animation=&#8221;&#8221; row_type=&#8221;row&#8221; usi_row_as_full_screen_section=&#8221;no&#8221; type=&#8221;full_width&#8221; angled_section=&#8221;no&#8221; text_align=&#8221;left&#8221; background_image_as_pattern=&#8221;without_pattern&#8221; css=&#8221;.vc_custom_1590544880248{margin-top: 20px !important;margin-bottom: 120px !important;}&#8221; z_index=&#8221;&#8221;][vc_column][vc_column_text] Pol\u00edtica de cookies En compliment del&#8230;<\/p>\n","protected":false},"author":1,"featured_media":0,"parent":0,"menu_order":0,"comment_status":"closed","ping_status":"closed","template":"","meta":{"footnotes":""},"class_list":["post-650","page","type-page","status-publish","hentry"],"_links":{"self":[{"href":"https:\/\/rmtinsulation.com\/ca\/wp-json\/wp\/v2\/pages\/650","targetHints":{"allow":["GET"]}}],"collection":[{"href":"https:\/\/rmtinsulation.com\/ca\/wp-json\/wp\/v2\/pages"}],"about":[{"href":"https:\/\/rmtinsulation.com\/ca\/wp-json\/wp\/v2\/types\/page"}],"author":[{"embeddable":true,"href":"https:\/\/rmtinsulation.com\/ca\/wp-json\/wp\/v2\/users\/1"}],"replies":[{"embeddable":true,"href":"https:\/\/rmtinsulation.com\/ca\/wp-json\/wp\/v2\/comments?post=650"}],"version-history":[{"count":3,"href":"https:\/\/rmtinsulation.com\/ca\/wp-json\/wp\/v2\/pages\/650\/revisions"}],"predecessor-version":[{"id":764,"href":"https:\/\/rmtinsulation.com\/ca\/wp-json\/wp\/v2\/pages\/650\/revisions\/764"}],"wp:attachment":[{"href":"https:\/\/rmtinsulation.com\/ca\/wp-json\/wp\/v2\/media?parent=650"}],"curies":[{"name":"wp","href":"https:\/\/api.w.org\/{rel}","templated":true}]}}