{"id":642,"date":"2020-09-30T09:03:02","date_gmt":"2020-09-30T09:03:02","guid":{"rendered":"https:\/\/rmt-nita.es\/?page_id=642"},"modified":"2021-12-13T08:52:00","modified_gmt":"2021-12-13T08:52:00","slug":"origen-cat","status":"publish","type":"page","link":"https:\/\/rmtinsulation.com\/ca\/origen-cat\/","title":{"rendered":"ORIGEN"},"content":{"rendered":"<p>[vc_row css_animation=&#8221;&#8221; row_type=&#8221;row&#8221; use_row_as_full_screen_section=&#8221;no&#8221; type=&#8221;full_width&#8221; angled_section=&#8221;no&#8221; text_align=&#8221;left&#8221; background_image_as_pattern=&#8221;without_pattern&#8221; z_index=&#8221;&#8221; background_image=&#8221;475&#8243; css=&#8221;.vc_custom_1599937486373{padding-top: 100px !important;padding-right: 20px !important;padding-bottom: 100px !important;padding-left: 20px !important;}&#8221;][vc_column][\/vc_column][\/vc_row][vc_row css_animation=&#8221;&#8221; row_type=&#8221;row&#8221; use_row_as_full_screen_section=&#8221;no&#8221; type=&#8221;grid&#8221; angled_section=&#8221;no&#8221; text_align=&#8221;left&#8221; background_image_as_pattern=&#8221;without_pattern&#8221; z_index=&#8221;&#8221; css=&#8221;.vc_custom_1599937333744{margin-bottom: 0px !important;padding-top: 100px !important;padding-bottom: 100px !important;}&#8221;][vc_column width=&#8221;1\/2&#8243;][vc_column_text]<\/p>\n<div id=\"object_4869\" class=\"website_module\">\n<p class=\"p1\">RMT \u00e9s una empresa familiar fundada en 1979 i des de llavors dedicada a la manufactura i el comer\u00e7 de llana d&#8217;ovella, un producte natural amb excel\u00b7lents qualitats t\u00e8cniques i avantatges ambientals.<\/p>\n<p class=\"p1\">Els seus processos de fabricaci\u00f3 s\u00f3n fruit de d\u00e8cades de desenvolupament i innovaci\u00f3 constants i han fet possible que les llanes espanyoles millorin les seves propietats i ampli\u00efn el seu camp d&#8217;aplicaci\u00f3. A aquesta oferta tradicional se sumen nous materials que tamb\u00e9 tenen clars avantatges ambientals, com \u00e9s la nova gamma d&#8217;a\u00efllaments sostenibles per a l&#8217;edificaci\u00f3 de RMT-NITA.<\/p>\n<\/div>\n<div id=\"object_4739\" class=\"website_module\">\n<div>\n<div id=\"object_4718\" class=\"website_module\">\n<div class=\"mod_text\">\n<div>\n<div>\n<div id=\"object_4718\" class=\"website_module\">\n<div class=\"mod_text\">\n<div id=\"mod_text_4718\" class=\"textcontent\">\n<div id=\"object_4712\" class=\"website_module\">\n<div class=\"mod_title f_title\"><\/div>\n<\/div>\n<div id=\"object_4713\" class=\"website_module\">\n<div class=\"mod_text\">\n<div id=\"mod_text_4713\" class=\"textcontent\">\n<p>&nbsp;<\/p>\n<\/div>\n<\/div>\n<\/div>\n<\/div>\n<\/div>\n<\/div>\n<\/div>\n<\/div>\n<\/div>\n<\/div>\n<\/div>\n<\/div>\n<p>[\/vc_column_text][\/vc_column][vc_column width=&#8221;1\/2&#8243;][vc_single_image image=&#8221;426&#8243; img_size=&#8221;full&#8221; alignment=&#8221;center&#8221; qode_css_animation=&#8221;&#8221;][\/vc_column][\/vc_row]<\/p>\n","protected":false},"excerpt":{"rendered":"<p>[vc_row css_animation=&#8221;&#8221; row_type=&#8221;row&#8221; use_row_as_full_screen_section=&#8221;no&#8221; type=&#8221;full_width&#8221; angled_section=&#8221;no&#8221; text_align=&#8221;left&#8221; background_image_as_pattern=&#8221;without_pattern&#8221; z_index=&#8221;&#8221; background_image=&#8221;475&#8243; css=&#8221;.vc_custom_1599937486373{padding-top: 100px !important;padding-right: 20px !important;padding-bottom: 100px !important;padding-left: 20px !important;}&#8221;][vc_column][\/vc_column][\/vc_row][vc_row css_animation=&#8221;&#8221;&#8230;<\/p>\n","protected":false},"author":1,"featured_media":0,"parent":0,"menu_order":0,"comment_status":"closed","ping_status":"closed","template":"full_width.php","meta":{"footnotes":""},"class_list":["post-642","page","type-page","status-publish","hentry"],"_links":{"self":[{"href":"https:\/\/rmtinsulation.com\/ca\/wp-json\/wp\/v2\/pages\/642","targetHints":{"allow":["GET"]}}],"collection":[{"href":"https:\/\/rmtinsulation.com\/ca\/wp-json\/wp\/v2\/pages"}],"about":[{"href":"https:\/\/rmtinsulation.com\/ca\/wp-json\/wp\/v2\/types\/page"}],"author":[{"embeddable":true,"href":"https:\/\/rmtinsulation.com\/ca\/wp-json\/wp\/v2\/users\/1"}],"replies":[{"embeddable":true,"href":"https:\/\/rmtinsulation.com\/ca\/wp-json\/wp\/v2\/comments?post=642"}],"version-history":[{"count":4,"href":"https:\/\/rmtinsulation.com\/ca\/wp-json\/wp\/v2\/pages\/642\/revisions"}],"predecessor-version":[{"id":985,"href":"https:\/\/rmtinsulation.com\/ca\/wp-json\/wp\/v2\/pages\/642\/revisions\/985"}],"wp:attachment":[{"href":"https:\/\/rmtinsulation.com\/ca\/wp-json\/wp\/v2\/media?parent=642"}],"curies":[{"name":"wp","href":"https:\/\/api.w.org\/{rel}","templated":true}]}}