{"id":638,"date":"2020-09-30T09:01:11","date_gmt":"2020-09-30T09:01:11","guid":{"rendered":"https:\/\/rmt-nita.es\/?page_id=638"},"modified":"2022-05-15T08:38:37","modified_gmt":"2022-05-15T08:38:37","slug":"hemp-cat","status":"publish","type":"page","link":"https:\/\/rmtinsulation.com\/ca\/hemp-cat\/","title":{"rendered":"HEMP"},"content":{"rendered":"<p>[vc_row row_type=&#8221;parallax&#8221; parallax_content_width=&#8221;full_width&#8221; text_align=&#8221;left&#8221; full_screen_section_height=&#8221;no&#8221; section_height=&#8221;400&#8243; css=&#8221;.vc_custom_1599898435609{margin-top: 20px !important;margin-bottom: 20px !important;padding-top: 50px !important;padding-right: 50px !important;padding-bottom: 50px !important;padding-left: 50px !important;}&#8221; background_image=&#8221;429&#8243;][vc_column css=&#8221;.vc_custom_1598873661613{margin-top: 20px !important;padding-top: 20px !important;padding-right: 20px !important;padding-bottom: 20px !important;padding-left: 20px !important;}&#8221;][vc_single_image image=&#8221;369&#8243; img_size=&#8221;medium&#8221; alignment=&#8221;center&#8221; qode_css_animation=&#8221;&#8221;][\/vc_column][\/vc_row][vc_row css_animation=&#8221;&#8221; row_type=&#8221;row&#8221; use_row_as_full_screen_section=&#8221;no&#8221; type=&#8221;grid&#8221; angled_section=&#8221;no&#8221; text_align=&#8221;left&#8221; background_image_as_pattern=&#8221;without_pattern&#8221; css=&#8221;.vc_custom_1598869767337{margin-top: 50px !important;padding-top: 0px !important;padding-right: 0px !important;padding-bottom: 0px !important;padding-left: 0px !important;}&#8221; z_index=&#8221;&#8221;][vc_column css=&#8221;.vc_custom_1598868788562{margin-bottom: 20px !important;}&#8221;][vc_column_text]<\/p>\n<h3 style=\"text-align: center\">NITA-HEMP\u00ae<\/h3>\n<h3 style=\"text-align: center\"><\/h3>\n<p>[\/vc_column_text][vc_separator type=&#8221;normal&#8221; color=&#8221;#ffffff&#8221; up=&#8221;20&#8243; down=&#8221;20&#8243;][\/vc_column][\/vc_row][vc_row css_animation=&#8221;&#8221; row_type=&#8221;row&#8221; use_row_as_full_screen_section=&#8221;no&#8221; type=&#8221;grid&#8221; angled_section=&#8221;no&#8221; text_align=&#8221;left&#8221; background_image_as_pattern=&#8221;without_pattern&#8221; css=&#8221;.vc_custom_1599852053815{margin-top: 20px !important;margin-bottom: 100px !important;padding-top: 0px !important;padding-right: 0px !important;padding-bottom: 0px !important;padding-left: 0px !important;}&#8221; z_index=&#8221;&#8221;][vc_column][vc_column_text]<\/p>\n<h3 style=\"text-align: center\"><\/h3>\n<h2 style=\"text-align: center\"><span style=\"color: #ffffff\">NITA-HEMP\u00ae \u00c9S UN A\u00cfLLAMENT T\u00c8RMIC I AC\u00daSTIC EN MANTELLS A base de FIBRES PROCEDENTS DE LA PART CENTRAL DE LA PLANTA DE C\u00c0NEM (C\u00c0NNABIS SATIVA) <\/span><\/h2>\n<p>[\/vc_column_text][\/vc_column][\/vc_row][vc_row row_type=&#8221;parallax&#8221; parallax_content_width=&#8221;full_width&#8221; text_align=&#8221;left&#8221; full_screen_section_height=&#8221;no&#8221; section_height=&#8221;300&#8243; css=&#8221;.vc_custom_1599899824248{margin-top: 50px !important;margin-bottom: 20px !important;}&#8221; background_image=&#8221;446&#8243;][vc_column][\/vc_column][\/vc_row][vc_row css_animation=&#8221;&#8221; row_type=&#8221;row&#8221; use_row_as_full_screen_section=&#8221;yes&#8221; type=&#8221;grid&#8221; angled_section=&#8221;no&#8221; text_align=&#8221;left&#8221; background_image_as_pattern=&#8221;without_pattern&#8221; css=&#8221;.vc_custom_1598872471207{margin-top: 0px !important;padding-top: 50px !important;padding-right: 0px !important;padding-bottom: 0px !important;padding-left: 0px !important;background-color: #c4c833 !important;}&#8221; z_index=&#8221;&#8221;][vc_column css=&#8221;.vc_custom_1598869932123{margin-bottom: 20px !important;}&#8221;][vc_column_text]<\/p>\n<h3 style=\"text-align: center\">AVANTATGES<\/h3>\n<h3 style=\"text-align: center\"><\/h3>\n<p>[\/vc_column_text][vc_separator type=&#8221;normal&#8221; color=&#8221;#ffffff&#8221; up=&#8221;20&#8243; down=&#8221;20&#8243;][\/vc_column][\/vc_row][vc_row css_animation=&#8221;&#8221; row_type=&#8221;row&#8221; use_row_as_full_screen_section=&#8221;no&#8221; type=&#8221;grid&#8221; angled_section=&#8221;no&#8221; text_align=&#8221;left&#8221; background_image_as_pattern=&#8221;without_pattern&#8221; css=&#8221;.vc_custom_1598870378050{margin-top: 0px !important;padding-top: 40px !important;padding-right: 40px !important;padding-bottom: 40px !important;padding-left: 40px !important;background-color: #c4c833 !important;}&#8221; z_index=&#8221;&#8221;][vc_column width=&#8221;1\/3&#8243; css=&#8221;.vc_custom_1598863645201{margin-bottom: 20px !important;}&#8221;]<div class='q_icon_with_title large normal_icon center '><div class=\"icon_holder \" style=\" \"><span data-icon-type=\"normal\"  data-icon-hover-color=\"#eaeaea\" style=\"\" class=\"qode_iwt_icon_holder q_font_awsome_icon fa-4x  \"><i class=\"qode_icon_font_awesome_5 fa5 fa fa-clipboard-check qode_iwt_icon_element\" style=\"color: #ffffff;\" ><\/i><\/span><\/div><div class=\"icon_text_holder\" style=\"\"><div class=\"icon_text_inner\" style=\"\"><h3 class=\"icon_title\" style=\"color: #ffffff;font-weight: 700;\">BAIXES EMISSIONS<\/h3><p style='color: #ffffff'>\u00c9s un material natural i renovable.<\/p><\/div><\/div><\/div>[\/vc_column][vc_column width=&#8221;1\/3&#8243; css=&#8221;.vc_custom_1598863649794{margin-bottom: 20px !important;}&#8221;]<div class='q_icon_with_title large normal_icon center '><div class=\"icon_holder \" style=\" \"><span data-icon-type=\"normal\"  data-icon-hover-color=\"#eaeaea\" style=\"\" class=\"qode_iwt_icon_holder q_font_awsome_icon fa-4x  \"><i class=\"qode_icon_font_awesome_5 fa5 fa fa-leaf qode_iwt_icon_element\" style=\"color: #ffffff;\" ><\/i><\/span><\/div><div class=\"icon_text_holder\" style=\"\"><div class=\"icon_text_inner\" style=\"\"><h3 class=\"icon_title\" style=\"color: #ffffff;font-weight: 700;\">D'ORIGEN RECUPERAT, RENOVABLE I RECICLABLE<\/h3><p style='color: #ffffff'>Ideal per a crear ambients m\u00e9s saludables.<\/p><\/div><\/div><\/div>[\/vc_column][vc_column width=&#8221;1\/3&#8243; css=&#8221;.vc_custom_1598863660998{margin-bottom: 20px !important;}&#8221;]<div class='q_icon_with_title large normal_icon center '><div class=\"icon_holder \" style=\" \"><span data-icon-type=\"normal\"  data-icon-hover-color=\"#eaeaea\" style=\"\" class=\"qode_iwt_icon_holder q_font_awsome_icon fa-4x  \"><i class=\"qode_icon_font_awesome_5 fa5 fa fa-temperature-high qode_iwt_icon_element\" style=\"color: #ffffff;\" ><\/i><\/span><\/div><div class=\"icon_text_holder\" style=\"\"><div class=\"icon_text_inner\" style=\"\"><h3 class=\"icon_title\" style=\"color: #ffffff;font-weight: 700;\">C\u00c0LID A L'HIVERN I FRESC A L'ESTIU<\/h3><p style='color: #ffffff'>No es podreix amb el temps, no atreu als insectes i als rosegadors.<\/p><\/div><\/div><\/div>[\/vc_column][\/vc_row][vc_row row_type=&#8221;parallax&#8221; parallax_content_width=&#8221;full_width&#8221; text_align=&#8221;left&#8221; full_screen_section_height=&#8221;no&#8221; section_height=&#8221;300&#8243; css=&#8221;.vc_custom_1599899265194{margin-top: 20px !important;margin-bottom: 20px !important;}&#8221; background_image=&#8221;435&#8243;][vc_column][\/vc_column][\/vc_row][vc_row css_animation=&#8221;&#8221; row_type=&#8221;row&#8221; use_row_as_full_screen_section=&#8221;yes&#8221; type=&#8221;grid&#8221; angled_section=&#8221;no&#8221; text_align=&#8221;left&#8221; background_image_as_pattern=&#8221;without_pattern&#8221; css=&#8221;.vc_custom_1599127338149{margin-top: 0px !important;padding-top: 50px !important;padding-right: 0px !important;padding-bottom: 0px !important;padding-left: 0px !important;background-color: #ffffff !important;}&#8221; z_index=&#8221;&#8221;][vc_column css=&#8221;.vc_custom_1598863645201{margin-bottom: 20px !important;}&#8221;][vc_column_text]<\/p>\n<h3 style=\"text-align: center\"><span style=\"color: #71684c\"><strong>ELS NOSTRES PRODUCTES NITA-HEMP\u00ae<\/strong><\/span><\/h3>\n<p style=\"text-align: center\"><span style=\"color: #71684c\">Si t&#8217;interessa algun producte sense estoc a la botiga online, no dubtis a contactar amb nosaltres en <a style=\"color: #71684c\" href=\"mailto:info@rmtinsulation.com\">info@rmtinsulation.com<\/a><\/span><\/p>\n<p>[\/vc_column_text][vc_separator type=&#8221;normal&#8221; color=&#8221;#71684c&#8221; up=&#8221;20&#8243; down=&#8221;20&#8243;][\/vc_column][\/vc_row][vc_row css_animation=&#8221;&#8221; row_type=&#8221;row&#8221; use_row_as_full_screen_section=&#8221;no&#8221; type=&#8221;grid&#8221; angled_section=&#8221;no&#8221; text_align=&#8221;left&#8221; background_image_as_pattern=&#8221;without_pattern&#8221; z_index=&#8221;&#8221; css=&#8221;.vc_custom_1599848806338{padding-top: 20px !important;padding-right: 20px !important;padding-bottom: 100px !important;padding-left: 20px !important;background-color: #ffffff !important;}&#8221;][vc_column]<div class=\"woocommerce columns-2 \"><ul class=\"products\">\n\t<li class=\"product type-product post-1055 status-publish first onbackorder product_cat-rmt-nita-ca has-post-thumbnail taxable shipping-taxable purchasable product-type-simple\">\n\t\t\n    <div class=\"top-product-section\">\n\n        <a itemprop=\"url\" href=\"https:\/\/rmtinsulation.com\/ca\/producto\/nita-hemp-aillament-termic-i-acustic-en-mantells\/\" class=\"product-category\">\n            <span class=\"image-wrapper\">\n            <img loading=\"lazy\" decoding=\"async\" width=\"300\" height=\"300\" src=\"https:\/\/rmtinsulation.com\/wp-content\/uploads\/2020\/08\/rmt-nita-product-8-300x300.jpg\" class=\"attachment-woocommerce_thumbnail size-woocommerce_thumbnail\" alt=\"\" srcset=\"https:\/\/rmtinsulation.com\/wp-content\/uploads\/2020\/08\/rmt-nita-product-8-300x300.jpg 300w, https:\/\/rmtinsulation.com\/wp-content\/uploads\/2020\/08\/rmt-nita-product-8-1024x1024.jpg 1024w, https:\/\/rmtinsulation.com\/wp-content\/uploads\/2020\/08\/rmt-nita-product-8-150x150.jpg 150w, https:\/\/rmtinsulation.com\/wp-content\/uploads\/2020\/08\/rmt-nita-product-8-768x768.jpg 768w, https:\/\/rmtinsulation.com\/wp-content\/uploads\/2020\/08\/rmt-nita-product-8-1536x1536.jpg 1536w, https:\/\/rmtinsulation.com\/wp-content\/uploads\/2020\/08\/rmt-nita-product-8-570x570.jpg 570w, https:\/\/rmtinsulation.com\/wp-content\/uploads\/2020\/08\/rmt-nita-product-8-500x500.jpg 500w, https:\/\/rmtinsulation.com\/wp-content\/uploads\/2020\/08\/rmt-nita-product-8-1000x1000.jpg 1000w, https:\/\/rmtinsulation.com\/wp-content\/uploads\/2020\/08\/rmt-nita-product-8-700x700.jpg 700w, https:\/\/rmtinsulation.com\/wp-content\/uploads\/2020\/08\/rmt-nita-product-8-600x600.jpg 600w, https:\/\/rmtinsulation.com\/wp-content\/uploads\/2020\/08\/rmt-nita-product-8-100x100.jpg 100w, https:\/\/rmtinsulation.com\/wp-content\/uploads\/2020\/08\/rmt-nita-product-8.jpg 2000w\" sizes=\"auto, (max-width: 300px) 100vw, 300px\" \/>            <\/span>\n        <\/a>\n\n\t\t\n    <\/div>\n        <a itemprop=\"url\" href=\"https:\/\/rmtinsulation.com\/ca\/producto\/nita-hemp-aillament-termic-i-acustic-en-mantells\/\" class=\"product-category product-info\">\n        <h6 itemprop=\"name\">NITA HEMP\u00ae A\u00efllament t\u00e8rmic i ac\u00fastic en mantells<\/h6>\n\n        \n        \n    <\/a>\n\n    \n<\/li><\/ul>\n<\/div>[\/vc_column][\/vc_row]<\/p>\n","protected":false},"excerpt":{"rendered":"<p>[vc_row row_type=&#8221;parallax&#8221; parallax_content_width=&#8221;full_width&#8221; text_align=&#8221;left&#8221; full_screen_section_height=&#8221;no&#8221; section_height=&#8221;400&#8243; css=&#8221;.vc_custom_1599898435609{margin-top: 20px !important;margin-bottom: 20px !important;padding-top: 50px !important;padding-right: 50px !important;padding-bottom: 50px !important;padding-left: 50px !important;}&#8221; background_image=&#8221;429&#8243;][vc_column&#8230;<\/p>\n","protected":false},"author":1,"featured_media":0,"parent":0,"menu_order":0,"comment_status":"closed","ping_status":"closed","template":"full_width.php","meta":{"footnotes":""},"class_list":["post-638","page","type-page","status-publish","hentry"],"_links":{"self":[{"href":"https:\/\/rmtinsulation.com\/ca\/wp-json\/wp\/v2\/pages\/638","targetHints":{"allow":["GET"]}}],"collection":[{"href":"https:\/\/rmtinsulation.com\/ca\/wp-json\/wp\/v2\/pages"}],"about":[{"href":"https:\/\/rmtinsulation.com\/ca\/wp-json\/wp\/v2\/types\/page"}],"author":[{"embeddable":true,"href":"https:\/\/rmtinsulation.com\/ca\/wp-json\/wp\/v2\/users\/1"}],"replies":[{"embeddable":true,"href":"https:\/\/rmtinsulation.com\/ca\/wp-json\/wp\/v2\/comments?post=638"}],"version-history":[{"count":7,"href":"https:\/\/rmtinsulation.com\/ca\/wp-json\/wp\/v2\/pages\/638\/revisions"}],"predecessor-version":[{"id":1088,"href":"https:\/\/rmtinsulation.com\/ca\/wp-json\/wp\/v2\/pages\/638\/revisions\/1088"}],"wp:attachment":[{"href":"https:\/\/rmtinsulation.com\/ca\/wp-json\/wp\/v2\/media?parent=638"}],"curies":[{"name":"wp","href":"https:\/\/api.w.org\/{rel}","templated":true}]}}