{"id":625,"date":"2020-09-30T08:47:45","date_gmt":"2020-09-30T08:47:45","guid":{"rendered":"https:\/\/rmt-nita.es\/?page_id=625"},"modified":"2022-05-15T08:24:18","modified_gmt":"2022-05-15T08:24:18","slug":"cotton-cat","status":"publish","type":"page","link":"https:\/\/rmtinsulation.com\/ca\/cotton-cat\/","title":{"rendered":"COTTON"},"content":{"rendered":"<p>[vc_row row_type=&#8221;parallax&#8221; parallax_content_width=&#8221;full_width&#8221; text_align=&#8221;left&#8221; full_screen_section_height=&#8221;no&#8221; section_height=&#8221;400&#8243; css=&#8221;.vc_custom_1599898659794{margin-top: 20px !important;margin-bottom: 20px !important;padding-top: 50px !important;padding-right: 50px !important;padding-bottom: 50px !important;padding-left: 50px !important;}&#8221; background_image=&#8221;430&#8243;][vc_column css=&#8221;.vc_custom_1598873661613{margin-top: 20px !important;padding-top: 20px !important;padding-right: 20px !important;padding-bottom: 20px !important;padding-left: 20px !important;}&#8221;][vc_single_image image=&#8221;124&#8243; img_size=&#8221;medium&#8221; alignment=&#8221;center&#8221; qode_css_animation=&#8221;&#8221;][\/vc_column][\/vc_row][vc_row css_animation=&#8221;&#8221; row_type=&#8221;row&#8221; use_row_as_full_screen_section=&#8221;no&#8221; type=&#8221;grid&#8221; angled_section=&#8221;no&#8221; text_align=&#8221;left&#8221; background_image_as_pattern=&#8221;without_pattern&#8221; css=&#8221;.vc_custom_1598869767337{margin-top: 50px !important;padding-top: 0px !important;padding-right: 0px !important;padding-bottom: 0px !important;padding-left: 0px !important;}&#8221; z_index=&#8221;&#8221;][vc_column css=&#8221;.vc_custom_1598868788562{margin-bottom: 20px !important;}&#8221;][vc_column_text]<\/p>\n<h3 style=\"text-align: center\">NITA-COTTON\u00ae<\/h3>\n<h3 style=\"text-align: center\"><\/h3>\n<p>[\/vc_column_text][vc_separator type=&#8221;normal&#8221; color=&#8221;#ffffff&#8221; up=&#8221;20&#8243; down=&#8221;20&#8243;][\/vc_column][\/vc_row][vc_row css_animation=&#8221;&#8221; row_type=&#8221;row&#8221; use_row_as_full_screen_section=&#8221;no&#8221; type=&#8221;grid&#8221; angled_section=&#8221;no&#8221; text_align=&#8221;left&#8221; background_image_as_pattern=&#8221;without_pattern&#8221; css=&#8221;.vc_custom_1599851646511{margin-top: 20px !important;margin-bottom: 100px !important;padding-top: 0px !important;padding-right: 0px !important;padding-bottom: 0px !important;padding-left: 0px !important;background-color: #365e89 !important;}&#8221; z_index=&#8221;&#8221;][vc_column][vc_column_text]<\/p>\n<h3 style=\"text-align: center\"><\/h3>\n<h2 style=\"text-align: center\">El gran impacte mediambiental que t\u00e9 la edi\ufb01caci\u00f3 en la nostra societat troba en els materials naturals, renovables i reciclables com NITA-COTTON\u00ae; una oportunitat per a millorar el medi ambient. Aix\u00f2 es deu al fet que l&#8217;\u00fas dels retalls procedents de la confecci\u00f3 d&#8217;articles t\u00e8xtils redueix signi\ufb01cativament els efectes negatius de la fabricaci\u00f3 de nous materials, el consum de recursos, la despesa energ\u00e8tica i les emissions causants de l&#8217;efecte d&#8217;hivernacle.<\/h2>\n<p>[\/vc_column_text][\/vc_column][\/vc_row][vc_row row_type=&#8221;parallax&#8221; parallax_content_width=&#8221;full_width&#8221; text_align=&#8221;left&#8221; full_screen_section_height=&#8221;no&#8221; section_height=&#8221;300&#8243; css=&#8221;.vc_custom_1599899978673{margin-top: 50px !important;margin-bottom: 20px !important;}&#8221; background_image=&#8221;450&#8243;][vc_column][\/vc_column][\/vc_row][vc_row css_animation=&#8221;&#8221; row_type=&#8221;row&#8221; use_row_as_full_screen_section=&#8221;yes&#8221; type=&#8221;grid&#8221; angled_section=&#8221;no&#8221; text_align=&#8221;left&#8221; background_image_as_pattern=&#8221;without_pattern&#8221; css=&#8221;.vc_custom_1598872471207{margin-top: 0px !important;padding-top: 50px !important;padding-right: 0px !important;padding-bottom: 0px !important;padding-left: 0px !important;background-color: #c4c833 !important;}&#8221; z_index=&#8221;&#8221;][vc_column css=&#8221;.vc_custom_1598869932123{margin-bottom: 20px !important;}&#8221;][vc_column_text]<\/p>\n<h3 style=\"text-align: center\">AVANTATGES<\/h3>\n<h3 style=\"text-align: center\"><\/h3>\n<p>[\/vc_column_text][vc_separator type=&#8221;normal&#8221; color=&#8221;#ffffff&#8221; up=&#8221;20&#8243; down=&#8221;20&#8243;][\/vc_column][\/vc_row][vc_row css_animation=&#8221;&#8221; row_type=&#8221;row&#8221; use_row_as_full_screen_section=&#8221;no&#8221; type=&#8221;grid&#8221; angled_section=&#8221;no&#8221; text_align=&#8221;left&#8221; background_image_as_pattern=&#8221;without_pattern&#8221; css=&#8221;.vc_custom_1598870378050{margin-top: 0px !important;padding-top: 40px !important;padding-right: 40px !important;padding-bottom: 40px !important;padding-left: 40px !important;background-color: #c4c833 !important;}&#8221; z_index=&#8221;&#8221;][vc_column width=&#8221;1\/4&#8243; css=&#8221;.vc_custom_1598863645201{margin-bottom: 20px !important;}&#8221;]<div class='q_icon_with_title large normal_icon center '><div class=\"icon_holder \" style=\" \"><span data-icon-type=\"normal\"  data-icon-hover-color=\"#eaeaea\" style=\"\" class=\"qode_iwt_icon_holder q_font_awsome_icon fa-4x  \"><i class=\"qode_icon_font_awesome_5 fa5 fa fa-clipboard-check qode_iwt_icon_element\" style=\"color: #ffffff;\" ><\/i><\/span><\/div><div class=\"icon_text_holder\" style=\"\"><div class=\"icon_text_inner\" style=\"\"><h3 class=\"icon_title\" style=\"color: #ffffff;font-weight: 700;\">BAIXES EMISSIONS<\/h3><p style='color: #ffffff'>Gr\u00e0cies a que l'energia emprada per a fabricar l'a\u00efllant NITA-COTTON\u00ae \u00e9s m\u00ednima, les emissions que provoquen l'efecte d'hivernacle s\u00f3n molt baixes.<\/p><\/div><\/div><\/div>[\/vc_column][vc_column width=&#8221;1\/4&#8243; css=&#8221;.vc_custom_1598863649794{margin-bottom: 20px !important;}&#8221;]<div class='q_icon_with_title large normal_icon center '><div class=\"icon_holder \" style=\" \"><span data-icon-type=\"normal\"  data-icon-hover-color=\"#eaeaea\" style=\"\" class=\"qode_iwt_icon_holder q_font_awsome_icon fa-4x  \"><i class=\"qode_icon_font_awesome_5 fa5 fa fa-leaf qode_iwt_icon_element\" style=\"color: #ffffff;\" ><\/i><\/span><\/div><div class=\"icon_text_holder\" style=\"\"><div class=\"icon_text_inner\" style=\"\"><h3 class=\"icon_title\" style=\"color: #ffffff;font-weight: 700;\">D'ORIGEN RECUPERAT, RENOVABLE I RECICLABLE<\/h3><p style='color: #ffffff'>Els materials utilitzats per a la confecci\u00f3 de l'a\u00efllant NITA-COTTON\u00ae no sols s\u00f3n d'origen recuperat i renovable, sin\u00f3 que a m\u00e9s les seves caracter\u00edstiques particulars tamb\u00e9 ho fan reciclable.<\/p><\/div><\/div><\/div>[\/vc_column][vc_column width=&#8221;1\/4&#8243; css=&#8221;.vc_custom_1598863660998{margin-bottom: 20px !important;}&#8221;]<div class='q_icon_with_title large normal_icon center '><div class=\"icon_holder \" style=\" \"><span data-icon-type=\"normal\"  data-icon-hover-color=\"#eaeaea\" style=\"\" class=\"qode_iwt_icon_holder q_font_awsome_icon fa-4x  \"><i class=\"qode_icon_font_awesome_5 fa5 fa fa-temperature-high qode_iwt_icon_element\" style=\"color: #ffffff;\" ><\/i><\/span><\/div><div class=\"icon_text_holder\" style=\"\"><div class=\"icon_text_inner\" style=\"\"><h3 class=\"icon_title\" style=\"color: #ffffff;font-weight: 700;\">C\u00c0LID A L'HIVERN I FRESC A L'ESTIU<\/h3><p style='color: #ffffff'>L'a\u00efllant NITA-COTTON\u00ae \u00e9s un dels materials a\u00efllants m\u00e9s eficients, ja que posseeix un excel\u00b7lent desfasament t\u00e8rmic.<\/p><\/div><\/div><\/div>[\/vc_column][vc_column width=&#8221;1\/4&#8243; css=&#8221;.vc_custom_1598863667845{margin-bottom: 20px !important;}&#8221;]<div class='q_icon_with_title medium normal_icon center '><div class=\"icon_holder \" style=\" \"><span data-icon-type=\"normal\"  data-icon-hover-color=\"#eaeaea\" style=\"\" class=\"qode_iwt_icon_holder q_font_awsome_icon fa-3x  \"><i class=\"qode_icon_font_awesome_5 fa5 fa fa-fire qode_iwt_icon_element\" style=\"color: #ffffff;\" ><\/i><\/span><\/div><div class=\"icon_text_holder\" style=\"\"><div class=\"icon_text_inner\" style=\"\"><h3 class=\"icon_title\" style=\"color: #ffffff;font-weight: 700;\">RESISTENT AL FOC I ALS ATACS BIOL\u00d2GICS<\/h3><p style='color: #ffffff'>NITA-COTTON\u00ae a granel \u00e9s resistent al foc i autoextinguible. (UNE-EN 13501-1+A1: Classe B-s2, d0). El producte tamb\u00e9 ha superat satisfact\u00f2riament els assajos de resist\u00e8ncia al creixement de fongs (Annex C del WG CUAP cl\u00faster doc. N46 classe 0). En format mantell est\u00e0 pendent de certificaci\u00f3.<\/p><\/div><\/div><\/div>[\/vc_column][\/vc_row][vc_row css_animation=&#8221;&#8221; row_type=&#8221;row&#8221; use_row_as_full_screen_section=&#8221;no&#8221; type=&#8221;grid&#8221; angled_section=&#8221;no&#8221; text_align=&#8221;left&#8221; background_image_as_pattern=&#8221;without_pattern&#8221; css=&#8221;.vc_custom_1598869899519{margin-top: 0px !important;padding-top: 40px !important;padding-right: 40px !important;padding-bottom: 40px !important;padding-left: 40px !important;background-color: #c4c833 !important;}&#8221; z_index=&#8221;&#8221;][vc_column width=&#8221;1\/4&#8243; css=&#8221;.vc_custom_1598863674645{margin-bottom: 20px !important;}&#8221;]<div class='q_icon_with_title large normal_icon center '><div class=\"icon_holder \" style=\" \"><span data-icon-type=\"normal\"  data-icon-hover-color=\"#eaeaea\" style=\"\" class=\"qode_iwt_icon_holder q_font_awsome_icon fa-4x  \"><i class=\"qode_icon_font_awesome_5 fa5 fa fa-wind qode_iwt_icon_element\" style=\"color: #ffffff;\" ><\/i><\/span><\/div><div class=\"icon_text_holder\" style=\"\"><div class=\"icon_text_inner\" style=\"\"><h3 class=\"icon_title\" style=\"color: #ffffff;font-weight: 700;\">TRANSPIRABLE<\/h3><p style='color: #ffffff'>A l'\u00e9sser un material higrosc\u00f2pic absorbeix i allibera la humitat fins a un 20% del seu pes sense risc a la creaci\u00f3 de fongs, ajudant a crear ambients secs i confortables i evitant danys a materials de parets i teulades.<\/p><\/div><\/div><\/div>[\/vc_column][vc_column width=&#8221;1\/4&#8243; css=&#8221;.vc_custom_1598863680789{margin-bottom: 20px !important;}&#8221;]<div class='q_icon_with_title large normal_icon center '><div class=\"icon_holder \" style=\" \"><span data-icon-type=\"normal\"  data-icon-hover-color=\"#eaeaea\" style=\"\" class=\"qode_iwt_icon_holder q_font_awsome_icon fa-4x  \"><i class=\"qode_icon_font_awesome_5 fa5 fa fa-tools qode_iwt_icon_element\" style=\"color: #ffffff;\" ><\/i><\/span><\/div><div class=\"icon_text_holder\" style=\"\"><div class=\"icon_text_inner\" style=\"\"><h3 class=\"icon_title\" style=\"color: #ffffff;font-weight: 700;\">F\u00c0CIL INSTAL\u00b7LACI\u00d3<\/h3><p style='color: #ffffff'>L'a\u00efllant NITA-COTTON\u00ae \u00e9s de molt f\u00e0cil instal\u00b7laci\u00f3, en el seu format a granel es pot insu\ufb02ar i en format placa \u00e9s altament flexible i compressible. Una altra de les seves propietats \u00e9s que no produeix irritabilitat en la pell com la llana de roca o la fibra de vidre.<\/p><\/div><\/div><\/div>[\/vc_column][vc_column width=&#8221;1\/4&#8243; css=&#8221;.vc_custom_1598863686687{margin-bottom: 20px !important;}&#8221;]<div class='q_icon_with_title large normal_icon center '><div class=\"icon_holder \" style=\" \"><span data-icon-type=\"normal\"  data-icon-hover-color=\"#eaeaea\" style=\"\" class=\"qode_iwt_icon_holder q_font_awsome_icon fa-4x  \"><i class=\"qode_icon_font_awesome_5 fa5 fa fa-vials qode_iwt_icon_element\" style=\"color: #ffffff;\" ><\/i><\/span><\/div><div class=\"icon_text_holder\" style=\"\"><div class=\"icon_text_inner\" style=\"\"><h3 class=\"icon_title\" style=\"color: #ffffff;font-weight: 700;\">DURABLE<\/h3><p style='color: #ffffff'>Correctament instal\u00b7lat l'a\u00efllant mant\u00e9 la seva densitat i cohesi\u00f3 durant d\u00e8cades de la mateixa forma que altres productes de cot\u00f3 d'\u00fas dom\u00e8stic. (Roba, mantes, abrics, etc.)<\/p><\/div><\/div><\/div>[\/vc_column][vc_column width=&#8221;1\/4&#8243; css=&#8221;.vc_custom_1598863692583{margin-bottom: 20px !important;}&#8221;]<div class='q_icon_with_title medium normal_icon center '><div class=\"icon_holder \" style=\" \"><span data-icon-type=\"normal\"  data-icon-hover-color=\"#eaeaea\" style=\"\" class=\"qode_iwt_icon_holder q_font_awsome_icon fa-3x  \"><i class=\"qode_icon_font_awesome_5 fa5 fa fa-bed qode_iwt_icon_element\" style=\"color: #ffffff;\" ><\/i><\/span><\/div><div class=\"icon_text_holder\" style=\"\"><div class=\"icon_text_inner\" style=\"\"><h3 class=\"icon_title\" style=\"color: #ffffff;font-weight: 700;\">CONFORTABLE<\/h3><p style='color: #ffffff'>Capacitat a\u00efllant del so superior a altres a\u00efllants, gr\u00e0cies a la seva estructura tridimensional de \ufb01bres absorbents, que actuen limitant la transmissi\u00f3 del soroll en l'aire.<\/p><\/div><\/div><\/div>[\/vc_column][\/vc_row][vc_row row_type=&#8221;parallax&#8221; parallax_content_width=&#8221;full_width&#8221; text_align=&#8221;left&#8221; full_screen_section_height=&#8221;no&#8221; section_height=&#8221;300&#8243; css=&#8221;.vc_custom_1599898917537{margin-top: 20px !important;margin-bottom: 20px !important;}&#8221; background_image=&#8221;437&#8243;][vc_column][\/vc_column][\/vc_row][vc_row css_animation=&#8221;&#8221; row_type=&#8221;row&#8221; use_row_as_full_screen_section=&#8221;yes&#8221; type=&#8221;grid&#8221; angled_section=&#8221;no&#8221; text_align=&#8221;left&#8221; background_image_as_pattern=&#8221;without_pattern&#8221; css=&#8221;.vc_custom_1599125740254{margin-top: 0px !important;padding-top: 50px !important;padding-right: 0px !important;padding-bottom: 0px !important;padding-left: 0px !important;background-color: #ffffff !important;}&#8221; z_index=&#8221;&#8221;][vc_column css=&#8221;.vc_custom_1598863645201{margin-bottom: 20px !important;}&#8221;][vc_column_text]<\/p>\n<h3 style=\"text-align: center\"><span style=\"color: #71684c\"><strong>ELS NOSTRES PRODUCTES NITA-COTTON\u00ae<\/strong><\/span><\/h3>\n<p style=\"text-align: center\"><span style=\"color: #71684c\">Si t&#8217;interessa algun producte sense estoc a la botiga online, no dubtis a contactar amb nosaltres en<a style=\"color: #71684c\" href=\"mailto:info@rmtinsulation.com\">info@rmtinsulation.com<\/a><\/span><\/p>\n<p>[\/vc_column_text][vc_separator type=&#8221;normal&#8221; color=&#8221;#71684c&#8221; up=&#8221;20&#8243; down=&#8221;20&#8243;][\/vc_column][\/vc_row][vc_row css_animation=&#8221;&#8221; row_type=&#8221;row&#8221; use_row_as_full_screen_section=&#8221;no&#8221; type=&#8221;grid&#8221; angled_section=&#8221;no&#8221; text_align=&#8221;left&#8221; background_image_as_pattern=&#8221;without_pattern&#8221; z_index=&#8221;&#8221; css=&#8221;.vc_custom_1599125602257{padding-top: 20px !important;padding-right: 20px !important;padding-bottom: 50px !important;padding-left: 20px !important;background-color: #ffffff !important;}&#8221;][vc_column]<div class=\"woocommerce columns-3 \"><ul class=\"products\">\n\t<li class=\"product type-product post-1041 status-publish first onbackorder product_cat-rmt-nita-ca has-post-thumbnail taxable shipping-taxable purchasable product-type-simple\">\n\t\t\n    <div class=\"top-product-section\">\n\n        <a itemprop=\"url\" href=\"https:\/\/rmtinsulation.com\/ca\/producto\/nita-cotton-placa-de-100-mm-gruix\/\" class=\"product-category\">\n            <span class=\"image-wrapper\">\n            <img loading=\"lazy\" decoding=\"async\" width=\"300\" height=\"300\" src=\"https:\/\/rmtinsulation.com\/wp-content\/uploads\/2020\/08\/rmt-nita-product-10-300x300.jpg\" class=\"attachment-woocommerce_thumbnail size-woocommerce_thumbnail\" alt=\"\" srcset=\"https:\/\/rmtinsulation.com\/wp-content\/uploads\/2020\/08\/rmt-nita-product-10-300x300.jpg 300w, https:\/\/rmtinsulation.com\/wp-content\/uploads\/2020\/08\/rmt-nita-product-10-1024x1024.jpg 1024w, https:\/\/rmtinsulation.com\/wp-content\/uploads\/2020\/08\/rmt-nita-product-10-150x150.jpg 150w, https:\/\/rmtinsulation.com\/wp-content\/uploads\/2020\/08\/rmt-nita-product-10-768x768.jpg 768w, https:\/\/rmtinsulation.com\/wp-content\/uploads\/2020\/08\/rmt-nita-product-10-1536x1536.jpg 1536w, https:\/\/rmtinsulation.com\/wp-content\/uploads\/2020\/08\/rmt-nita-product-10-570x570.jpg 570w, https:\/\/rmtinsulation.com\/wp-content\/uploads\/2020\/08\/rmt-nita-product-10-500x500.jpg 500w, https:\/\/rmtinsulation.com\/wp-content\/uploads\/2020\/08\/rmt-nita-product-10-1000x1000.jpg 1000w, https:\/\/rmtinsulation.com\/wp-content\/uploads\/2020\/08\/rmt-nita-product-10-700x700.jpg 700w, https:\/\/rmtinsulation.com\/wp-content\/uploads\/2020\/08\/rmt-nita-product-10-600x600.jpg 600w, https:\/\/rmtinsulation.com\/wp-content\/uploads\/2020\/08\/rmt-nita-product-10-100x100.jpg 100w, https:\/\/rmtinsulation.com\/wp-content\/uploads\/2020\/08\/rmt-nita-product-10.jpg 2000w\" sizes=\"auto, (max-width: 300px) 100vw, 300px\" \/>            <\/span>\n        <\/a>\n\n\t\t\n    <\/div>\n        <a itemprop=\"url\" href=\"https:\/\/rmtinsulation.com\/ca\/producto\/nita-cotton-placa-de-100-mm-gruix\/\" class=\"product-category product-info\">\n        <h6 itemprop=\"name\">NITA COTTON \u00ae Placa de 100 mm gruix<\/h6>\n\n        \n        \n    <\/a>\n\n    \n<\/li>\n\t<li class=\"product type-product post-1039 status-publish onbackorder product_cat-rmt-nita-ca has-post-thumbnail taxable shipping-taxable purchasable product-type-simple\">\n\t\t\n    <div class=\"top-product-section\">\n\n        <a itemprop=\"url\" href=\"https:\/\/rmtinsulation.com\/ca\/producto\/nita-cotton-placa-de-45-mm-gruix\/\" class=\"product-category\">\n            <span class=\"image-wrapper\">\n            <img loading=\"lazy\" decoding=\"async\" width=\"300\" height=\"300\" src=\"https:\/\/rmtinsulation.com\/wp-content\/uploads\/2020\/08\/rmt-nita-product-12-300x300.jpg\" class=\"attachment-woocommerce_thumbnail size-woocommerce_thumbnail\" alt=\"\" srcset=\"https:\/\/rmtinsulation.com\/wp-content\/uploads\/2020\/08\/rmt-nita-product-12-300x300.jpg 300w, https:\/\/rmtinsulation.com\/wp-content\/uploads\/2020\/08\/rmt-nita-product-12-1024x1024.jpg 1024w, https:\/\/rmtinsulation.com\/wp-content\/uploads\/2020\/08\/rmt-nita-product-12-150x150.jpg 150w, https:\/\/rmtinsulation.com\/wp-content\/uploads\/2020\/08\/rmt-nita-product-12-768x768.jpg 768w, https:\/\/rmtinsulation.com\/wp-content\/uploads\/2020\/08\/rmt-nita-product-12-1536x1536.jpg 1536w, https:\/\/rmtinsulation.com\/wp-content\/uploads\/2020\/08\/rmt-nita-product-12-570x570.jpg 570w, https:\/\/rmtinsulation.com\/wp-content\/uploads\/2020\/08\/rmt-nita-product-12-500x500.jpg 500w, https:\/\/rmtinsulation.com\/wp-content\/uploads\/2020\/08\/rmt-nita-product-12-1000x1000.jpg 1000w, https:\/\/rmtinsulation.com\/wp-content\/uploads\/2020\/08\/rmt-nita-product-12-700x700.jpg 700w, https:\/\/rmtinsulation.com\/wp-content\/uploads\/2020\/08\/rmt-nita-product-12-600x600.jpg 600w, https:\/\/rmtinsulation.com\/wp-content\/uploads\/2020\/08\/rmt-nita-product-12-100x100.jpg 100w, https:\/\/rmtinsulation.com\/wp-content\/uploads\/2020\/08\/rmt-nita-product-12.jpg 2000w\" sizes=\"auto, (max-width: 300px) 100vw, 300px\" \/>            <\/span>\n        <\/a>\n\n\t\t\n    <\/div>\n        <a itemprop=\"url\" href=\"https:\/\/rmtinsulation.com\/ca\/producto\/nita-cotton-placa-de-45-mm-gruix\/\" class=\"product-category product-info\">\n        <h6 itemprop=\"name\">NITA COTTON \u00ae Placa de 45 mm gruix<\/h6>\n\n        \n        \n    <\/a>\n\n    \n<\/li>\n\t<li class=\"product type-product post-1037 status-publish last onbackorder product_cat-rmt-nita-ca has-post-thumbnail taxable shipping-taxable purchasable product-type-simple\">\n\t\t\n    <div class=\"top-product-section\">\n\n        <a itemprop=\"url\" href=\"https:\/\/rmtinsulation.com\/ca\/producto\/nita-cotton-aillament-termic-i-acustic-a-granel\/\" class=\"product-category\">\n            <span class=\"image-wrapper\">\n            <img loading=\"lazy\" decoding=\"async\" width=\"300\" height=\"300\" src=\"https:\/\/rmtinsulation.com\/wp-content\/uploads\/2020\/08\/rmt-nita-product-15-300x300.jpg\" class=\"attachment-woocommerce_thumbnail size-woocommerce_thumbnail\" alt=\"\" srcset=\"https:\/\/rmtinsulation.com\/wp-content\/uploads\/2020\/08\/rmt-nita-product-15-300x300.jpg 300w, https:\/\/rmtinsulation.com\/wp-content\/uploads\/2020\/08\/rmt-nita-product-15-1024x1024.jpg 1024w, https:\/\/rmtinsulation.com\/wp-content\/uploads\/2020\/08\/rmt-nita-product-15-150x150.jpg 150w, https:\/\/rmtinsulation.com\/wp-content\/uploads\/2020\/08\/rmt-nita-product-15-768x768.jpg 768w, https:\/\/rmtinsulation.com\/wp-content\/uploads\/2020\/08\/rmt-nita-product-15-1536x1536.jpg 1536w, https:\/\/rmtinsulation.com\/wp-content\/uploads\/2020\/08\/rmt-nita-product-15-570x570.jpg 570w, https:\/\/rmtinsulation.com\/wp-content\/uploads\/2020\/08\/rmt-nita-product-15-500x500.jpg 500w, https:\/\/rmtinsulation.com\/wp-content\/uploads\/2020\/08\/rmt-nita-product-15-1000x1000.jpg 1000w, https:\/\/rmtinsulation.com\/wp-content\/uploads\/2020\/08\/rmt-nita-product-15-700x700.jpg 700w, https:\/\/rmtinsulation.com\/wp-content\/uploads\/2020\/08\/rmt-nita-product-15-600x600.jpg 600w, https:\/\/rmtinsulation.com\/wp-content\/uploads\/2020\/08\/rmt-nita-product-15-100x100.jpg 100w, https:\/\/rmtinsulation.com\/wp-content\/uploads\/2020\/08\/rmt-nita-product-15.jpg 2000w\" sizes=\"auto, (max-width: 300px) 100vw, 300px\" \/>            <\/span>\n        <\/a>\n\n\t\t\n    <\/div>\n        <a itemprop=\"url\" href=\"https:\/\/rmtinsulation.com\/ca\/producto\/nita-cotton-aillament-termic-i-acustic-a-granel\/\" class=\"product-category product-info\">\n        <h6 itemprop=\"name\">NITA-COTTON\u00ae a\u00efllament t\u00e8rmic i ac\u00fastic a granel<\/h6>\n\n        \n        \n    <\/a>\n\n    \n<\/li><\/ul>\n<\/div>[\/vc_column][\/vc_row]<\/p>\n","protected":false},"excerpt":{"rendered":"<p>[vc_row row_type=&#8221;parallax&#8221; parallax_content_width=&#8221;full_width&#8221; text_align=&#8221;left&#8221; full_screen_section_height=&#8221;no&#8221; section_height=&#8221;400&#8243; css=&#8221;.vc_custom_1599898659794{margin-top: 20px !important;margin-bottom: 20px !important;padding-top: 50px !important;padding-right: 50px !important;padding-bottom: 50px !important;padding-left: 50px !important;}&#8221; background_image=&#8221;430&#8243;][vc_column&#8230;<\/p>\n","protected":false},"author":1,"featured_media":0,"parent":0,"menu_order":0,"comment_status":"closed","ping_status":"closed","template":"full_width.php","meta":{"footnotes":""},"class_list":["post-625","page","type-page","status-publish","hentry"],"_links":{"self":[{"href":"https:\/\/rmtinsulation.com\/ca\/wp-json\/wp\/v2\/pages\/625","targetHints":{"allow":["GET"]}}],"collection":[{"href":"https:\/\/rmtinsulation.com\/ca\/wp-json\/wp\/v2\/pages"}],"about":[{"href":"https:\/\/rmtinsulation.com\/ca\/wp-json\/wp\/v2\/types\/page"}],"author":[{"embeddable":true,"href":"https:\/\/rmtinsulation.com\/ca\/wp-json\/wp\/v2\/users\/1"}],"replies":[{"embeddable":true,"href":"https:\/\/rmtinsulation.com\/ca\/wp-json\/wp\/v2\/comments?post=625"}],"version-history":[{"count":12,"href":"https:\/\/rmtinsulation.com\/ca\/wp-json\/wp\/v2\/pages\/625\/revisions"}],"predecessor-version":[{"id":1080,"href":"https:\/\/rmtinsulation.com\/ca\/wp-json\/wp\/v2\/pages\/625\/revisions\/1080"}],"wp:attachment":[{"href":"https:\/\/rmtinsulation.com\/ca\/wp-json\/wp\/v2\/media?parent=625"}],"curies":[{"name":"wp","href":"https:\/\/api.w.org\/{rel}","templated":true}]}}