{"id":615,"date":"2020-09-30T08:45:25","date_gmt":"2020-09-30T08:45:25","guid":{"rendered":"https:\/\/rmt-nita.es\/?page_id=615"},"modified":"2024-11-06T07:35:08","modified_gmt":"2024-11-06T07:35:08","slug":"projectes","status":"publish","type":"page","link":"https:\/\/rmtinsulation.com\/ca\/projectes\/","title":{"rendered":"PROJECTES"},"content":{"rendered":"<p>[vc_row css_animation=&#8221;&#8221; row_type=&#8221;row&#8221; use_row_as_full_screen_section=&#8221;no&#8221; type=&#8221;full_width&#8221; angled_section=&#8221;no&#8221; text_align=&#8221;left&#8221; background_image_as_pattern=&#8221;without_pattern&#8221;][vc_column width=&#8221;1\/2&#8243;][vc_column_text]<strong>Escola Santa Maria d&#8217;Avi\u00e0<\/strong><\/p>\n<p>L&#8217;any 2016, RMT INSULATION va participar en les obres de l&#8217;Ajuntament d&#8217;Avi\u00e0 (Bergued\u00e0, Barcelona) per l&#8217;a\u00efllament de l&#8217;Escola Santa Maria. situada a la mateixa localitat.<\/p>\n<p>En total es val a\u00efllar al voltant de 1000m2 utilitzant cot\u00f3 ignifug i l&#8217;empresa Biomarc va ser l&#8217;encarregada de la seva instalaci\u00f3.[\/vc_column_text][\/vc_column][vc_column width=&#8221;1\/2&#8243;][vc_gallery type=&#8221;image_grid&#8221; images=&#8221;1367,1364,1363&#8243; img_size=&#8221;full&#8221; column_number=&#8221;3&#8243; grayscale=&#8221;no&#8221; images_space=&#8221;gallery_without_space&#8221;][\/vc_column][\/vc_row][vc_row css_animation=&#8221;&#8221; row_type=&#8221;row&#8221; use_row_as_full_screen_section=&#8221;no&#8221; type=&#8221;full_width&#8221; angled_section=&#8221;no&#8221; text_align=&#8221;left&#8221; background_image_as_pattern=&#8221;without_pattern&#8221; css=&#8221;.vc_custom_1590518234549{margin-top: 50px !important;margin-bottom: 100px !important;}&#8221; z_index=&#8221;&#8221;][vc_column width=&#8221;1\/2&#8243; css=&#8221;.vc_custom_1590518208396{margin-bottom: 20px !important;}&#8221;][vc_column_text]<\/p>\n<p class=\"p1\"><b>TO Solar Decathlon Europe &#8217;19<\/b><\/p>\n<p class=\"p1\"><b>Solar Decathlon<\/b> \u00e9s un concurs, que desafia als equips d&#8217;estudiants a dissenyar i construir edificis innovadors i d&#8217;alta efici\u00e8ncia alimentats per energia renovable.<\/p>\n<p class=\"p1\">RMT ISOLATION ha participat com a patrocinador al llarg de diferents anys aportant els seus a\u00efllants de diferents formats a manera de barrera t\u00e8rmica i ac\u00fastica en els edificis creats pels estudiants de diferents centres educatius de Barcelona.<\/p>\n<p>[\/vc_column_text][vc_gallery type=&#8221;image_grid&#8221; images=&#8221;512,513&#8243; img_size=&#8221;full&#8221; column_number=&#8221;2&#8243; grayscale=&#8221;no&#8221; images_space=&#8221;gallery_without_space&#8221; css=&#8221;.vc_custom_1721021187627{padding-top: 20px !important;padding-bottom: 20px !important;}&#8221;][\/vc_column][vc_column width=&#8221;1\/2&#8243; css=&#8221;.vc_custom_1590518214616{margin-bottom: 20px !important;}&#8221;][vc_column_text]<\/p>\n<p class=\"p1\"><b>L\u2019AULA DE FUSTA GUILLEM CAT\u00c0 <\/b><\/p>\n<p class=\"p1\">Fabricaci\u00f3 d&#8217;una aula de fusta autosostenible. Dissenyada i fabricada en el mateix centre educatiu en \u201cL\u2019Aula d&#8217;Assot Guillem Cat\u00e0\u201d 2018\/19.<\/p>\n<p class=\"p1\">RMT ISOLATION ha participat amb l&#8217;a\u00efllament de cotton a granel com a col\u00b7laborador, en la construcci\u00f3 de L\u2019Aula d&#8217;Assot.<\/p>\n<p class=\"p1\">Els alumnes de \u201cl\u2019aula d&#8217;assot Guillem Cat\u00e0\u201d de Manresa, han utilitzat el nostre a\u00efllant com a primera barrera t\u00e8rmica i ac\u00fastica de terra com a a\u00efllant de la fa\u00e7ana est i oest del M\u00f2dul.<\/p>\n<p>[\/vc_column_text][vc_gallery type=&#8221;image_grid&#8221; images=&#8221;508,510&#8243; img_size=&#8221;full&#8221; column_number=&#8221;2&#8243; grayscale=&#8221;no&#8221; images_space=&#8221;gallery_without_space&#8221; css=&#8221;.vc_custom_1721021277500{padding-top: 20px !important;padding-bottom: 20px !important;}&#8221;][\/vc_column][\/vc_row][vc_row css_animation=&#8221;&#8221; row_type=&#8221;row&#8221; use_row_as_full_screen_section=&#8221;no&#8221; type=&#8221;full_width&#8221; angled_section=&#8221;no&#8221; text_align=&#8221;left&#8221; background_image_as_pattern=&#8221;without_pattern&#8221;][vc_column width=&#8221;1\/2&#8243;][vc_column_text]RMT ISOLATION ha rebut l\u2019ajut d\u2019 ACCI\u00d3 \u00a0(eTrade 2021) per desenvolupar \u201cExpansi\u00f3 comercial internacional digital RMT Isolation\u201d. La qual t\u00e9 en compte l\u2019estrategia online de la companyia. ACE028\/21\/000918 L4<\/p>\n<p>\u201cAmb el suport de l\u2019Ag\u00e8ncia Catalana per la Competitivitat de l&#8217;Empresa\u201d<\/p>\n<p><img loading=\"lazy\" decoding=\"async\" class=\"alignnone size-medium\" src=\"https:\/\/rmtinsulation.com\/wp-content\/uploads\/2022\/09\/Accio-300x50.png\" width=\"300\" height=\"50\" \/>[\/vc_column_text][\/vc_column][vc_column width=&#8221;1\/2&#8243;][vc_column_text]<strong>PROJECTE DAP NAPA:<\/strong><br \/>\nRMT, SA ha rebut l\u2019ajut concedit per part d\u2019ACCI\u00d3, per a per rebre assessorament t\u00e8cnic en el PROJECTE ACV I ELABORACI\u00d3 DECLARACI\u00d3 AMBIENTAL (DAP) D&#8217;UNA NAPA DE COT\u00d3 RECICLAT A\u00cfLLANT dins de la l\u00ednia d\u2019Ajuts dels Cupons GREEN, 2023.<\/p>\n<p><img loading=\"lazy\" decoding=\"async\" class=\"alignnone size-medium\" src=\"https:\/\/rmtinsulation.com\/wp-content\/uploads\/2022\/09\/Accio-300x50.png\" width=\"300\" height=\"50\" \/>[\/vc_column_text][\/vc_column][\/vc_row][vc_row css_animation=&#8221;&#8221; row_type=&#8221;row&#8221; use_row_as_full_screen_section=&#8221;no&#8221; type=&#8221;full_width&#8221; angled_section=&#8221;no&#8221; text_align=&#8221;left&#8221; background_image_as_pattern=&#8221;without_pattern&#8221; css=&#8221;.vc_custom_1590518234549{margin-top: 50px !important;margin-bottom: 100px !important;}&#8221; z_index=&#8221;&#8221;][vc_column width=&#8221;1\/2&#8243; css=&#8221;.vc_custom_1590518208396{margin-bottom: 20px !important;}&#8221;][vc_column_text]RMT ISOLATION ha rebut la concessi\u00f3 de\u00a0 l\u2019ajut per part de l&#8217;Ag\u00e8ncia\u00a0de Residus de Catalunya (ARC), per a dur a terme el\u00a0PROJECTE D&#8217;IMPLEMENTACI\u00d3 D&#8217;UN NOU EMBALATGE A\u00cfLLAT I SOSTENIBLE PER LA CONTENCI\u00d3 I TRANSPORT DE PRODUCTES\u00a0\u201cECOPACK\u201d, dins de la l\u00ednia d\u2019Ajuts per a projectes de\u00a0Foment de l\u2019econom\u00eda circular,\u00a0\u00a0TES\/3340\/2020, amb n\u00famero d&#8217;expedient\u00a0ARC 027\/20\/000057, any 2020.<\/p>\n<p>&#8220;Amb el suport de l&#8217;Ag\u00e8ncia de Residus de Catalunya&#8221;[\/vc_column_text][vc_single_image image=&#8221;1102&#8243; img_size=&#8221;full&#8221; qode_css_animation=&#8221;&#8221;][\/vc_column][vc_column width=&#8221;1\/2&#8243; css=&#8221;.vc_custom_1590518214616{margin-bottom: 20px !important;}&#8221;][vc_column_text]RMT ISOLATION\u00a0 ha rebut la concessi\u00f3 de\u00a0 l\u2019ajut\u00a0per part de l&#8217;Ag\u00e8ncia\u00a0de Residus de Catalunya (ARC)\u00a0, per a dur a terme el PROJECTE D&#8217;IMPLANTACI\u00d3 D&#8217;UN NOU PRODUCTE A\u00cfLLANT ELABORAT A PARTIR DE FRACCI\u00d3 RESIDUAL DE LA LLANA\u00a0\u201cMETXAWOOL\u201d, dins de la l\u00ednia d\u2019Ajuts per a projectes de Foment de l\u2019econom\u00eda circular\u00a0TES\/3340\/2020, amb n\u00famero d&#8217;expedient\u00a0ARC027\/20\/000051,\u00a0any 2020.<\/p>\n<p>&#8220;Amb el suport de\u00a0l&#8217;Ag\u00e8ncia de Residus de Catalunya&#8221;[\/vc_column_text][vc_single_image image=&#8221;1102&#8243; img_size=&#8221;full&#8221; qode_css_animation=&#8221;&#8221;][\/vc_column][\/vc_row][vc_row css_animation=&#8221;&#8221; row_type=&#8221;row&#8221; use_row_as_full_screen_section=&#8221;no&#8221; type=&#8221;full_width&#8221; angled_section=&#8221;no&#8221; text_align=&#8221;left&#8221; background_image_as_pattern=&#8221;without_pattern&#8221;][vc_column width=&#8221;1\/2&#8243;][vc_column_text]<\/p>\n<p style=\"text-align: justify;\"><strong>Aula de Natura del Parc del Falgar<\/strong><\/p>\n<p style=\"text-align: justify;\">Situada a la localitat de Les Franqueses del Vall\u00e8s, es tracta d&#8217;un centre d\u2019interpretaci\u00f3 de l\u2019entorn, amb activitats educatives i did\u00e0ctiques, que on s\u2019explica el cicle de l\u2019aigua i la flora i la fauna del parc del Falgar, aix\u00ed com la recuperaci\u00f3 del Congost i la conca del Bes\u00f2s, les construccions sostenibles, el municipi i la pagesia.<\/p>\n<p style=\"text-align: justify;\">RMT Isolation ha col\u00b7laborat amb Barnasfalt en el desenvolupament d&#8217;aquest espai, aportant el seu producte de cot\u00f3 a granel, per a\u00efllar la coberta.<\/p>\n<p>[\/vc_column_text][vc_gallery type=&#8221;image_grid&#8221; images=&#8221;1275,1274&#8243; img_size=&#8221;full&#8221; column_number=&#8221;2&#8243; grayscale=&#8221;no&#8221; images_space=&#8221;gallery_without_space&#8221; css=&#8221;.vc_custom_1721021289577{padding-top: 20px !important;padding-bottom: 20px !important;}&#8221;][\/vc_column][vc_column width=&#8221;1\/2&#8243;][vc_column_text]<\/p>\n<p style=\"text-align: justify;\"><strong>IES La Vall del Tenes<\/strong><\/p>\n<p style=\"text-align: justify;\">RMT ha participat de nou amb Barnasfalt, en aquest cas en la construcci\u00f3 de quatre noves aules a l\u2019institut IES la Vall del Tenes, de Santa Eul\u00e0lia de Ron\u00e7ana, aportant el producte a granel per a\u00efllar les parets i la coberta, a m\u00e9s dels mitjans per a la seva instal\u00b7laci\u00f3, usant la seva maquinaria pr\u00f2pia (NITA-CAR).<\/p>\n<p>[\/vc_column_text][vc_gallery type=&#8221;image_grid&#8221; images=&#8221;1310,1309&#8243; img_size=&#8221;full&#8221; column_number=&#8221;2&#8243; grayscale=&#8221;no&#8221; images_space=&#8221;gallery_without_space&#8221;][\/vc_column][\/vc_row][vc_row css_animation=&#8221;&#8221; row_type=&#8221;row&#8221; use_row_as_full_screen_section=&#8221;no&#8221; type=&#8221;full_width&#8221; angled_section=&#8221;no&#8221; text_align=&#8221;left&#8221; background_image_as_pattern=&#8221;without_pattern&#8221;][vc_column width=&#8221;1\/2&#8243;][vc_column_text]<strong>100&#215;100 Biopasiva &#8211; CASA SOPHIA<\/strong><\/p>\n<p>100&#215;100 Biopasiva \u00e9s una empresa ubicada a Madrid dedicada a la construcci\u00f3 i comercialitzaci\u00f3 de edificacions passives de fusta<\/p>\n<p>RMT Isolation ha participat en el projecte CASA SOPHIA, aportant la seva metxa de llana com a\u00efllant par les juntes de portes i finestres, en substituci\u00f3 de materials menys ecol\u00f2gics.<\/p>\n<p>&nbsp;<\/p>\n<p>[\/vc_column_text][vc_gallery type=&#8221;image_grid&#8221; images=&#8221;1238&#8243; img_size=&#8221;full&#8221; column_number=&#8221;2&#8243; grayscale=&#8221;no&#8221; images_space=&#8221;gallery_without_space&#8221;][\/vc_column][vc_column width=&#8221;1\/2&#8243;][vc_column_text]<strong>Solar Decathlon Europe 21\/22<\/strong><\/p>\n<p>En aquesta edici\u00f3 del concurs, celebrat a Wuppertal (Alemanya), el grup Azalea de la Universitat polit\u00e8cnica de Valencia ha participat amb el seu projecte Escal\u00e0, una vivenda inspirada en el barri del Cabanyal.<\/p>\n<p>RMT ISOLATION ha col\u00b7laborat en el projecte aportant diferents productes com el cot\u00f3 a granel, els panells de cot\u00f3, com a\u00efllants t\u00e8rmics i ac\u00fastics, utilitzats per omplir els m\u00f2duls de fusta, que formen part de l\u2019estructura de l\u2019edifici.<\/p>\n<p>&nbsp;<\/p>\n<p>[\/vc_column_text][vc_gallery type=&#8221;image_grid&#8221; images=&#8221;1220,1219&#8243; img_size=&#8221;full&#8221; column_number=&#8221;2&#8243; grayscale=&#8221;no&#8221; images_space=&#8221;gallery_without_space&#8221; css=&#8221;.vc_custom_1721021312147{padding-top: 20px !important;padding-bottom: 20px !important;}&#8221;][\/vc_column][\/vc_row][vc_row css_animation=&#8221;&#8221; row_type=&#8221;row&#8221; use_row_as_full_screen_section=&#8221;no&#8221; type=&#8221;full_width&#8221; angled_section=&#8221;no&#8221; text_align=&#8221;left&#8221; background_image_as_pattern=&#8221;without_pattern&#8221;][vc_column width=&#8221;1\/2&#8243;][vc_column_text]<strong>ENERGIEHAUS ARQUITECTES<\/strong><\/p>\n<p>Energie Haus \u00e9s una entitat dedicada al disseny i certificaci\u00f3 d\u2019edificis de baix consum energ\u00e8tic, seguint els est\u00e0ndards de Passivhaus.<\/p>\n<p>A mitjans del 2021, RMT ISOLATION va col\u00b7laborar amb ENERGIE HAUS en un projecte de desenvolupament de cases passives, aportant alguns dels productes a\u00efllants, com la metxa de llana o els panells de cot\u00f3, en la rehabilitaci\u00f3 d\u2019un edifici del Passeig General Bassols de Barcelona.[\/vc_column_text][vc_gallery type=&#8221;image_grid&#8221; images=&#8221;1245,1244&#8243; img_size=&#8221;full&#8221; column_number=&#8221;2&#8243; grayscale=&#8221;no&#8221; images_space=&#8221;gallery_without_space&#8221; css=&#8221;.vc_custom_1721021317249{padding-top: 20px !important;padding-bottom: 20px !important;}&#8221;][\/vc_column][vc_column width=&#8221;1\/2&#8243;][\/vc_column][\/vc_row]<\/p>\n","protected":false},"excerpt":{"rendered":"<p>[vc_row css_animation=&#8221;&#8221; row_type=&#8221;row&#8221; use_row_as_full_screen_section=&#8221;no&#8221; type=&#8221;full_width&#8221; angled_section=&#8221;no&#8221; text_align=&#8221;left&#8221; background_image_as_pattern=&#8221;without_pattern&#8221;][vc_column width=&#8221;1\/2&#8243;][vc_column_text]Escola Santa Maria d&#8217;Avi\u00e0 L&#8217;any 2016, RMT INSULATION va participar en les&#8230;<\/p>\n","protected":false},"author":1,"featured_media":0,"parent":0,"menu_order":0,"comment_status":"closed","ping_status":"closed","template":"","meta":{"footnotes":""},"class_list":["post-615","page","type-page","status-publish","hentry"],"_links":{"self":[{"href":"https:\/\/rmtinsulation.com\/ca\/wp-json\/wp\/v2\/pages\/615","targetHints":{"allow":["GET"]}}],"collection":[{"href":"https:\/\/rmtinsulation.com\/ca\/wp-json\/wp\/v2\/pages"}],"about":[{"href":"https:\/\/rmtinsulation.com\/ca\/wp-json\/wp\/v2\/types\/page"}],"author":[{"embeddable":true,"href":"https:\/\/rmtinsulation.com\/ca\/wp-json\/wp\/v2\/users\/1"}],"replies":[{"embeddable":true,"href":"https:\/\/rmtinsulation.com\/ca\/wp-json\/wp\/v2\/comments?post=615"}],"version-history":[{"count":37,"href":"https:\/\/rmtinsulation.com\/ca\/wp-json\/wp\/v2\/pages\/615\/revisions"}],"predecessor-version":[{"id":735,"href":"https:\/\/rmtinsulation.com\/ca\/wp-json\/wp\/v2\/pages\/615\/revisions\/735"}],"wp:attachment":[{"href":"https:\/\/rmtinsulation.com\/ca\/wp-json\/wp\/v2\/media?parent=615"}],"curies":[{"name":"wp","href":"https:\/\/api.w.org\/{rel}","templated":true}]}}