{"id":605,"date":"2020-09-30T08:41:55","date_gmt":"2020-09-30T08:41:55","guid":{"rendered":"https:\/\/rmt-nita.es\/?page_id=605"},"modified":"2022-05-15T08:46:14","modified_gmt":"2022-05-15T08:46:14","slug":"car-cat","status":"publish","type":"page","link":"https:\/\/rmtinsulation.com\/ca\/car-cat\/","title":{"rendered":"CAR"},"content":{"rendered":"<p>[vc_row row_type=&#8221;parallax&#8221; parallax_content_width=&#8221;full_width&#8221; text_align=&#8221;left&#8221; full_screen_section_height=&#8221;no&#8221; section_height=&#8221;400&#8243; css=&#8221;.vc_custom_1599901658636{margin-top: 20px !important;margin-bottom: 20px !important;padding-top: 50px !important;padding-right: 50px !important;padding-bottom: 50px !important;padding-left: 50px !important;}&#8221; background_image=&#8221;141&#8243;][vc_column css=&#8221;.vc_custom_1598873661613{margin-top: 20px !important;padding-top: 20px !important;padding-right: 20px !important;padding-bottom: 20px !important;padding-left: 20px !important;}&#8221;][vc_single_image image=&#8221;303&#8243; img_size=&#8221;medium&#8221; alignment=&#8221;center&#8221; qode_css_animation=&#8221;&#8221;][\/vc_column][\/vc_row][vc_row css_animation=&#8221;&#8221; row_type=&#8221;row&#8221; use_row_as_full_screen_section=&#8221;no&#8221; type=&#8221;grid&#8221; angled_section=&#8221;no&#8221; text_align=&#8221;left&#8221; background_image_as_pattern=&#8221;without_pattern&#8221; css=&#8221;.vc_custom_1598869767337{margin-top: 50px !important;padding-top: 0px !important;padding-right: 0px !important;padding-bottom: 0px !important;padding-left: 0px !important;}&#8221; z_index=&#8221;&#8221;][vc_column css=&#8221;.vc_custom_1598868788562{margin-bottom: 20px !important;}&#8221;][vc_column_text]<\/p>\n<h3 style=\"text-align: center\">NITA-CAR\u00ae<\/h3>\n<h3 style=\"text-align: center\"><\/h3>\n<p>[\/vc_column_text][vc_separator type=&#8221;normal&#8221; color=&#8221;#ffffff&#8221; up=&#8221;20&#8243; down=&#8221;20&#8243;][\/vc_column][\/vc_row][vc_row css_animation=&#8221;&#8221; row_type=&#8221;row&#8221; use_row_as_full_screen_section=&#8221;no&#8221; type=&#8221;grid&#8221; angled_section=&#8221;no&#8221; text_align=&#8221;left&#8221; background_image_as_pattern=&#8221;without_pattern&#8221; css=&#8221;.vc_custom_1599853000506{margin-top: 20px !important;margin-bottom: 100px !important;padding-top: 0px !important;padding-right: 0px !important;padding-bottom: 0px !important;padding-left: 0px !important;}&#8221; z_index=&#8221;&#8221;][vc_column][vc_column_text]<\/p>\n<h3 style=\"text-align: center\"><\/h3>\n<h2 style=\"text-align: center\"><span style=\"color: #ffffff\"><br \/>\nNITA-CAR\u00ae \u00c9S UNA M\u00c0QUINA PER A l&#8217;APLICACI\u00d3 D&#8217;A\u00cfLLAMENT T\u00c8RMIC DE FIBRES PER INSUFLAT I INJECTAT, FABRICADA PER RMT INSULATION AMB L&#8217;OBJECTIU DE MILLORAR I FACILITAR L&#8217;\u00daS DELS SEUS PRODUCTES. SI B\u00c9 \u00c9S APTA PER A MOLTS TIPUS DE FIBRES, HA ESTAT DISSENYADA ESPECIALMENT PER A l&#8217;APLICACI\u00d3 DEL PRODUCTE NITA-COTTON\u00ae A granel, COM QUE PERMET COL\u00b7LOCAR-LOS DE MANERA M\u00c9S R\u00c0PIDA I PR\u00c0CTICA QUE DE MANERA MANUAL.<\/span><\/h2>\n<p>[\/vc_column_text][\/vc_column][\/vc_row][vc_row row_type=&#8221;parallax&#8221; parallax_content_width=&#8221;full_width&#8221; text_align=&#8221;left&#8221; full_screen_section_height=&#8221;no&#8221; section_height=&#8221;300&#8243; css=&#8221;.vc_custom_1599901679368{margin-top: 50px !important;margin-bottom: 20px !important;}&#8221; background_image=&#8221;139&#8243;][vc_column][\/vc_column][\/vc_row][vc_row css_animation=&#8221;&#8221; row_type=&#8221;row&#8221; use_row_as_full_screen_section=&#8221;yes&#8221; type=&#8221;grid&#8221; angled_section=&#8221;no&#8221; text_align=&#8221;left&#8221; background_image_as_pattern=&#8221;without_pattern&#8221; css=&#8221;.vc_custom_1598872471207{margin-top: 0px !important;padding-top: 50px !important;padding-right: 0px !important;padding-bottom: 0px !important;padding-left: 0px !important;background-color: #c4c833 !important;}&#8221; z_index=&#8221;&#8221;][vc_column css=&#8221;.vc_custom_1598869932123{margin-bottom: 20px !important;}&#8221;][vc_column_text]<\/p>\n<h3 style=\"text-align: center\">AVANTATGES<\/h3>\n<h3 style=\"text-align: center\"><\/h3>\n<p>[\/vc_column_text][vc_separator type=&#8221;normal&#8221; color=&#8221;#ffffff&#8221; up=&#8221;20&#8243; down=&#8221;20&#8243;][\/vc_column][\/vc_row][vc_row css_animation=&#8221;&#8221; row_type=&#8221;row&#8221; use_row_as_full_screen_section=&#8221;no&#8221; type=&#8221;grid&#8221; angled_section=&#8221;no&#8221; text_align=&#8221;left&#8221; background_image_as_pattern=&#8221;without_pattern&#8221; css=&#8221;.vc_custom_1598870378050{margin-top: 0px !important;padding-top: 40px !important;padding-right: 40px !important;padding-bottom: 40px !important;padding-left: 40px !important;background-color: #c4c833 !important;}&#8221; z_index=&#8221;&#8221;][vc_column width=&#8221;1\/2&#8243; css=&#8221;.vc_custom_1598863645201{margin-bottom: 20px !important;}&#8221;]<div class='q_icon_with_title large normal_icon center '><div class=\"icon_holder \" style=\" \"><span data-icon-type=\"normal\"  data-icon-hover-color=\"#eaeaea\" style=\"\" class=\"qode_iwt_icon_holder q_font_awsome_icon fa-4x  \"><i class=\"qode_icon_font_awesome_5 fa5 fa fa-clipboard-check qode_iwt_icon_element\" style=\"color: #ffffff;\" ><\/i><\/span><\/div><div class=\"icon_text_holder\" style=\"\"><div class=\"icon_text_inner\" style=\"\"><h3 class=\"icon_title\" style=\"color: #ffffff;font-weight: 700;\">BAIXES EMISSIONS<\/h3><p style='color: #ffffff'>Preparada per a treballar tant amb fibres curtes (llana de vidre, llana de roca, cel\u00b7lulosa)<\/p><\/div><\/div><\/div>[\/vc_column][vc_column width=&#8221;1\/2&#8243; css=&#8221;.vc_custom_1598863649794{margin-bottom: 20px !important;}&#8221;]<div class='q_icon_with_title large normal_icon center '><div class=\"icon_holder \" style=\" \"><span data-icon-type=\"normal\"  data-icon-hover-color=\"#eaeaea\" style=\"\" class=\"qode_iwt_icon_holder q_font_awsome_icon fa-4x  \"><i class=\"qode_icon_font_awesome_5 fa5 fa fa-leaf qode_iwt_icon_element\" style=\"color: #ffffff;\" ><\/i><\/span><\/div><div class=\"icon_text_holder\" style=\"\"><div class=\"icon_text_inner\" style=\"\"><h3 class=\"icon_title\" style=\"color: #ffffff;font-weight: 700;\">D'ORIGEN RECUPERAT, RENOVABLE I RECICLABLE<\/h3><p style='color: #ffffff'>Est\u00e0 preparada per a treballar amb fibres llargues (llana d'ovella i altres a\u00efllaments naturals) sense que aix\u00f2 comporti cap risc d'emb\u00fas o dificultat en el pas del material.<\/p><\/div><\/div><\/div>[\/vc_column][\/vc_row][vc_row row_type=&#8221;parallax&#8221; parallax_content_width=&#8221;full_width&#8221; text_align=&#8221;left&#8221; full_screen_section_height=&#8221;no&#8221; section_height=&#8221;300&#8243; css=&#8221;.vc_custom_1599901900208{margin-top: 20px !important;margin-bottom: 20px !important;}&#8221; background_image=&#8221;138&#8243;][vc_column][\/vc_column][\/vc_row][vc_row css_animation=&#8221;&#8221; row_type=&#8221;row&#8221; use_row_as_full_screen_section=&#8221;yes&#8221; type=&#8221;grid&#8221; angled_section=&#8221;no&#8221; text_align=&#8221;left&#8221; background_image_as_pattern=&#8221;without_pattern&#8221; css=&#8221;.vc_custom_1599125849353{margin-top: 0px !important;padding-top: 50px !important;padding-right: 0px !important;padding-bottom: 0px !important;padding-left: 0px !important;background-color: #ffffff !important;}&#8221; z_index=&#8221;&#8221;][vc_column css=&#8221;.vc_custom_1598863645201{margin-bottom: 20px !important;}&#8221;][vc_column_text]<\/p>\n<h3 style=\"text-align: center\"><span style=\"color: #71684c\"><strong>ELS NOSTRES PRODUCTES NITA-CAR\u00ae<\/strong><\/span><\/h3>\n<p style=\"text-align: center\"><span style=\"color: #71684c\">Si t\u2019interessa algun producte sense estoc a la botiga online, no dubtis a contactar amb nosaltres en\u00a0<a style=\"color: #71684c\" href=\"mailto:info@rmtinsulation.com\">info@rmtinsulation.com<\/a><\/span><\/p>\n<p>[\/vc_column_text][vc_separator type=&#8221;normal&#8221; color=&#8221;#71684c&#8221; up=&#8221;20&#8243; down=&#8221;20&#8243;][\/vc_column][\/vc_row][vc_row css_animation=&#8221;&#8221; row_type=&#8221;row&#8221; use_row_as_full_screen_section=&#8221;no&#8221; type=&#8221;grid&#8221; angled_section=&#8221;no&#8221; text_align=&#8221;left&#8221; background_image_as_pattern=&#8221;without_pattern&#8221; z_index=&#8221;&#8221; css=&#8221;.vc_custom_1599848786165{padding-top: 20px !important;padding-right: 20px !important;padding-bottom: 100px !important;padding-left: 20px !important;background-color: #ffffff !important;}&#8221;][vc_column]<div class=\"woocommerce columns-2 \"><ul class=\"products\">\n\t<li class=\"product type-product post-1059 status-publish first onbackorder product_cat-rmt-nita-es has-post-thumbnail taxable shipping-taxable purchasable product-type-simple\">\n\t\t\n    <div class=\"top-product-section\">\n\n        <a itemprop=\"url\" href=\"https:\/\/rmtinsulation.com\/ca\/producto\/nita-car-101x\/\" class=\"product-category\">\n            <span class=\"image-wrapper\">\n            <img loading=\"lazy\" decoding=\"async\" width=\"300\" height=\"300\" src=\"https:\/\/rmtinsulation.com\/wp-content\/uploads\/2020\/09\/nitacar-101-e1599129643457-300x300.jpg\" class=\"attachment-woocommerce_thumbnail size-woocommerce_thumbnail\" alt=\"\" srcset=\"https:\/\/rmtinsulation.com\/wp-content\/uploads\/2020\/09\/nitacar-101-e1599129643457-300x300.jpg 300w, https:\/\/rmtinsulation.com\/wp-content\/uploads\/2020\/09\/nitacar-101-e1599129643457-150x150.jpg 150w, https:\/\/rmtinsulation.com\/wp-content\/uploads\/2020\/09\/nitacar-101-e1599129643457-100x100.jpg 100w\" sizes=\"auto, (max-width: 300px) 100vw, 300px\" \/>            <\/span>\n        <\/a>\n\n\t\t\n    <\/div>\n        <a itemprop=\"url\" href=\"https:\/\/rmtinsulation.com\/ca\/producto\/nita-car-101x\/\" class=\"product-category product-info\">\n        <h6 itemprop=\"name\">NITA CAR\u00ae 101X<\/h6>\n\n        \n        \n    <\/a>\n\n    \n<\/li>\n\t<li class=\"product type-product post-1057 status-publish last onbackorder product_cat-rmt-nita-es has-post-thumbnail taxable shipping-taxable purchasable product-type-simple\">\n\t\t\n    <div class=\"top-product-section\">\n\n        <a itemprop=\"url\" href=\"https:\/\/rmtinsulation.com\/ca\/producto\/nita-car-103-cat\/\" class=\"product-category\">\n            <span class=\"image-wrapper\">\n            <img loading=\"lazy\" decoding=\"async\" width=\"300\" height=\"300\" src=\"https:\/\/rmtinsulation.com\/wp-content\/uploads\/2020\/09\/nitacar2-300x300.png\" class=\"attachment-woocommerce_thumbnail size-woocommerce_thumbnail\" alt=\"\" srcset=\"https:\/\/rmtinsulation.com\/wp-content\/uploads\/2020\/09\/nitacar2-300x300.png 300w, https:\/\/rmtinsulation.com\/wp-content\/uploads\/2020\/09\/nitacar2-150x150.png 150w, https:\/\/rmtinsulation.com\/wp-content\/uploads\/2020\/09\/nitacar2-570x570.png 570w, https:\/\/rmtinsulation.com\/wp-content\/uploads\/2020\/09\/nitacar2-500x500.png 500w, https:\/\/rmtinsulation.com\/wp-content\/uploads\/2020\/09\/nitacar2-100x100.png 100w\" sizes=\"auto, (max-width: 300px) 100vw, 300px\" \/>            <\/span>\n        <\/a>\n\n\t\t\n    <\/div>\n        <a itemprop=\"url\" href=\"https:\/\/rmtinsulation.com\/ca\/producto\/nita-car-103-cat\/\" class=\"product-category product-info\">\n        <h6 itemprop=\"name\">NITA CAR\u00ae 103<\/h6>\n\n        \n        \n    <\/a>\n\n    \n<\/li><\/ul>\n<\/div>[\/vc_column][\/vc_row]<\/p>\n","protected":false},"excerpt":{"rendered":"<p>[vc_row row_type=&#8221;parallax&#8221; parallax_content_width=&#8221;full_width&#8221; text_align=&#8221;left&#8221; full_screen_section_height=&#8221;no&#8221; section_height=&#8221;400&#8243; css=&#8221;.vc_custom_1599901658636{margin-top: 20px !important;margin-bottom: 20px !important;padding-top: 50px !important;padding-right: 50px !important;padding-bottom: 50px !important;padding-left: 50px !important;}&#8221; background_image=&#8221;141&#8243;][vc_column&#8230;<\/p>\n","protected":false},"author":1,"featured_media":0,"parent":0,"menu_order":0,"comment_status":"closed","ping_status":"closed","template":"full_width.php","meta":{"footnotes":""},"class_list":["post-605","page","type-page","status-publish","hentry"],"_links":{"self":[{"href":"https:\/\/rmtinsulation.com\/ca\/wp-json\/wp\/v2\/pages\/605","targetHints":{"allow":["GET"]}}],"collection":[{"href":"https:\/\/rmtinsulation.com\/ca\/wp-json\/wp\/v2\/pages"}],"about":[{"href":"https:\/\/rmtinsulation.com\/ca\/wp-json\/wp\/v2\/types\/page"}],"author":[{"embeddable":true,"href":"https:\/\/rmtinsulation.com\/ca\/wp-json\/wp\/v2\/users\/1"}],"replies":[{"embeddable":true,"href":"https:\/\/rmtinsulation.com\/ca\/wp-json\/wp\/v2\/comments?post=605"}],"version-history":[{"count":9,"href":"https:\/\/rmtinsulation.com\/ca\/wp-json\/wp\/v2\/pages\/605\/revisions"}],"predecessor-version":[{"id":1094,"href":"https:\/\/rmtinsulation.com\/ca\/wp-json\/wp\/v2\/pages\/605\/revisions\/1094"}],"wp:attachment":[{"href":"https:\/\/rmtinsulation.com\/ca\/wp-json\/wp\/v2\/media?parent=605"}],"curies":[{"name":"wp","href":"https:\/\/api.w.org\/{rel}","templated":true}]}}