{"id":597,"date":"2020-09-30T08:36:53","date_gmt":"2020-09-30T08:36:53","guid":{"rendered":"https:\/\/rmt-nita.es\/?page_id=597"},"modified":"2020-10-01T11:02:04","modified_gmt":"2020-10-01T11:02:04","slug":"avis-legal","status":"publish","type":"page","link":"https:\/\/rmtinsulation.com\/ca\/avis-legal\/","title":{"rendered":"AV\u00cdS LEGAL"},"content":{"rendered":"<p>[vc_row css_animation=&#8221;&#8221; row_type=&#8221;row&#8221; use_row_as_full_screen_section=&#8221;no&#8221; type=&#8221;full_width&#8221; angled_section=&#8221;no&#8221; text_align=&#8221;left&#8221; background_image_as_pattern=&#8221;without_pattern&#8221; css=&#8221;.vc_custom_1600850975380{padding-top: 50px !important;padding-bottom: 50px !important;}&#8221; z_index=&#8221;&#8221;][vc_column][vc_column_text]<\/p>\n<p class=\"p1\"><span class=\"s1\"><b>AV\u00cdS LEGAL<\/b><\/span><\/p>\n<p class=\"p3\">El prop\u00f2sit d&#8217;aquest Av\u00eds Legal, \u00e9s informar els usuaris de<span class=\"s2\">www.rmtinsulation.com <\/span>domiciliada en, C\/ Narc\u00eds Monturiol, 20. Pol. Ind. Can Magre, 08187,Santa Eulalia de Ron\u00e7ana<span class=\"Apple-converted-space\">\u00a0 <\/span><br \/>\nla ra\u00f3 social del qual del Responsable del tractament \u00e9s RMT ISOLATION, S.L. , de quin \u00e9s la seva <b>pol\u00edtica de protecci\u00f3 de la privacitat i confidencialitat de les dades de car\u00e0cter personal<\/b> segons el Reglament General de Protecci\u00f3 de Dades (RGPD) que els seus usuaris faciliten de manera lliure i volunt\u00e0ria.<\/p>\n<p class=\"p3\">RMT ISOLATION, S.L.<span class=\"Apple-converted-space\">\u00a0 <\/span>posa en el seu coneixement que disposa de les seves dades de car\u00e0cter personal especificats en el corresponent registre d&#8217;activitats del tractament de l&#8217;empresa denominat Gesti\u00f3 d&#8217;Usuaris Web.<\/p>\n<p class=\"p3\">La base legal per al tractament de les seves dades \u00e9s el consentiment obtingut del propi titular del tractament en el moment d&#8217;emplenar el nostre formulari on-line i acceptar de manera expressa el mateix.<\/p>\n<p class=\"p3\">La finalitat de la creaci\u00f3, exist\u00e8ncia i manteniment \u00e9s el tractament de les dades amb els exclusius fins de de poder fer efectiva la sol\u00b7licitud d&#8217;informaci\u00f3 i\/o la seva sol\u00b7licitud de registre de compra.<\/p>\n<p class=\"p3\">Els destinataris de la informaci\u00f3 s\u00f3n tots els departaments, compartiments, locals i ens associats en els quals s&#8217;organitza RMT ISOLATION, S.L.<span class=\"Apple-converted-space\">  <\/span>i no seran cedits a cap tercer excepte en els casos que existeixi una obligaci\u00f3 legal.<\/p>\n<p class=\"p3\">En tot cas, vost\u00e8 t\u00e9 dret a obtenir confirmaci\u00f3 sobre si en RMT ISOLATION, S.L. estem tractant les seves dades personals per tant t\u00e9 dret a accedir a les seves dades personals, rectificar les dades inexactes o sol\u00b7licitar la seva supressi\u00f3 quan les dades ja no siguin necessaris.<\/p>\n<p class=\"p4\">Tots els camps del formulari on-line marcats amb un asterisc s\u00f3n d&#8217;obligat emplenament per a poder fer efectiva la seva sol\u00b7licitud d&#8217;informaci\u00f3 i\/ o registre de compra.<\/p>\n<p class=\"p5\">La Web <span class=\"s2\">www.rmtinsulation.com <\/span>adoptat les mesures d&#8217;\u00edndole t\u00e8cnica i organitzatives necess\u00e0ries, segons el nivell de seguretat de protecci\u00f3 de dades que li correspon legalment, per a garantir la seguretat del tractament de dades de car\u00e0cter personal que constitueixen el seu fitxer automatitzat. No obstant aix\u00f2, l&#8217;usuari ha de ser conscient que en l&#8217;actualitat les mesures de seguretat en Internet no s\u00f3n inexpugnables i per tant no s&#8217;est\u00e0 a resguard de possibles intromissions il\u00b7legals i indegudes, que no serien responsabilitat de RMT ISOLATION, S.L. , ja que ella ha actuat amb la dilig\u00e8ncia deguda per a protegir les dades conforme determina la llei.<\/p>\n<p class=\"p5\">La pol\u00edtica de cookies de la Web <span class=\"s2\">www.rmtinsulation.com <\/span>troba determinada en l&#8217;apartat corresponent.<\/p>\n<p class=\"p6\">La Web <span class=\"s2\">www.rmtinsulation.com <\/span> far\u00e0 tot el possible perqu\u00e8 les seves dades estiguin sempre actualitzats. No obstant aix\u00f2, la responsabilitat sobre la qualitat de les dades dep\u00e8n del titular d&#8217;ells, d&#8217;aqu\u00ed ve que si existeix alguna modificaci\u00f3 de les dades l&#8217;usuari de la web els comunicar\u00e0 al Responsable del Fitxer, declinant aquesta tota responsabilitat en cas que ometi la seva obligaci\u00f3 de notificar els canvis.<\/p>\n<p class=\"p6\">La prestaci\u00f3 del servei d&#8217;aquesta Web i les presents condicions d&#8217;\u00das del Lloc web es regeixen per la Llei Espanyola. Per a qualsevol discrep\u00e0ncia en l&#8217;execuci\u00f3, interpretaci\u00f3, compliment d&#8217;aquestes condicions, les parts se sotmeten als Jutjats i Tribunals competents.<\/p>\n<p>[\/vc_column_text][\/vc_column][\/vc_row]<\/p>\n","protected":false},"excerpt":{"rendered":"<p>[vc_row css_animation=&#8221;&#8221; row_type=&#8221;row&#8221; use_row_as_full_screen_section=&#8221;no&#8221; type=&#8221;full_width&#8221; angled_section=&#8221;no&#8221; text_align=&#8221;left&#8221; background_image_as_pattern=&#8221;without_pattern&#8221; css=&#8221;.vc_custom_1600850975380{padding-top: 50px !important;padding-bottom: 50px !important;}&#8221; z_index=&#8221;&#8221;][vc_column][vc_column_text] AV\u00cdS LEGAL El prop\u00f2sit d&#8217;aquest Av\u00eds&#8230;<\/p>\n","protected":false},"author":1,"featured_media":0,"parent":0,"menu_order":0,"comment_status":"closed","ping_status":"closed","template":"","meta":{"footnotes":""},"class_list":["post-597","page","type-page","status-publish","hentry"],"_links":{"self":[{"href":"https:\/\/rmtinsulation.com\/ca\/wp-json\/wp\/v2\/pages\/597","targetHints":{"allow":["GET"]}}],"collection":[{"href":"https:\/\/rmtinsulation.com\/ca\/wp-json\/wp\/v2\/pages"}],"about":[{"href":"https:\/\/rmtinsulation.com\/ca\/wp-json\/wp\/v2\/types\/page"}],"author":[{"embeddable":true,"href":"https:\/\/rmtinsulation.com\/ca\/wp-json\/wp\/v2\/users\/1"}],"replies":[{"embeddable":true,"href":"https:\/\/rmtinsulation.com\/ca\/wp-json\/wp\/v2\/comments?post=597"}],"version-history":[{"count":3,"href":"https:\/\/rmtinsulation.com\/ca\/wp-json\/wp\/v2\/pages\/597\/revisions"}],"predecessor-version":[{"id":727,"href":"https:\/\/rmtinsulation.com\/ca\/wp-json\/wp\/v2\/pages\/597\/revisions\/727"}],"wp:attachment":[{"href":"https:\/\/rmtinsulation.com\/ca\/wp-json\/wp\/v2\/media?parent=597"}],"curies":[{"name":"wp","href":"https:\/\/api.w.org\/{rel}","templated":true}]}}